{"id":515,"date":"2025-04-14T12:04:32","date_gmt":"2025-04-14T11:04:32","guid":{"rendered":"https:\/\/novacom-ac.de\/?page_id=515"},"modified":"2025-04-14T13:56:45","modified_gmt":"2025-04-14T12:56:45","slug":"novacom-2-0","status":"publish","type":"page","link":"https:\/\/novacom-ac.de\/nl\/novacom-2-0","title":{"rendered":"NOVACOM 2.0"},"content":{"rendered":"\n<h2 class=\"wp-block-heading\">Zukunftsf\u00e4hig, klimaneutral und nachhaltig<\/h2>\n\n\n\n<div class=\"wp-block-columns is-layout-flex wp-container-core-columns-is-layout-28f84493 wp-block-columns-is-layout-flex\">\n<div class=\"wp-block-column is-layout-flow wp-block-column-is-layout-flow\" style=\"flex-basis:33.33%\">\n<figure class=\"wp-block-image size-full\"><img loading=\"lazy\" decoding=\"async\" width=\"442\" height=\"782\" src=\"https:\/\/novacom-ac.de\/wp-content\/uploads\/2025\/04\/Logo-EFRE-Hochkant.png\" alt=\"\" class=\"wp-image-519\" srcset=\"https:\/\/novacom-ac.de\/wp-content\/uploads\/2025\/04\/Logo-EFRE-Hochkant.png 442w, https:\/\/novacom-ac.de\/wp-content\/uploads\/2025\/04\/Logo-EFRE-Hochkant-170x300.png 170w, https:\/\/novacom-ac.de\/wp-content\/uploads\/2025\/04\/Logo-EFRE-Hochkant-230x407.png 230w, https:\/\/novacom-ac.de\/wp-content\/uploads\/2025\/04\/Logo-EFRE-Hochkant-350x619.png 350w\" sizes=\"auto, (max-width: 442px) 100vw, 442px\" \/><\/figure>\n<\/div>\n\n\n\n<div class=\"wp-block-column is-layout-flow wp-block-column-is-layout-flow\" style=\"flex-basis:66.66%\">\n<p>Im Rahmen des Projektes NOVACOM 2.0 plant die NOVACOM Verst\u00e4rkte Kunststoffe GmbH eine grundlegende Transformation ihres Gesch\u00e4ftsmodells, um nachhaltige Produktionsmethoden und Marktstrategien f\u00fcr Faserverbundkunststoffe zu entwickeln und digitale Prozesse zu etablieren. Dadurch soll die Marktposition in den neuen gr\u00fcnen M\u00e4rkten des Rheinischen Reviers gest\u00e4rkt, Umweltauswirkungen minimiert und nachhaltige Arbeitspl\u00e4tze geschaffen werden. Eine Transformationsexpertin begleitet Strategieentwicklung, Digitalisierung und die Entwicklung eines Demonstrators im Bereich klimaschonende Mobilit\u00e4tsl\u00f6sungen f\u00fcr eine nachhaltige Zukunft. <\/p>\n\n\n\n<p>Das Projekt wird im Rahmen des Europ\u00e4ischen Fonds f\u00fcr regionale Entwicklung (EFRE) gef\u00f6rdert und tr\u00e4gt zur strukturellen Transformation des Rheinischen Reviers bei. Durch die Unterst\u00fctzung des EFRE-Programms werden Forschung und Entwicklung vorangetrieben, um zukunftsweisende Technologien in der Region zu etablieren.<\/p>\n<\/div>\n<\/div>\n","protected":false},"excerpt":{"rendered":"<p>Zukunftsf\u00e4hig, klimaneutral und nachhaltig Im Rahmen des Projektes NOVACOM 2.0 plant die NOVACOM Verst\u00e4rkte Kunststoffe GmbH eine grundlegende Transformation ihres Gesch\u00e4ftsmodells, um [&hellip;]<\/p>\n","protected":false},"author":2,"featured_media":0,"parent":0,"menu_order":0,"comment_status":"closed","ping_status":"closed","template":"","meta":{"_exactmetrics_skip_tracking":false,"_exactmetrics_sitenote_active":false,"_exactmetrics_sitenote_note":"","_exactmetrics_sitenote_category":0,"footnotes":""},"class_list":["post-515","page","type-page","status-publish","hentry"],"translation":{"provider":"WPGlobus","version":"3.0.0","language":"nl","enabled_languages":["de","gb","fr","nl"],"languages":{"de":{"title":true,"content":true,"excerpt":false},"gb":{"title":false,"content":true,"excerpt":false},"fr":{"title":false,"content":false,"excerpt":false},"nl":{"title":false,"content":false,"excerpt":false}}},"yoast_head":"<!-- This site is optimized with the Yoast SEO plugin v24.3 - https:\/\/yoast.com\/wordpress\/plugins\/seo\/ -->\n<title>NOVACOM 2.0 - Novacom<\/title>\n<meta name=\"robots\" content=\"index, follow, max-snippet:-1, max-image-preview:large, max-video-preview:-1\" \/>\n<link rel=\"canonical\" href=\"https:\/\/novacom-ac.de\/novacom-2-0\" \/>\n<meta property=\"og:locale\" content=\"nl_NL\" \/>\n<meta property=\"og:type\" content=\"article\" \/>\n<meta property=\"og:title\" content=\"NOVACOM 2.0 - Novacom\" \/>\n<meta property=\"og:url\" content=\"https:\/\/novacom-ac.de\/novacom-2-0\" \/>\n<meta property=\"og:site_name\" content=\"Novacom\" \/>\n<meta property=\"article:modified_time\" content=\"2025-04-14T12:56:45+00:00\" \/>\n<meta property=\"og:image\" content=\"https:\/\/novacom-ac.de\/wp-content\/uploads\/2025\/04\/Logo-EFRE-Hochkant.png\" \/>\n\t<meta property=\"og:image:width\" content=\"442\" \/>\n\t<meta property=\"og:image:height\" content=\"782\" \/>\n\t<meta property=\"og:image:type\" content=\"image\/png\" \/>\n<meta name=\"twitter:card\" content=\"summary_large_image\" \/>\n<meta name=\"twitter:label1\" content=\"Est. reading time\" \/>\n\t<meta name=\"twitter:data1\" content=\"1 minute\" \/>\n<script type=\"application\/ld+json\" class=\"yoast-schema-graph\">{\"@context\":\"https:\/\/schema.org\",\"@graph\":[{\"@type\":\"WebPage\",\"@id\":\"https:\/\/novacom-ac.de\/novacom-2-0\",\"url\":\"https:\/\/novacom-ac.de\/novacom-2-0\",\"name\":\"NOVACOM 2.0 - Novacom\",\"isPartOf\":{\"@id\":\"https:\/\/novacom-ac.de\/#website\"},\"primaryImageOfPage\":{\"@id\":\"https:\/\/novacom-ac.de\/novacom-2-0#primaryimage\"},\"image\":{\"@id\":\"https:\/\/novacom-ac.de\/novacom-2-0#primaryimage\"},\"thumbnailUrl\":\"https:\/\/novacom-ac.de\/wp-content\/uploads\/2025\/04\/Logo-EFRE-Hochkant.png\",\"datePublished\":\"2025-04-14T11:04:32+00:00\",\"dateModified\":\"2025-04-14T12:56:45+00:00\",\"description\":\"NOVACOM 2.0 \u2013 Transformation zu nachhaltigen Faserverbundl\u00f6sungen: Digitalisierung, Materialinnovation & Green Economy im Rheinischen Revier\",\"breadcrumb\":{\"@id\":\"https:\/\/novacom-ac.de\/novacom-2-0#breadcrumb\"},\"inLanguage\":\"nl-NL\",\"potentialAction\":[{\"@type\":\"ReadAction\",\"target\":[\"https:\/\/novacom-ac.de\/novacom-2-0\"]}]},{\"@type\":\"ImageObject\",\"inLanguage\":\"nl-NL\",\"@id\":\"https:\/\/novacom-ac.de\/novacom-2-0#primaryimage\",\"url\":\"https:\/\/novacom-ac.de\/wp-content\/uploads\/2025\/04\/Logo-EFRE-Hochkant.png\",\"contentUrl\":\"https:\/\/novacom-ac.de\/wp-content\/uploads\/2025\/04\/Logo-EFRE-Hochkant.png\"},{\"@type\":\"BreadcrumbList\",\"@id\":\"https:\/\/novacom-ac.de\/novacom-2-0#breadcrumb\",\"itemListElement\":[{\"@type\":\"ListItem\",\"position\":1,\"name\":\"Startseite\",\"item\":\"https:\/\/novacom-ac.de\/\"},{\"@type\":\"ListItem\",\"position\":2,\"name\":\"NOVACOM 2.0\"}]},{\"@type\":\"WebSite\",\"@id\":\"https:\/\/novacom-ac.de\/#website\",\"url\":\"https:\/\/novacom-ac.de\/\",\"name\":\"Novacom\",\"description\":\"Faserverst\u00e4rkte Kunststoffe\",\"potentialAction\":[{\"@type\":\"SearchAction\",\"target\":{\"@type\":\"EntryPoint\",\"urlTemplate\":\"https:\/\/novacom-ac.de\/?s={search_term_string}\"},\"query-input\":{\"@type\":\"PropertyValueSpecification\",\"valueRequired\":true,\"valueName\":\"search_term_string\"}}],\"inLanguage\":\"nl-NL\"}]}<\/script>\n<!-- \/ Yoast SEO plugin. -->","yoast_head_json":{"title":"NOVACOM 2.0 - Novacom","robots":{"index":"index","follow":"follow","max-snippet":"max-snippet:-1","max-image-preview":"max-image-preview:large","max-video-preview":"max-video-preview:-1"},"canonical":"https:\/\/novacom-ac.de\/novacom-2-0","og_locale":"nl_NL","og_type":"article","og_title":"NOVACOM 2.0 - Novacom","og_url":"https:\/\/novacom-ac.de\/novacom-2-0","og_site_name":"Novacom","article_modified_time":"2025-04-14T12:56:45+00:00","og_image":[{"width":442,"height":782,"url":"https:\/\/novacom-ac.de\/wp-content\/uploads\/2025\/04\/Logo-EFRE-Hochkant.png","type":"image\/png"}],"twitter_card":"summary_large_image","twitter_misc":{"Est. reading time":"1 minute"},"schema":{"@context":"https:\/\/schema.org","@graph":[{"@type":"WebPage","@id":"https:\/\/novacom-ac.de\/novacom-2-0","url":"https:\/\/novacom-ac.de\/novacom-2-0","name":"NOVACOM 2.0 - Novacom","isPartOf":{"@id":"https:\/\/novacom-ac.de\/#website"},"primaryImageOfPage":{"@id":"https:\/\/novacom-ac.de\/novacom-2-0#primaryimage"},"image":{"@id":"https:\/\/novacom-ac.de\/novacom-2-0#primaryimage"},"thumbnailUrl":"https:\/\/novacom-ac.de\/wp-content\/uploads\/2025\/04\/Logo-EFRE-Hochkant.png","datePublished":"2025-04-14T11:04:32+00:00","dateModified":"2025-04-14T12:56:45+00:00","description":"NOVACOM 2.0 \u2013 Transformation zu nachhaltigen Faserverbundl\u00f6sungen: Digitalisierung, Materialinnovation & Green Economy im Rheinischen Revier","breadcrumb":{"@id":"https:\/\/novacom-ac.de\/novacom-2-0#breadcrumb"},"inLanguage":"nl-NL","potentialAction":[{"@type":"ReadAction","target":["https:\/\/novacom-ac.de\/novacom-2-0"]}]},{"@type":"ImageObject","inLanguage":"nl-NL","@id":"https:\/\/novacom-ac.de\/novacom-2-0#primaryimage","url":"https:\/\/novacom-ac.de\/wp-content\/uploads\/2025\/04\/Logo-EFRE-Hochkant.png","contentUrl":"https:\/\/novacom-ac.de\/wp-content\/uploads\/2025\/04\/Logo-EFRE-Hochkant.png"},{"@type":"BreadcrumbList","@id":"https:\/\/novacom-ac.de\/novacom-2-0#breadcrumb","itemListElement":[{"@type":"ListItem","position":1,"name":"Startseite","item":"https:\/\/novacom-ac.de\/"},{"@type":"ListItem","position":2,"name":"NOVACOM 2.0"}]},{"@type":"WebSite","@id":"https:\/\/novacom-ac.de\/#website","url":"https:\/\/novacom-ac.de\/","name":"Novacom","description":"Faserverst\u00e4rkte Kunststoffe","potentialAction":[{"@type":"SearchAction","target":{"@type":"EntryPoint","urlTemplate":"https:\/\/novacom-ac.de\/?s={search_term_string}"},"query-input":{"@type":"PropertyValueSpecification","valueRequired":true,"valueName":"search_term_string"}}],"inLanguage":"nl-NL"}]}},"_links":{"self":[{"href":"https:\/\/novacom-ac.de\/nl\/wp-json\/wp\/v2\/pages\/515","targetHints":{"allow":["GET"]}}],"collection":[{"href":"https:\/\/novacom-ac.de\/nl\/wp-json\/wp\/v2\/pages"}],"about":[{"href":"https:\/\/novacom-ac.de\/nl\/wp-json\/wp\/v2\/types\/page"}],"author":[{"embeddable":true,"href":"https:\/\/novacom-ac.de\/nl\/wp-json\/wp\/v2\/users\/2"}],"replies":[{"embeddable":true,"href":"https:\/\/novacom-ac.de\/nl\/wp-json\/wp\/v2\/comments?post=515"}],"version-history":[{"count":15,"href":"https:\/\/novacom-ac.de\/nl\/wp-json\/wp\/v2\/pages\/515\/revisions"}],"predecessor-version":[{"id":542,"href":"https:\/\/novacom-ac.de\/nl\/wp-json\/wp\/v2\/pages\/515\/revisions\/542"}],"wp:attachment":[{"href":"https:\/\/novacom-ac.de\/nl\/wp-json\/wp\/v2\/media?parent=515"}],"curies":[{"name":"wp","href":"https:\/\/api.w.org\/{rel}","templated":true}]}}