{"id":476,"date":"2019-10-17T11:40:29","date_gmt":"2019-10-17T10:40:29","guid":{"rendered":"https:\/\/novacom-ac.de\/?page_id=476"},"modified":"2019-10-17T11:45:12","modified_gmt":"2019-10-17T10:45:12","slug":"c%c2%b3-cold-cure-composites","status":"publish","type":"page","link":"https:\/\/novacom-ac.de\/nl\/c%c2%b3-cold-cure-composites","title":{"rendered":"C\u00b3 \u2013 Cold Cure Composites"},"content":{"rendered":"\n<p><div style=\"text-align: left;\" data-canvas-width=\"422.6493333333334\">Gemeinsam mit weiteren Projektpartner nimmt NOVACOM am Projekt C\u00b3- Cold Cure Composites<\/div>\n<div style=\"text-align: left;\" data-canvas-width=\"554.0186666666665\">teil. Das Vorhaben wird aus Mitteln des Europ\u00e4ischen Fonds f\u00fcr regionale Entwicklung (EFRE)<\/div>\n<div style=\"text-align: left;\" data-canvas-width=\"59.356\">gef\u00f6rdert.<\/div><\/p>\n<p><div style=\"text-align: left;\" data-canvas-width=\"545.0719999999999\">Ziel des Projekts ist die Entwicklung eines UV-aush\u00e4rtenden, duroplastischen Kunststoffs als<\/div>\n<div style=\"text-align: left;\" data-canvas-width=\"597.608\">Alternative zu aktuellen, hei\u00dfh\u00e4rtenden Harzsystemen. Damit entfallen energieaufw\u00e4ndige Autoklav-<\/div>\n<div style=\"text-align: left;\" data-canvas-width=\"598.4293333333335\">Prozesse und die Fertigung kann auch au\u00dferhalb gewohnter Produktionsumgebungen stattfinden. Es<\/div>\n<div style=\"text-align: left;\" data-canvas-width=\"585.4786666666664\">soll an einem Demonstrator nachgewiesen werden, dass eine Serienfertigung von Halbzeugen und<\/div>\n<div style=\"text-align: left;\" data-canvas-width=\"225.70533333333339\">deren Weiterverarbeitung m\u00f6glich ist.<\/div><\/p>\n<p><div style=\"text-align: left;\" data-canvas-width=\"593.3106666666664\"><strong>NOVACOM<\/strong> beteiligt sich unter anderem an der Erstellung des Benchmarks aktueller duroplastischer<\/div>\n<div style=\"text-align: left;\" data-canvas-width=\"551.0559999999998\">Harzsysteme, der Charakterisierung der wichtigsten physikalischen Eigenschaften (Festigkeit,<\/div>\n<div style=\"text-align: left;\" data-canvas-width=\"570.6506666666663\">Steifigkeit, Viskosit\u00e4t etc.), der Fertigung von Probenk\u00f6rpern und verschiedenen Musterbauteile<\/div>\n<div style=\"text-align: left;\" data-canvas-width=\"556.2479999999995\">sowie verschiedenen Materialtests zur Bestimmung der Materialkennwerte im Faserverbund.<\/div>\n<div data-canvas-width=\"556.2479999999995\">\u00a0<\/div><\/p>\n<p><div><img loading=\"lazy\" decoding=\"async\" class=\"alignnone wp-image-477\" src=\"https:\/\/novacom-ac.de\/wp-content\/uploads\/2019\/10\/nrw-mweimh-logo.jpg\" alt=\"\" width=\"386\" height=\"70\" srcset=\"https:\/\/novacom-ac.de\/wp-content\/uploads\/2019\/10\/nrw-mweimh-logo.jpg 640w, https:\/\/novacom-ac.de\/wp-content\/uploads\/2019\/10\/nrw-mweimh-logo-300x54.jpg 300w, https:\/\/novacom-ac.de\/wp-content\/uploads\/2019\/10\/nrw-mweimh-logo-230x42.jpg 230w, https:\/\/novacom-ac.de\/wp-content\/uploads\/2019\/10\/nrw-mweimh-logo-350x63.jpg 350w, https:\/\/novacom-ac.de\/wp-content\/uploads\/2019\/10\/nrw-mweimh-logo-480x87.jpg 480w\" sizes=\"auto, (max-width: 386px) 100vw, 386px\" \/>\u00a0 <img loading=\"lazy\" decoding=\"async\" class=\"alignnone wp-image-479\" src=\"https:\/\/novacom-ac.de\/wp-content\/uploads\/2019\/10\/EFRE_Foerderhinweis_deutsch_farbig.jpg\" alt=\"\" width=\"305\" height=\"70\" srcset=\"https:\/\/novacom-ac.de\/wp-content\/uploads\/2019\/10\/EFRE_Foerderhinweis_deutsch_farbig.jpg 640w, https:\/\/novacom-ac.de\/wp-content\/uploads\/2019\/10\/EFRE_Foerderhinweis_deutsch_farbig-300x69.jpg 300w, https:\/\/novacom-ac.de\/wp-content\/uploads\/2019\/10\/EFRE_Foerderhinweis_deutsch_farbig-230x53.jpg 230w, https:\/\/novacom-ac.de\/wp-content\/uploads\/2019\/10\/EFRE_Foerderhinweis_deutsch_farbig-350x80.jpg 350w, https:\/\/novacom-ac.de\/wp-content\/uploads\/2019\/10\/EFRE_Foerderhinweis_deutsch_farbig-480x110.jpg 480w\" sizes=\"auto, (max-width: 305px) 100vw, 305px\" \/> \u00a0\u00a0 <img loading=\"lazy\" decoding=\"async\" class=\"alignnone wp-image-478\" src=\"https:\/\/novacom-ac.de\/wp-content\/uploads\/2019\/10\/Ziel2NRW_RGB_1809_jpg.jpg\" alt=\"\" width=\"427\" height=\"70\" srcset=\"https:\/\/novacom-ac.de\/wp-content\/uploads\/2019\/10\/Ziel2NRW_RGB_1809_jpg.jpg 640w, https:\/\/novacom-ac.de\/wp-content\/uploads\/2019\/10\/Ziel2NRW_RGB_1809_jpg-300x49.jpg 300w, https:\/\/novacom-ac.de\/wp-content\/uploads\/2019\/10\/Ziel2NRW_RGB_1809_jpg-230x38.jpg 230w, https:\/\/novacom-ac.de\/wp-content\/uploads\/2019\/10\/Ziel2NRW_RGB_1809_jpg-350x57.jpg 350w, https:\/\/novacom-ac.de\/wp-content\/uploads\/2019\/10\/Ziel2NRW_RGB_1809_jpg-480x79.jpg 480w\" sizes=\"auto, (max-width: 427px) 100vw, 427px\" \/><\/div><\/p>\n","protected":false},"excerpt":{"rendered":"<p>Gemeinsam mit weiteren Projektpartner nimmt NOVACOM am Projekt C\u00b3- Cold Cure Composites teil. Das Vorhaben wird aus Mitteln des Europ\u00e4ischen Fonds f\u00fcr [&hellip;]<\/p>\n","protected":false},"author":1,"featured_media":0,"parent":0,"menu_order":0,"comment_status":"closed","ping_status":"closed","template":"page-templates\/page_fullwidth.php","meta":{"_exactmetrics_skip_tracking":false,"_exactmetrics_sitenote_active":false,"_exactmetrics_sitenote_note":"","_exactmetrics_sitenote_category":0,"footnotes":""},"class_list":["post-476","page","type-page","status-publish","hentry"],"translation":{"provider":"WPGlobus","version":"3.0.0","language":"nl","enabled_languages":["de","gb","fr","nl"],"languages":{"de":{"title":true,"content":true,"excerpt":false},"gb":{"title":true,"content":false,"excerpt":false},"fr":{"title":true,"content":false,"excerpt":false},"nl":{"title":true,"content":false,"excerpt":false}}},"yoast_head":"<!-- This site is optimized with the Yoast SEO plugin v24.3 - https:\/\/yoast.com\/wordpress\/plugins\/seo\/ -->\n<title>C\u00b3 \u2013 Cold Cure Composites - Novacom<\/title>\n<meta name=\"robots\" content=\"index, follow, max-snippet:-1, max-image-preview:large, max-video-preview:-1\" \/>\n<link rel=\"canonical\" href=\"https:\/\/novacom-ac.de\/c\u00b3-cold-cure-composites\" \/>\n<meta property=\"og:locale\" content=\"nl_NL\" \/>\n<meta property=\"og:type\" content=\"article\" \/>\n<meta property=\"og:title\" content=\"C\u00b3 \u2013 Cold Cure Composites - Novacom\" \/>\n<meta property=\"og:url\" content=\"https:\/\/novacom-ac.de\/c\u00b3-cold-cure-composites\" \/>\n<meta property=\"og:site_name\" content=\"Novacom\" \/>\n<meta property=\"article:modified_time\" content=\"2019-10-17T10:45:12+00:00\" \/>\n<meta property=\"og:image\" content=\"https:\/\/novacom-ac.de\/wp-content\/uploads\/2019\/10\/nrw-mweimh-logo.jpg\" \/>\n<meta name=\"twitter:card\" content=\"summary_large_image\" \/>\n<meta name=\"twitter:label1\" content=\"Est. reading time\" \/>\n\t<meta name=\"twitter:data1\" content=\"1 minute\" \/>\n<script type=\"application\/ld+json\" class=\"yoast-schema-graph\">{\"@context\":\"https:\/\/schema.org\",\"@graph\":[{\"@type\":\"WebPage\",\"@id\":\"https:\/\/novacom-ac.de\/c%c2%b3-cold-cure-composites\",\"url\":\"https:\/\/novacom-ac.de\/c%c2%b3-cold-cure-composites\",\"name\":\"C\u00b3 \u2013 Cold Cure Composites - Novacom\",\"isPartOf\":{\"@id\":\"https:\/\/novacom-ac.de\/#website\"},\"primaryImageOfPage\":{\"@id\":\"https:\/\/novacom-ac.de\/c%c2%b3-cold-cure-composites#primaryimage\"},\"image\":{\"@id\":\"https:\/\/novacom-ac.de\/c%c2%b3-cold-cure-composites#primaryimage\"},\"thumbnailUrl\":\"https:\/\/novacom-ac.de\/wp-content\/uploads\/2019\/10\/nrw-mweimh-logo.jpg\",\"datePublished\":\"2019-10-17T10:40:29+00:00\",\"dateModified\":\"2019-10-17T10:45:12+00:00\",\"breadcrumb\":{\"@id\":\"https:\/\/novacom-ac.de\/c%c2%b3-cold-cure-composites#breadcrumb\"},\"inLanguage\":\"nl-NL\",\"potentialAction\":[{\"@type\":\"ReadAction\",\"target\":[\"https:\/\/novacom-ac.de\/c%c2%b3-cold-cure-composites\"]}]},{\"@type\":\"ImageObject\",\"inLanguage\":\"nl-NL\",\"@id\":\"https:\/\/novacom-ac.de\/c%c2%b3-cold-cure-composites#primaryimage\",\"url\":\"https:\/\/novacom-ac.de\/wp-content\/uploads\/2019\/10\/nrw-mweimh-logo.jpg\",\"contentUrl\":\"https:\/\/novacom-ac.de\/wp-content\/uploads\/2019\/10\/nrw-mweimh-logo.jpg\"},{\"@type\":\"BreadcrumbList\",\"@id\":\"https:\/\/novacom-ac.de\/c%c2%b3-cold-cure-composites#breadcrumb\",\"itemListElement\":[{\"@type\":\"ListItem\",\"position\":1,\"name\":\"Startseite\",\"item\":\"https:\/\/novacom-ac.de\/\"},{\"@type\":\"ListItem\",\"position\":2,\"name\":\"C\u00b3 \u2013 Cold Cure Composites\"}]},{\"@type\":\"WebSite\",\"@id\":\"https:\/\/novacom-ac.de\/#website\",\"url\":\"https:\/\/novacom-ac.de\/\",\"name\":\"Novacom\",\"description\":\"Faserverst\u00e4rkte Kunststoffe\",\"potentialAction\":[{\"@type\":\"SearchAction\",\"target\":{\"@type\":\"EntryPoint\",\"urlTemplate\":\"https:\/\/novacom-ac.de\/?s={search_term_string}\"},\"query-input\":{\"@type\":\"PropertyValueSpecification\",\"valueRequired\":true,\"valueName\":\"search_term_string\"}}],\"inLanguage\":\"nl-NL\"}]}<\/script>\n<!-- \/ Yoast SEO plugin. -->","yoast_head_json":{"title":"C\u00b3 \u2013 Cold Cure Composites - Novacom","robots":{"index":"index","follow":"follow","max-snippet":"max-snippet:-1","max-image-preview":"max-image-preview:large","max-video-preview":"max-video-preview:-1"},"canonical":"https:\/\/novacom-ac.de\/c\u00b3-cold-cure-composites","og_locale":"nl_NL","og_type":"article","og_title":"C\u00b3 \u2013 Cold Cure Composites - Novacom","og_url":"https:\/\/novacom-ac.de\/c\u00b3-cold-cure-composites","og_site_name":"Novacom","article_modified_time":"2019-10-17T10:45:12+00:00","og_image":[{"url":"https:\/\/novacom-ac.de\/wp-content\/uploads\/2019\/10\/nrw-mweimh-logo.jpg","type":"","width":"","height":""}],"twitter_card":"summary_large_image","twitter_misc":{"Est. reading time":"1 minute"},"schema":{"@context":"https:\/\/schema.org","@graph":[{"@type":"WebPage","@id":"https:\/\/novacom-ac.de\/c%c2%b3-cold-cure-composites","url":"https:\/\/novacom-ac.de\/c%c2%b3-cold-cure-composites","name":"C\u00b3 \u2013 Cold Cure Composites - Novacom","isPartOf":{"@id":"https:\/\/novacom-ac.de\/#website"},"primaryImageOfPage":{"@id":"https:\/\/novacom-ac.de\/c%c2%b3-cold-cure-composites#primaryimage"},"image":{"@id":"https:\/\/novacom-ac.de\/c%c2%b3-cold-cure-composites#primaryimage"},"thumbnailUrl":"https:\/\/novacom-ac.de\/wp-content\/uploads\/2019\/10\/nrw-mweimh-logo.jpg","datePublished":"2019-10-17T10:40:29+00:00","dateModified":"2019-10-17T10:45:12+00:00","breadcrumb":{"@id":"https:\/\/novacom-ac.de\/c%c2%b3-cold-cure-composites#breadcrumb"},"inLanguage":"nl-NL","potentialAction":[{"@type":"ReadAction","target":["https:\/\/novacom-ac.de\/c%c2%b3-cold-cure-composites"]}]},{"@type":"ImageObject","inLanguage":"nl-NL","@id":"https:\/\/novacom-ac.de\/c%c2%b3-cold-cure-composites#primaryimage","url":"https:\/\/novacom-ac.de\/wp-content\/uploads\/2019\/10\/nrw-mweimh-logo.jpg","contentUrl":"https:\/\/novacom-ac.de\/wp-content\/uploads\/2019\/10\/nrw-mweimh-logo.jpg"},{"@type":"BreadcrumbList","@id":"https:\/\/novacom-ac.de\/c%c2%b3-cold-cure-composites#breadcrumb","itemListElement":[{"@type":"ListItem","position":1,"name":"Startseite","item":"https:\/\/novacom-ac.de\/"},{"@type":"ListItem","position":2,"name":"C\u00b3 \u2013 Cold Cure Composites"}]},{"@type":"WebSite","@id":"https:\/\/novacom-ac.de\/#website","url":"https:\/\/novacom-ac.de\/","name":"Novacom","description":"Faserverst\u00e4rkte Kunststoffe","potentialAction":[{"@type":"SearchAction","target":{"@type":"EntryPoint","urlTemplate":"https:\/\/novacom-ac.de\/?s={search_term_string}"},"query-input":{"@type":"PropertyValueSpecification","valueRequired":true,"valueName":"search_term_string"}}],"inLanguage":"nl-NL"}]}},"_links":{"self":[{"href":"https:\/\/novacom-ac.de\/nl\/wp-json\/wp\/v2\/pages\/476","targetHints":{"allow":["GET"]}}],"collection":[{"href":"https:\/\/novacom-ac.de\/nl\/wp-json\/wp\/v2\/pages"}],"about":[{"href":"https:\/\/novacom-ac.de\/nl\/wp-json\/wp\/v2\/types\/page"}],"author":[{"embeddable":true,"href":"https:\/\/novacom-ac.de\/nl\/wp-json\/wp\/v2\/users\/1"}],"replies":[{"embeddable":true,"href":"https:\/\/novacom-ac.de\/nl\/wp-json\/wp\/v2\/comments?post=476"}],"version-history":[{"count":14,"href":"https:\/\/novacom-ac.de\/nl\/wp-json\/wp\/v2\/pages\/476\/revisions"}],"predecessor-version":[{"id":514,"href":"https:\/\/novacom-ac.de\/nl\/wp-json\/wp\/v2\/pages\/476\/revisions\/514"}],"wp:attachment":[{"href":"https:\/\/novacom-ac.de\/nl\/wp-json\/wp\/v2\/media?parent=476"}],"curies":[{"name":"wp","href":"https:\/\/api.w.org\/{rel}","templated":true}]}}