{"id":41,"date":"2018-03-08T14:38:50","date_gmt":"2018-03-08T14:38:50","guid":{"rendered":"http:\/\/531-style.com\/?page_id=41"},"modified":"2018-04-20T10:49:34","modified_gmt":"2018-04-20T09:49:34","slug":"kernwerkstoffe","status":"publish","type":"page","link":"https:\/\/novacom-ac.de\/nl\/kernwerkstoffe","title":{"rendered":"Ondersteunende Stoffen"},"content":{"rendered":"<blockquote><p><img loading=\"lazy\" decoding=\"async\" class=\"size-medium wp-image-42 alignleft\" src=\"http:\/\/novacom-ac.de\/wp-content\/uploads\/2018\/03\/wabe2-02939q-300x300.jpg\" alt=\"\" width=\"250\" height=\"250\" srcset=\"https:\/\/novacom-ac.de\/wp-content\/uploads\/2018\/03\/wabe2-02939q-300x300.jpg 300w, https:\/\/novacom-ac.de\/wp-content\/uploads\/2018\/03\/wabe2-02939q-150x150.jpg 150w, https:\/\/novacom-ac.de\/wp-content\/uploads\/2018\/03\/wabe2-02939q-768x768.jpg 768w, https:\/\/novacom-ac.de\/wp-content\/uploads\/2018\/03\/wabe2-02939q-1024x1024.jpg 1024w, https:\/\/novacom-ac.de\/wp-content\/uploads\/2018\/03\/wabe2-02939q-830x830.jpg 830w, https:\/\/novacom-ac.de\/wp-content\/uploads\/2018\/03\/wabe2-02939q-230x230.jpg 230w, https:\/\/novacom-ac.de\/wp-content\/uploads\/2018\/03\/wabe2-02939q-350x350.jpg 350w, https:\/\/novacom-ac.de\/wp-content\/uploads\/2018\/03\/wabe2-02939q-480x480.jpg 480w, https:\/\/novacom-ac.de\/wp-content\/uploads\/2018\/03\/wabe2-02939q.jpg 2000w\" sizes=\"auto, (max-width: 250px) 100vw, 250px\" \/><br \/>\nBij de vervaardiging van sandwichonderdelen worden, afhankelijk van de eisen, verschillende steunmaterialen gebruikt. Om een zo hoog mogelijke effici\u00ebntie te bereiken, moeten deze in \u00e9\u00e9n procesgang kunnen worden verwerkt.<\/p>\n<p>Schuim met gesloten celstructuur, gemaakt van PET, PMI of PVC, wordt meestal gebruikt. Deze kunnen bijzonder goed worden gebruikt in gesloten RTM- en vacu\u00fcminfusieprocessen en maken structurele componenten met een extreem laag eigengewicht mogelijk. Schuim kan gebruikt worden als plaat- of folieblanco&#8217;s of als gefreesde kernen. Door het gebruik van schuim kunnen bijzonder schadebestendige constructies worden geproduceerd die desgewenst ook aan hoge brandveiligheidseisen voldoen. Bovendien kan schuim worden voorzien van versterkingsvezels die loodrecht op het oppervlak worden ingebracht, zodat een driedimensionale composietstructuur wordt gecre\u00eberd door de vezels te impregneren.<\/p>\n<p>Om oppervlakken of relatief dunne sandwichconstructies te verbeteren, gebruiken we volumized nonwovens, die vooral gekenmerkt worden door een lage stromingsweerstand in de bovenstaande processen. De tussenlaag absorbeert hars en kan daarom als stromingsmedium worden gebruikt. Lagere materiaalprijzen en eenvoudige verwerkbaarheid leiden tot een hoge kosteneffectiviteit, vooral bij grotere hoeveelheden.<\/p>\n<p>Natuurlijke materialen zoals kurk en balsahout kunnen ook worden gebruikt als steunmateriaal in sandwichconstructies. Van bijzonder belang hierbij zijn de hoge dempingswaarden, waardoor het trillingsgedrag van componenten specifiek kan worden be\u00efnvloed en verbeterd. Balsa-houtkernen kunnen bijvoorbeeld worden gebruikt om bijzonder stijve structuren te produceren.<\/p>\n<p>Honingraatkernen van composiet of aluminium worden gebruikt voor extreem lichte structuren. Bij een meerfasig proces moeten de bovenste lagen van de sandwich eerst apart worden geproduceerd en vervolgens in een volgende bewerking op het kernmateriaal worden gelijmd.<\/p><\/blockquote>\n","protected":false},"excerpt":{"rendered":"<p>Bij de vervaardiging van sandwichonderdelen worden, afhankelijk van de eisen, verschillende steunmaterialen gebruikt. Om een zo hoog mogelijke effici\u00ebntie te bereiken, moeten [&hellip;]<\/p>\n","protected":false},"author":1,"featured_media":0,"parent":0,"menu_order":0,"comment_status":"closed","ping_status":"closed","template":"page-templates\/page_fullwidth.php","meta":{"_exactmetrics_skip_tracking":false,"_exactmetrics_sitenote_active":false,"_exactmetrics_sitenote_note":"","_exactmetrics_sitenote_category":0,"footnotes":""},"class_list":["post-41","page","type-page","status-publish","hentry"],"translation":{"provider":"WPGlobus","version":"3.0.0","language":"nl","enabled_languages":["de","gb","fr","nl"],"languages":{"de":{"title":true,"content":true,"excerpt":false},"gb":{"title":true,"content":true,"excerpt":false},"fr":{"title":false,"content":true,"excerpt":false},"nl":{"title":true,"content":true,"excerpt":false}}},"yoast_head":"<!-- This site is optimized with the Yoast SEO plugin v24.3 - https:\/\/yoast.com\/wordpress\/plugins\/seo\/ -->\n<title>Ondersteunende Stoffen - Novacom<\/title>\n<meta name=\"robots\" content=\"index, follow, max-snippet:-1, max-image-preview:large, max-video-preview:-1\" \/>\n<link rel=\"canonical\" href=\"https:\/\/novacom-ac.de\/kernwerkstoffe\" \/>\n<meta property=\"og:locale\" content=\"nl_NL\" \/>\n<meta property=\"og:type\" content=\"article\" \/>\n<meta property=\"og:title\" content=\"Ondersteunende Stoffen - Novacom\" \/>\n<meta property=\"og:url\" content=\"https:\/\/novacom-ac.de\/kernwerkstoffe\" \/>\n<meta property=\"og:site_name\" content=\"Novacom\" \/>\n<meta property=\"article:modified_time\" content=\"2018-04-20T09:49:34+00:00\" \/>\n<meta property=\"og:image\" content=\"http:\/\/novacom-ac.de\/wp-content\/uploads\/2018\/03\/wabe2-02939q-300x300.jpg\" \/>\n<meta name=\"twitter:card\" content=\"summary_large_image\" \/>\n<meta name=\"twitter:label1\" content=\"Est. reading time\" \/>\n\t<meta name=\"twitter:data1\" content=\"6 minutes\" \/>\n<script type=\"application\/ld+json\" class=\"yoast-schema-graph\">{\"@context\":\"https:\/\/schema.org\",\"@graph\":[{\"@type\":\"WebPage\",\"@id\":\"https:\/\/novacom-ac.de\/kernwerkstoffe\",\"url\":\"https:\/\/novacom-ac.de\/kernwerkstoffe\",\"name\":\"Ondersteunende Stoffen - Novacom\",\"isPartOf\":{\"@id\":\"https:\/\/novacom-ac.de\/#website\"},\"primaryImageOfPage\":{\"@id\":\"https:\/\/novacom-ac.de\/kernwerkstoffe#primaryimage\"},\"image\":{\"@id\":\"https:\/\/novacom-ac.de\/kernwerkstoffe#primaryimage\"},\"thumbnailUrl\":\"http:\/\/novacom-ac.de\/wp-content\/uploads\/2018\/03\/wabe2-02939q-300x300.jpg\",\"datePublished\":\"2018-03-08T14:38:50+00:00\",\"dateModified\":\"2018-04-20T09:49:34+00:00\",\"breadcrumb\":{\"@id\":\"https:\/\/novacom-ac.de\/kernwerkstoffe#breadcrumb\"},\"inLanguage\":\"nl-NL\",\"potentialAction\":[{\"@type\":\"ReadAction\",\"target\":[\"https:\/\/novacom-ac.de\/kernwerkstoffe\"]}]},{\"@type\":\"ImageObject\",\"inLanguage\":\"nl-NL\",\"@id\":\"https:\/\/novacom-ac.de\/kernwerkstoffe#primaryimage\",\"url\":\"http:\/\/novacom-ac.de\/wp-content\/uploads\/2018\/03\/wabe2-02939q-300x300.jpg\",\"contentUrl\":\"http:\/\/novacom-ac.de\/wp-content\/uploads\/2018\/03\/wabe2-02939q-300x300.jpg\"},{\"@type\":\"BreadcrumbList\",\"@id\":\"https:\/\/novacom-ac.de\/kernwerkstoffe#breadcrumb\",\"itemListElement\":[{\"@type\":\"ListItem\",\"position\":1,\"name\":\"Startseite\",\"item\":\"https:\/\/novacom-ac.de\/\"},{\"@type\":\"ListItem\",\"position\":2,\"name\":\"St\u00fctzstoffe\"}]},{\"@type\":\"WebSite\",\"@id\":\"https:\/\/novacom-ac.de\/#website\",\"url\":\"https:\/\/novacom-ac.de\/\",\"name\":\"Novacom\",\"description\":\"Faserverst\u00e4rkte Kunststoffe\",\"potentialAction\":[{\"@type\":\"SearchAction\",\"target\":{\"@type\":\"EntryPoint\",\"urlTemplate\":\"https:\/\/novacom-ac.de\/?s={search_term_string}\"},\"query-input\":{\"@type\":\"PropertyValueSpecification\",\"valueRequired\":true,\"valueName\":\"search_term_string\"}}],\"inLanguage\":\"nl-NL\"}]}<\/script>\n<!-- \/ Yoast SEO plugin. -->","yoast_head_json":{"title":"Ondersteunende Stoffen - Novacom","robots":{"index":"index","follow":"follow","max-snippet":"max-snippet:-1","max-image-preview":"max-image-preview:large","max-video-preview":"max-video-preview:-1"},"canonical":"https:\/\/novacom-ac.de\/kernwerkstoffe","og_locale":"nl_NL","og_type":"article","og_title":"Ondersteunende Stoffen - Novacom","og_url":"https:\/\/novacom-ac.de\/kernwerkstoffe","og_site_name":"Novacom","article_modified_time":"2018-04-20T09:49:34+00:00","og_image":[{"url":"http:\/\/novacom-ac.de\/wp-content\/uploads\/2018\/03\/wabe2-02939q-300x300.jpg","type":"","width":"","height":""}],"twitter_card":"summary_large_image","twitter_misc":{"Est. reading time":"6 minutes"},"schema":{"@context":"https:\/\/schema.org","@graph":[{"@type":"WebPage","@id":"https:\/\/novacom-ac.de\/kernwerkstoffe","url":"https:\/\/novacom-ac.de\/kernwerkstoffe","name":"Ondersteunende Stoffen - Novacom","isPartOf":{"@id":"https:\/\/novacom-ac.de\/#website"},"primaryImageOfPage":{"@id":"https:\/\/novacom-ac.de\/kernwerkstoffe#primaryimage"},"image":{"@id":"https:\/\/novacom-ac.de\/kernwerkstoffe#primaryimage"},"thumbnailUrl":"http:\/\/novacom-ac.de\/wp-content\/uploads\/2018\/03\/wabe2-02939q-300x300.jpg","datePublished":"2018-03-08T14:38:50+00:00","dateModified":"2018-04-20T09:49:34+00:00","breadcrumb":{"@id":"https:\/\/novacom-ac.de\/kernwerkstoffe#breadcrumb"},"inLanguage":"nl-NL","potentialAction":[{"@type":"ReadAction","target":["https:\/\/novacom-ac.de\/kernwerkstoffe"]}]},{"@type":"ImageObject","inLanguage":"nl-NL","@id":"https:\/\/novacom-ac.de\/kernwerkstoffe#primaryimage","url":"http:\/\/novacom-ac.de\/wp-content\/uploads\/2018\/03\/wabe2-02939q-300x300.jpg","contentUrl":"http:\/\/novacom-ac.de\/wp-content\/uploads\/2018\/03\/wabe2-02939q-300x300.jpg"},{"@type":"BreadcrumbList","@id":"https:\/\/novacom-ac.de\/kernwerkstoffe#breadcrumb","itemListElement":[{"@type":"ListItem","position":1,"name":"Startseite","item":"https:\/\/novacom-ac.de\/"},{"@type":"ListItem","position":2,"name":"St\u00fctzstoffe"}]},{"@type":"WebSite","@id":"https:\/\/novacom-ac.de\/#website","url":"https:\/\/novacom-ac.de\/","name":"Novacom","description":"Faserverst\u00e4rkte Kunststoffe","potentialAction":[{"@type":"SearchAction","target":{"@type":"EntryPoint","urlTemplate":"https:\/\/novacom-ac.de\/?s={search_term_string}"},"query-input":{"@type":"PropertyValueSpecification","valueRequired":true,"valueName":"search_term_string"}}],"inLanguage":"nl-NL"}]}},"_links":{"self":[{"href":"https:\/\/novacom-ac.de\/nl\/wp-json\/wp\/v2\/pages\/41","targetHints":{"allow":["GET"]}}],"collection":[{"href":"https:\/\/novacom-ac.de\/nl\/wp-json\/wp\/v2\/pages"}],"about":[{"href":"https:\/\/novacom-ac.de\/nl\/wp-json\/wp\/v2\/types\/page"}],"author":[{"embeddable":true,"href":"https:\/\/novacom-ac.de\/nl\/wp-json\/wp\/v2\/users\/1"}],"replies":[{"embeddable":true,"href":"https:\/\/novacom-ac.de\/nl\/wp-json\/wp\/v2\/comments?post=41"}],"version-history":[{"count":17,"href":"https:\/\/novacom-ac.de\/nl\/wp-json\/wp\/v2\/pages\/41\/revisions"}],"predecessor-version":[{"id":413,"href":"https:\/\/novacom-ac.de\/nl\/wp-json\/wp\/v2\/pages\/41\/revisions\/413"}],"wp:attachment":[{"href":"https:\/\/novacom-ac.de\/nl\/wp-json\/wp\/v2\/media?parent=41"}],"curies":[{"name":"wp","href":"https:\/\/api.w.org\/{rel}","templated":true}]}}