{"id":145,"date":"2018-03-09T16:37:06","date_gmt":"2018-03-09T15:37:06","guid":{"rendered":"http:\/\/531-style.com\/?page_id=145"},"modified":"2018-05-03T12:12:02","modified_gmt":"2018-05-03T11:12:02","slug":"fahrzeugtechnik","status":"publish","type":"page","link":"https:\/\/novacom-ac.de\/nl\/fahrzeugtechnik","title":{"rendered":"Autotechniek"},"content":{"rendered":"<blockquote><div id=\"metaslider-id-173\" style=\"max-width: 750px; margin: 0 auto;\" class=\"ml-slider-3-94-0 metaslider metaslider-flex metaslider-173 ml-slider ms-theme-default\" role=\"region\" aria-roledescription=\"Slideshow\" aria-label=\"Fahrzeug\">\n    <div id=\"metaslider_container_173\">\n        <div id=\"metaslider_173\">\n            <ul class='slides'>\n                <li style=\"display: block; width: 100%;\" class=\"slide-184 ms-image \" aria-roledescription=\"slide\" aria-label=\"slide-184\"><img loading=\"lazy\" decoding=\"async\" src=\"https:\/\/novacom-ac.de\/wp-content\/uploads\/2018\/03\/Fahrzeugl-02965-750x400.jpg\" height=\"400\" width=\"750\" alt=\"\" class=\"slider-173 slide-184\" title=\"Fahrzeugl-02965\" \/><\/li>\n                <li style=\"display: none; width: 100%;\" class=\"slide-192 ms-image \" aria-roledescription=\"slide\" aria-label=\"slide-192\"><img loading=\"lazy\" decoding=\"async\" src=\"https:\/\/novacom-ac.de\/wp-content\/uploads\/2018\/03\/IMGl_7994-750x400.jpg\" height=\"400\" width=\"750\" alt=\"\" class=\"slider-173 slide-192\" title=\"IMGl_7994\" \/><\/li>\n            <\/ul>\n        <\/div>\n        \n    <\/div>\n<\/div>\n<p>Wij ontwikkelen en produceren samengestelde componenten voor verschillende gebieden van voertuigtechnologie namens klanten en in samenwerking met Europese ontwikkelingspartners. Onze eigen producten vervolledigen ons engagement in deze industrie.<\/p>\n<p>In het kader van een Europees financieringsproject ontwikkelen we de framecomponenten van een innovatief, flexibel draaistel voor spoorwagons, met als belangrijkste ontwikkelingsdoelstelling een permanente geluidsreductie tijdens de exploitatie. De ervaring die we tot nu toe in de loop van het project hebben opgedaan, hebben we al meermaals succesvol toegepast op andere toepassingen.<\/p>\n<p>Het grootste bouwwerk dat we tot nu toe hebben geproduceerd, komt ook uit de voertuigsector. Dit is een zelfdragende tweeassige autotrailer van GVK voor reclamedoeleinden. Het voertuig is door ons volgens een concept ontworpen en in kleine aantallen geproduceerd. Met het leeggewicht van de cel van iets minder dan 1,5 ton was het laadvermogen 1 ton.<\/p>\n<p>Een nieuwe ontwikkeling van ons bedrijf laat een significant betere verhouding tussen leeggewicht en laadvermogen zien. Het &#8220;Hoofdbatterijcompartiment&#8221; voor E-bussen is ontworpen voor een laadvermogen van 500 kg met een leeggewicht van 95 kg. Twee van deze units kunnen van achteren naar achteren op het dak van de bus boven de vooras worden gemonteerd. Het ondersteunende basiscomponent wordt vervaardigd in een mengsel van compacte laminaat- en sandwichconstructie in \u00e9\u00e9n productie die door vacu\u00fcminfusie wordt uitgevoerd.<\/p>\n<p>Daarnaast produceren wij individuele stukken en kleine series van diverse motorkajuitonderdelen tot brandstoftanks in onze eigen matrijzen in handlaminaat. Hiervoor wordt een speciaal matrixmateriaal gebruikt dat gekenmerkt wordt door een extreem hoge en brede chemische weerstand om de weerstand van de tanks tegen alle in de handel verkrijgbare types brandstof te garanderen.<\/p><\/blockquote>\n","protected":false},"excerpt":{"rendered":"<p>Wij ontwikkelen en produceren samengestelde componenten voor verschillende gebieden van voertuigtechnologie namens klanten en in samenwerking met Europese ontwikkelingspartners. Onze eigen producten [&hellip;]<\/p>\n","protected":false},"author":1,"featured_media":0,"parent":0,"menu_order":0,"comment_status":"closed","ping_status":"closed","template":"page-templates\/page_fullwidth.php","meta":{"_exactmetrics_skip_tracking":false,"_exactmetrics_sitenote_active":false,"_exactmetrics_sitenote_note":"","_exactmetrics_sitenote_category":0,"footnotes":""},"class_list":["post-145","page","type-page","status-publish","hentry"],"translation":{"provider":"WPGlobus","version":"3.0.0","language":"nl","enabled_languages":["de","gb","fr","nl"],"languages":{"de":{"title":true,"content":true,"excerpt":false},"gb":{"title":true,"content":true,"excerpt":false},"fr":{"title":true,"content":true,"excerpt":false},"nl":{"title":true,"content":true,"excerpt":false}}},"yoast_head":"<!-- This site is optimized with the Yoast SEO plugin v24.3 - https:\/\/yoast.com\/wordpress\/plugins\/seo\/ -->\n<title>Autotechniek - Novacom<\/title>\n<meta name=\"robots\" content=\"index, follow, max-snippet:-1, max-image-preview:large, max-video-preview:-1\" \/>\n<link rel=\"canonical\" href=\"https:\/\/novacom-ac.de\/fahrzeugtechnik\" \/>\n<meta property=\"og:locale\" content=\"nl_NL\" \/>\n<meta property=\"og:type\" content=\"article\" \/>\n<meta property=\"og:title\" content=\"Autotechniek - Novacom\" \/>\n<meta property=\"og:url\" content=\"https:\/\/novacom-ac.de\/fahrzeugtechnik\" \/>\n<meta property=\"og:site_name\" content=\"Novacom\" \/>\n<meta property=\"article:modified_time\" content=\"2018-05-03T11:12:02+00:00\" \/>\n<meta name=\"twitter:card\" content=\"summary_large_image\" \/>\n<meta name=\"twitter:label1\" content=\"Est. reading time\" \/>\n\t<meta name=\"twitter:data1\" content=\"6 minutes\" \/>\n<script type=\"application\/ld+json\" class=\"yoast-schema-graph\">{\"@context\":\"https:\/\/schema.org\",\"@graph\":[{\"@type\":\"WebPage\",\"@id\":\"https:\/\/novacom-ac.de\/fahrzeugtechnik\",\"url\":\"https:\/\/novacom-ac.de\/fahrzeugtechnik\",\"name\":\"Autotechniek - Novacom\",\"isPartOf\":{\"@id\":\"https:\/\/novacom-ac.de\/#website\"},\"datePublished\":\"2018-03-09T15:37:06+00:00\",\"dateModified\":\"2018-05-03T11:12:02+00:00\",\"breadcrumb\":{\"@id\":\"https:\/\/novacom-ac.de\/fahrzeugtechnik#breadcrumb\"},\"inLanguage\":\"nl-NL\",\"potentialAction\":[{\"@type\":\"ReadAction\",\"target\":[\"https:\/\/novacom-ac.de\/fahrzeugtechnik\"]}]},{\"@type\":\"BreadcrumbList\",\"@id\":\"https:\/\/novacom-ac.de\/fahrzeugtechnik#breadcrumb\",\"itemListElement\":[{\"@type\":\"ListItem\",\"position\":1,\"name\":\"Startseite\",\"item\":\"https:\/\/novacom-ac.de\/\"},{\"@type\":\"ListItem\",\"position\":2,\"name\":\"Fahrzeugtechnik\"}]},{\"@type\":\"WebSite\",\"@id\":\"https:\/\/novacom-ac.de\/#website\",\"url\":\"https:\/\/novacom-ac.de\/\",\"name\":\"Novacom\",\"description\":\"Faserverst\u00e4rkte Kunststoffe\",\"potentialAction\":[{\"@type\":\"SearchAction\",\"target\":{\"@type\":\"EntryPoint\",\"urlTemplate\":\"https:\/\/novacom-ac.de\/?s={search_term_string}\"},\"query-input\":{\"@type\":\"PropertyValueSpecification\",\"valueRequired\":true,\"valueName\":\"search_term_string\"}}],\"inLanguage\":\"nl-NL\"}]}<\/script>\n<!-- \/ Yoast SEO plugin. -->","yoast_head_json":{"title":"Autotechniek - Novacom","robots":{"index":"index","follow":"follow","max-snippet":"max-snippet:-1","max-image-preview":"max-image-preview:large","max-video-preview":"max-video-preview:-1"},"canonical":"https:\/\/novacom-ac.de\/fahrzeugtechnik","og_locale":"nl_NL","og_type":"article","og_title":"Autotechniek - Novacom","og_url":"https:\/\/novacom-ac.de\/fahrzeugtechnik","og_site_name":"Novacom","article_modified_time":"2018-05-03T11:12:02+00:00","twitter_card":"summary_large_image","twitter_misc":{"Est. reading time":"6 minutes"},"schema":{"@context":"https:\/\/schema.org","@graph":[{"@type":"WebPage","@id":"https:\/\/novacom-ac.de\/fahrzeugtechnik","url":"https:\/\/novacom-ac.de\/fahrzeugtechnik","name":"Autotechniek - Novacom","isPartOf":{"@id":"https:\/\/novacom-ac.de\/#website"},"datePublished":"2018-03-09T15:37:06+00:00","dateModified":"2018-05-03T11:12:02+00:00","breadcrumb":{"@id":"https:\/\/novacom-ac.de\/fahrzeugtechnik#breadcrumb"},"inLanguage":"nl-NL","potentialAction":[{"@type":"ReadAction","target":["https:\/\/novacom-ac.de\/fahrzeugtechnik"]}]},{"@type":"BreadcrumbList","@id":"https:\/\/novacom-ac.de\/fahrzeugtechnik#breadcrumb","itemListElement":[{"@type":"ListItem","position":1,"name":"Startseite","item":"https:\/\/novacom-ac.de\/"},{"@type":"ListItem","position":2,"name":"Fahrzeugtechnik"}]},{"@type":"WebSite","@id":"https:\/\/novacom-ac.de\/#website","url":"https:\/\/novacom-ac.de\/","name":"Novacom","description":"Faserverst\u00e4rkte Kunststoffe","potentialAction":[{"@type":"SearchAction","target":{"@type":"EntryPoint","urlTemplate":"https:\/\/novacom-ac.de\/?s={search_term_string}"},"query-input":{"@type":"PropertyValueSpecification","valueRequired":true,"valueName":"search_term_string"}}],"inLanguage":"nl-NL"}]}},"_links":{"self":[{"href":"https:\/\/novacom-ac.de\/nl\/wp-json\/wp\/v2\/pages\/145","targetHints":{"allow":["GET"]}}],"collection":[{"href":"https:\/\/novacom-ac.de\/nl\/wp-json\/wp\/v2\/pages"}],"about":[{"href":"https:\/\/novacom-ac.de\/nl\/wp-json\/wp\/v2\/types\/page"}],"author":[{"embeddable":true,"href":"https:\/\/novacom-ac.de\/nl\/wp-json\/wp\/v2\/users\/1"}],"replies":[{"embeddable":true,"href":"https:\/\/novacom-ac.de\/nl\/wp-json\/wp\/v2\/comments?post=145"}],"version-history":[{"count":14,"href":"https:\/\/novacom-ac.de\/nl\/wp-json\/wp\/v2\/pages\/145\/revisions"}],"predecessor-version":[{"id":423,"href":"https:\/\/novacom-ac.de\/nl\/wp-json\/wp\/v2\/pages\/145\/revisions\/423"}],"wp:attachment":[{"href":"https:\/\/novacom-ac.de\/nl\/wp-json\/wp\/v2\/media?parent=145"}],"curies":[{"name":"wp","href":"https:\/\/api.w.org\/{rel}","templated":true}]}}