{"id":102,"date":"2018-03-09T09:41:05","date_gmt":"2018-03-09T08:41:05","guid":{"rendered":"http:\/\/531-style.com\/?page_id=102"},"modified":"2018-04-20T08:14:17","modified_gmt":"2018-04-20T07:14:17","slug":"cnc-bearbeitung","status":"publish","type":"page","link":"https:\/\/novacom-ac.de\/nl\/cnc-bearbeitung","title":{"rendered":"CNC-Bearbeitung"},"content":{"rendered":"<blockquote><div id=\"metaslider-id-170\" style=\"max-width: 750px; margin: 0 auto;\" class=\"ml-slider-3-94-0 metaslider metaslider-flex metaslider-170 ml-slider ms-theme-default\" role=\"region\" aria-roledescription=\"Slideshow\" aria-label=\"Fr\u00e4sen\">\n    <div id=\"metaslider_container_170\">\n        <div id=\"metaslider_170\">\n            <ul class='slides'>\n                <li style=\"display: block; width: 100%;\" class=\"slide-178 ms-image \" aria-roledescription=\"slide\" aria-label=\"slide-178\"><img loading=\"lazy\" decoding=\"async\" src=\"https:\/\/novacom-ac.de\/wp-content\/uploads\/2018\/03\/IMGl_7771-750x400.jpg\" height=\"400\" width=\"750\" alt=\"\" class=\"slider-170 slide-178\" title=\"IMGl_7771\" \/><\/li>\n                <li style=\"display: none; width: 100%;\" class=\"slide-179 ms-image \" aria-roledescription=\"slide\" aria-label=\"slide-179\"><img loading=\"lazy\" decoding=\"async\" src=\"https:\/\/novacom-ac.de\/wp-content\/uploads\/2018\/03\/modell-02957-750x400.jpg\" height=\"400\" width=\"750\" alt=\"\" class=\"slider-170 slide-179\" title=\"modell-02957\" \/><\/li>\n            <\/ul>\n        <\/div>\n        \n    <\/div>\n<\/div>\n<p>Ons freescentrum heeft een 3-assige en een 5-assige freeskop. Dit maakt een maximale flexibiliteit bij de bewerking van componenten en halffabrikaten mogelijk.<\/p>\n<p>Met een bewerkingsoppervlak van 2.400 x 2.500 x 700 mm kunnen nog grotere componenten probleemloos nabewerkt worden. Negatieve mallen en mastermodellen van gereedschapskarton kunnen door de sectiematige constructie ook aanzienlijk groter worden gemaakt.<\/p>\n<p>Naast CFRP- en GRP-gietproducten verwerken wij een breed scala aan plaatmaterialen en halffabrikaten:<\/p>\n<ul>\n<li>Ontwerp, deeltjes- en structuurschuim<\/li>\n<li>gereedschapspaneel<\/li>\n<li>Thermoplastische halffabrikaten<\/li>\n<li>Hard stof en hard papier<\/li>\n<li>Hout en MDF<\/li>\n<li>Aluminium<\/li>\n<\/ul>\n<p>In het kader van een samenwerking kunnen wij plaatmateriaal verwerken met CNC waterstraalsnijden.<\/p><\/blockquote>\n","protected":false},"excerpt":{"rendered":"<p>Ons freescentrum heeft een 3-assige en een 5-assige freeskop. Dit maakt een maximale flexibiliteit bij de bewerking van componenten en halffabrikaten mogelijk. [&hellip;]<\/p>\n","protected":false},"author":1,"featured_media":0,"parent":0,"menu_order":0,"comment_status":"closed","ping_status":"closed","template":"page-templates\/page_fullwidth.php","meta":{"_exactmetrics_skip_tracking":false,"_exactmetrics_sitenote_active":false,"_exactmetrics_sitenote_note":"","_exactmetrics_sitenote_category":0,"footnotes":""},"class_list":["post-102","page","type-page","status-publish","hentry"],"translation":{"provider":"WPGlobus","version":"3.0.0","language":"nl","enabled_languages":["de","gb","fr","nl"],"languages":{"de":{"title":true,"content":true,"excerpt":false},"gb":{"title":true,"content":true,"excerpt":false},"fr":{"title":false,"content":true,"excerpt":false},"nl":{"title":false,"content":true,"excerpt":false}}},"yoast_head":"<!-- This site is optimized with the Yoast SEO plugin v24.3 - https:\/\/yoast.com\/wordpress\/plugins\/seo\/ -->\n<title>- Novacom<\/title>\n<meta name=\"robots\" content=\"index, follow, max-snippet:-1, max-image-preview:large, max-video-preview:-1\" \/>\n<link rel=\"canonical\" href=\"https:\/\/novacom-ac.de\/cnc-bearbeitung\" \/>\n<meta property=\"og:locale\" content=\"nl_NL\" \/>\n<meta property=\"og:type\" content=\"article\" \/>\n<meta property=\"og:title\" content=\"- Novacom\" \/>\n<meta property=\"og:url\" content=\"https:\/\/novacom-ac.de\/cnc-bearbeitung\" \/>\n<meta property=\"og:site_name\" content=\"Novacom\" \/>\n<meta property=\"article:modified_time\" content=\"2018-04-20T07:14:17+00:00\" \/>\n<meta name=\"twitter:card\" content=\"summary_large_image\" \/>\n<meta name=\"twitter:label1\" content=\"Est. reading time\" \/>\n\t<meta name=\"twitter:data1\" content=\"2 minutes\" \/>\n<script type=\"application\/ld+json\" class=\"yoast-schema-graph\">{\"@context\":\"https:\/\/schema.org\",\"@graph\":[{\"@type\":\"WebPage\",\"@id\":\"https:\/\/novacom-ac.de\/cnc-bearbeitung\",\"url\":\"https:\/\/novacom-ac.de\/cnc-bearbeitung\",\"name\":\"- Novacom\",\"isPartOf\":{\"@id\":\"https:\/\/novacom-ac.de\/#website\"},\"datePublished\":\"2018-03-09T08:41:05+00:00\",\"dateModified\":\"2018-04-20T07:14:17+00:00\",\"description\":\"Wir k\u00f6nnen Bauteile im 5-Achs oder 3-Achs fr\u00e4\u00dfverfahren nachbearbeiten. Bei einem maximalen Bearbeitungsraum von 2.400 x 2.500 x 700 mm. Jedoch sind auch gr\u00f6\u00dfere Modelle oder Formen m\u00f6glich durch selektives Fertigen.\",\"breadcrumb\":{\"@id\":\"https:\/\/novacom-ac.de\/cnc-bearbeitung#breadcrumb\"},\"inLanguage\":\"nl-NL\",\"potentialAction\":[{\"@type\":\"ReadAction\",\"target\":[\"https:\/\/novacom-ac.de\/cnc-bearbeitung\"]}]},{\"@type\":\"BreadcrumbList\",\"@id\":\"https:\/\/novacom-ac.de\/cnc-bearbeitung#breadcrumb\",\"itemListElement\":[{\"@type\":\"ListItem\",\"position\":1,\"name\":\"Startseite\",\"item\":\"https:\/\/novacom-ac.de\/\"},{\"@type\":\"ListItem\",\"position\":2,\"name\":\"CNC-Bearbeitung\"}]},{\"@type\":\"WebSite\",\"@id\":\"https:\/\/novacom-ac.de\/#website\",\"url\":\"https:\/\/novacom-ac.de\/\",\"name\":\"Novacom\",\"description\":\"Faserverst\u00e4rkte Kunststoffe\",\"potentialAction\":[{\"@type\":\"SearchAction\",\"target\":{\"@type\":\"EntryPoint\",\"urlTemplate\":\"https:\/\/novacom-ac.de\/?s={search_term_string}\"},\"query-input\":{\"@type\":\"PropertyValueSpecification\",\"valueRequired\":true,\"valueName\":\"search_term_string\"}}],\"inLanguage\":\"nl-NL\"}]}<\/script>\n<!-- \/ Yoast SEO plugin. -->","yoast_head_json":{"title":"- Novacom","robots":{"index":"index","follow":"follow","max-snippet":"max-snippet:-1","max-image-preview":"max-image-preview:large","max-video-preview":"max-video-preview:-1"},"canonical":"https:\/\/novacom-ac.de\/cnc-bearbeitung","og_locale":"nl_NL","og_type":"article","og_title":"- Novacom","og_url":"https:\/\/novacom-ac.de\/cnc-bearbeitung","og_site_name":"Novacom","article_modified_time":"2018-04-20T07:14:17+00:00","twitter_card":"summary_large_image","twitter_misc":{"Est. reading time":"2 minutes"},"schema":{"@context":"https:\/\/schema.org","@graph":[{"@type":"WebPage","@id":"https:\/\/novacom-ac.de\/cnc-bearbeitung","url":"https:\/\/novacom-ac.de\/cnc-bearbeitung","name":"- Novacom","isPartOf":{"@id":"https:\/\/novacom-ac.de\/#website"},"datePublished":"2018-03-09T08:41:05+00:00","dateModified":"2018-04-20T07:14:17+00:00","description":"Wir k\u00f6nnen Bauteile im 5-Achs oder 3-Achs fr\u00e4\u00dfverfahren nachbearbeiten. Bei einem maximalen Bearbeitungsraum von 2.400 x 2.500 x 700 mm. Jedoch sind auch gr\u00f6\u00dfere Modelle oder Formen m\u00f6glich durch selektives Fertigen.","breadcrumb":{"@id":"https:\/\/novacom-ac.de\/cnc-bearbeitung#breadcrumb"},"inLanguage":"nl-NL","potentialAction":[{"@type":"ReadAction","target":["https:\/\/novacom-ac.de\/cnc-bearbeitung"]}]},{"@type":"BreadcrumbList","@id":"https:\/\/novacom-ac.de\/cnc-bearbeitung#breadcrumb","itemListElement":[{"@type":"ListItem","position":1,"name":"Startseite","item":"https:\/\/novacom-ac.de\/"},{"@type":"ListItem","position":2,"name":"CNC-Bearbeitung"}]},{"@type":"WebSite","@id":"https:\/\/novacom-ac.de\/#website","url":"https:\/\/novacom-ac.de\/","name":"Novacom","description":"Faserverst\u00e4rkte Kunststoffe","potentialAction":[{"@type":"SearchAction","target":{"@type":"EntryPoint","urlTemplate":"https:\/\/novacom-ac.de\/?s={search_term_string}"},"query-input":{"@type":"PropertyValueSpecification","valueRequired":true,"valueName":"search_term_string"}}],"inLanguage":"nl-NL"}]}},"_links":{"self":[{"href":"https:\/\/novacom-ac.de\/nl\/wp-json\/wp\/v2\/pages\/102","targetHints":{"allow":["GET"]}}],"collection":[{"href":"https:\/\/novacom-ac.de\/nl\/wp-json\/wp\/v2\/pages"}],"about":[{"href":"https:\/\/novacom-ac.de\/nl\/wp-json\/wp\/v2\/types\/page"}],"author":[{"embeddable":true,"href":"https:\/\/novacom-ac.de\/nl\/wp-json\/wp\/v2\/users\/1"}],"replies":[{"embeddable":true,"href":"https:\/\/novacom-ac.de\/nl\/wp-json\/wp\/v2\/comments?post=102"}],"version-history":[{"count":18,"href":"https:\/\/novacom-ac.de\/nl\/wp-json\/wp\/v2\/pages\/102\/revisions"}],"predecessor-version":[{"id":367,"href":"https:\/\/novacom-ac.de\/nl\/wp-json\/wp\/v2\/pages\/102\/revisions\/367"}],"wp:attachment":[{"href":"https:\/\/novacom-ac.de\/nl\/wp-json\/wp\/v2\/media?parent=102"}],"curies":[{"name":"wp","href":"https:\/\/api.w.org\/{rel}","templated":true}]}}