{"id":102,"date":"2018-03-09T09:41:05","date_gmt":"2018-03-09T08:41:05","guid":{"rendered":"http:\/\/531-style.com\/?page_id=102"},"modified":"2018-04-20T08:14:17","modified_gmt":"2018-04-20T07:14:17","slug":"cnc-bearbeitung","status":"publish","type":"page","link":"https:\/\/novacom-ac.de\/gb\/cnc-bearbeitung","title":{"rendered":"CNC machining"},"content":{"rendered":"<blockquote><div id=\"metaslider-id-170\" style=\"max-width: 750px; margin: 0 auto;\" class=\"ml-slider-3-94-0 metaslider metaslider-flex metaslider-170 ml-slider ms-theme-default\" role=\"region\" aria-roledescription=\"Slideshow\" aria-label=\"Fr\u00e4sen\">\n    <div id=\"metaslider_container_170\">\n        <div id=\"metaslider_170\">\n            <ul class='slides'>\n                <li style=\"display: block; width: 100%;\" class=\"slide-178 ms-image \" aria-roledescription=\"slide\" aria-label=\"slide-178\"><img loading=\"lazy\" decoding=\"async\" src=\"https:\/\/novacom-ac.de\/wp-content\/uploads\/2018\/03\/IMGl_7771-750x400.jpg\" height=\"400\" width=\"750\" alt=\"\" class=\"slider-170 slide-178\" title=\"IMGl_7771\" \/><\/li>\n                <li style=\"display: none; width: 100%;\" class=\"slide-179 ms-image \" aria-roledescription=\"slide\" aria-label=\"slide-179\"><img loading=\"lazy\" decoding=\"async\" src=\"https:\/\/novacom-ac.de\/wp-content\/uploads\/2018\/03\/modell-02957-750x400.jpg\" height=\"400\" width=\"750\" alt=\"\" class=\"slider-170 slide-179\" title=\"modell-02957\" \/><\/li>\n            <\/ul>\n        <\/div>\n        \n    <\/div>\n<\/div>\n<p>Our milling centre has a 3-axis and a 5-axis milling head. This allows maximum flexibility in the machining of components and semi-finished products.<\/p>\n<p>With a machining area of 2,400 x 2,500 x 700 mm, even larger components can be reworked without problems. Negative moulds and master models made of toolingboard can also be made considerably larger by section-wise construction.<\/p>\n<p>In addition to CFRP and GRP moulded parts, we process a wide variety of sheet materials and semi-finished products:<\/p>\n<ul>\n<li>Design, particle and structural foams<\/li>\n<li>Tooling board<\/li>\n<li>Thermoplastic semi-finished products<\/li>\n<li>Hard fabric and hard paper<\/li>\n<li>Wood and MDF<\/li>\n<li>Aluminium<\/li>\n<\/ul>\n<p>Within the scope of a cooperation we can process sheet material by CNC water jet cutting.<\/p><\/blockquote>\n","protected":false},"excerpt":{"rendered":"<p>Our milling centre has a 3-axis and a 5-axis milling head. This allows maximum flexibility in the machining of components and semi-finished [&hellip;]<\/p>\n","protected":false},"author":1,"featured_media":0,"parent":0,"menu_order":0,"comment_status":"closed","ping_status":"closed","template":"page-templates\/page_fullwidth.php","meta":{"_exactmetrics_skip_tracking":false,"_exactmetrics_sitenote_active":false,"_exactmetrics_sitenote_note":"","_exactmetrics_sitenote_category":0,"footnotes":""},"class_list":["post-102","page","type-page","status-publish","hentry"],"translation":{"provider":"WPGlobus","version":"3.0.0","language":"gb","enabled_languages":["de","gb","fr","nl"],"languages":{"de":{"title":true,"content":true,"excerpt":false},"gb":{"title":true,"content":true,"excerpt":false},"fr":{"title":false,"content":true,"excerpt":false},"nl":{"title":false,"content":true,"excerpt":false}}},"yoast_head":"<!-- This site is optimized with the Yoast SEO plugin v24.3 - https:\/\/yoast.com\/wordpress\/plugins\/seo\/ -->\n<title>CNC machining - Novacom<\/title>\n<meta name=\"robots\" content=\"index, follow, max-snippet:-1, max-image-preview:large, max-video-preview:-1\" \/>\n<link rel=\"canonical\" href=\"https:\/\/novacom-ac.de\/cnc-bearbeitung\" \/>\n<meta property=\"og:locale\" content=\"en_GB\" \/>\n<meta property=\"og:type\" content=\"article\" \/>\n<meta property=\"og:title\" content=\"CNC machining - Novacom\" \/>\n<meta property=\"og:url\" content=\"https:\/\/novacom-ac.de\/cnc-bearbeitung\" \/>\n<meta property=\"og:site_name\" content=\"Novacom\" \/>\n<meta property=\"article:modified_time\" content=\"2018-04-20T07:14:17+00:00\" \/>\n<meta name=\"twitter:card\" content=\"summary_large_image\" \/>\n<meta name=\"twitter:label1\" content=\"Est. reading time\" \/>\n\t<meta name=\"twitter:data1\" content=\"2 minutes\" \/>\n<script type=\"application\/ld+json\" class=\"yoast-schema-graph\">{\"@context\":\"https:\/\/schema.org\",\"@graph\":[{\"@type\":\"WebPage\",\"@id\":\"https:\/\/novacom-ac.de\/cnc-bearbeitung\",\"url\":\"https:\/\/novacom-ac.de\/cnc-bearbeitung\",\"name\":\"CNC machining - Novacom\",\"isPartOf\":{\"@id\":\"https:\/\/novacom-ac.de\/#website\"},\"datePublished\":\"2018-03-09T08:41:05+00:00\",\"dateModified\":\"2018-04-20T07:14:17+00:00\",\"description\":\"Wir k\u00f6nnen Bauteile im 5-Achs oder 3-Achs fr\u00e4\u00dfverfahren nachbearbeiten. Bei einem maximalen Bearbeitungsraum von 2.400 x 2.500 x 700 mm. Jedoch sind auch gr\u00f6\u00dfere Modelle oder Formen m\u00f6glich durch selektives Fertigen.\",\"breadcrumb\":{\"@id\":\"https:\/\/novacom-ac.de\/cnc-bearbeitung#breadcrumb\"},\"inLanguage\":\"en-GB\",\"potentialAction\":[{\"@type\":\"ReadAction\",\"target\":[\"https:\/\/novacom-ac.de\/cnc-bearbeitung\"]}]},{\"@type\":\"BreadcrumbList\",\"@id\":\"https:\/\/novacom-ac.de\/cnc-bearbeitung#breadcrumb\",\"itemListElement\":[{\"@type\":\"ListItem\",\"position\":1,\"name\":\"Startseite\",\"item\":\"https:\/\/novacom-ac.de\/\"},{\"@type\":\"ListItem\",\"position\":2,\"name\":\"CNC-Bearbeitung\"}]},{\"@type\":\"WebSite\",\"@id\":\"https:\/\/novacom-ac.de\/#website\",\"url\":\"https:\/\/novacom-ac.de\/\",\"name\":\"Novacom\",\"description\":\"Faserverst\u00e4rkte Kunststoffe\",\"potentialAction\":[{\"@type\":\"SearchAction\",\"target\":{\"@type\":\"EntryPoint\",\"urlTemplate\":\"https:\/\/novacom-ac.de\/?s={search_term_string}\"},\"query-input\":{\"@type\":\"PropertyValueSpecification\",\"valueRequired\":true,\"valueName\":\"search_term_string\"}}],\"inLanguage\":\"en-GB\"}]}<\/script>\n<!-- \/ Yoast SEO plugin. -->","yoast_head_json":{"title":"CNC machining - Novacom","robots":{"index":"index","follow":"follow","max-snippet":"max-snippet:-1","max-image-preview":"max-image-preview:large","max-video-preview":"max-video-preview:-1"},"canonical":"https:\/\/novacom-ac.de\/cnc-bearbeitung","og_locale":"en_GB","og_type":"article","og_title":"CNC machining - Novacom","og_url":"https:\/\/novacom-ac.de\/cnc-bearbeitung","og_site_name":"Novacom","article_modified_time":"2018-04-20T07:14:17+00:00","twitter_card":"summary_large_image","twitter_misc":{"Est. reading time":"2 minutes"},"schema":{"@context":"https:\/\/schema.org","@graph":[{"@type":"WebPage","@id":"https:\/\/novacom-ac.de\/cnc-bearbeitung","url":"https:\/\/novacom-ac.de\/cnc-bearbeitung","name":"CNC machining - Novacom","isPartOf":{"@id":"https:\/\/novacom-ac.de\/#website"},"datePublished":"2018-03-09T08:41:05+00:00","dateModified":"2018-04-20T07:14:17+00:00","description":"Wir k\u00f6nnen Bauteile im 5-Achs oder 3-Achs fr\u00e4\u00dfverfahren nachbearbeiten. Bei einem maximalen Bearbeitungsraum von 2.400 x 2.500 x 700 mm. Jedoch sind auch gr\u00f6\u00dfere Modelle oder Formen m\u00f6glich durch selektives Fertigen.","breadcrumb":{"@id":"https:\/\/novacom-ac.de\/cnc-bearbeitung#breadcrumb"},"inLanguage":"en-GB","potentialAction":[{"@type":"ReadAction","target":["https:\/\/novacom-ac.de\/cnc-bearbeitung"]}]},{"@type":"BreadcrumbList","@id":"https:\/\/novacom-ac.de\/cnc-bearbeitung#breadcrumb","itemListElement":[{"@type":"ListItem","position":1,"name":"Startseite","item":"https:\/\/novacom-ac.de\/"},{"@type":"ListItem","position":2,"name":"CNC-Bearbeitung"}]},{"@type":"WebSite","@id":"https:\/\/novacom-ac.de\/#website","url":"https:\/\/novacom-ac.de\/","name":"Novacom","description":"Faserverst\u00e4rkte Kunststoffe","potentialAction":[{"@type":"SearchAction","target":{"@type":"EntryPoint","urlTemplate":"https:\/\/novacom-ac.de\/?s={search_term_string}"},"query-input":{"@type":"PropertyValueSpecification","valueRequired":true,"valueName":"search_term_string"}}],"inLanguage":"en-GB"}]}},"_links":{"self":[{"href":"https:\/\/novacom-ac.de\/gb\/wp-json\/wp\/v2\/pages\/102","targetHints":{"allow":["GET"]}}],"collection":[{"href":"https:\/\/novacom-ac.de\/gb\/wp-json\/wp\/v2\/pages"}],"about":[{"href":"https:\/\/novacom-ac.de\/gb\/wp-json\/wp\/v2\/types\/page"}],"author":[{"embeddable":true,"href":"https:\/\/novacom-ac.de\/gb\/wp-json\/wp\/v2\/users\/1"}],"replies":[{"embeddable":true,"href":"https:\/\/novacom-ac.de\/gb\/wp-json\/wp\/v2\/comments?post=102"}],"version-history":[{"count":18,"href":"https:\/\/novacom-ac.de\/gb\/wp-json\/wp\/v2\/pages\/102\/revisions"}],"predecessor-version":[{"id":367,"href":"https:\/\/novacom-ac.de\/gb\/wp-json\/wp\/v2\/pages\/102\/revisions\/367"}],"wp:attachment":[{"href":"https:\/\/novacom-ac.de\/gb\/wp-json\/wp\/v2\/media?parent=102"}],"curies":[{"name":"wp","href":"https:\/\/api.w.org\/{rel}","templated":true}]}}