{"id":83,"date":"2018-03-08T21:04:29","date_gmt":"2018-03-08T20:04:29","guid":{"rendered":"http:\/\/531-style.com\/?page_id=83"},"modified":"2018-04-20T10:13:03","modified_gmt":"2018-04-20T09:13:03","slug":"datenschutz","status":"publish","type":"page","link":"https:\/\/novacom-ac.de\/fr\/datenschutz","title":{"rendered":"Datenschutz"},"content":{"rendered":"<p>Les op\u00e9rateurs de ces pages prennent tr\u00e8s au s\u00e9rieux la protection de vos donn\u00e9es personnelles. Nous traitons vos donn\u00e9es personnelles de mani\u00e8re confidentielle et conform\u00e9ment aux dispositions l\u00e9gales en mati\u00e8re de protection des donn\u00e9es et \u00e0 la pr\u00e9sente d\u00e9claration de protection des donn\u00e9es.<\/p>\n<p>L&#8217;utilisation de notre site Web est g\u00e9n\u00e9ralement possible sans fournir de donn\u00e9es personnelles. Dans la mesure o\u00f9 des donn\u00e9es personnelles (par exemple le nom, l&#8217;adresse ou l&#8217;adresse e-mail) sont collect\u00e9es sur notre site, cela se fait, dans la mesure du possible, toujours sur une base volontaire. Ces donn\u00e9es ne seront pas transmises \u00e0 des tiers sans votre consentement expr\u00e8s.<\/p>\n<p>Nous attirons votre attention sur le fait que la transmission de donn\u00e9es sur Internet (par ex. la communication par e-mail) peut pr\u00e9senter des failles de s\u00e9curit\u00e9. Une protection compl\u00e8te des donn\u00e9es contre l&#8217;acc\u00e8s par des tiers n&#8217;est pas possible.<\/p>\n<p>&nbsp;<\/p>\n<p>&nbsp;<\/p>\n<h3>Politique de confidentialit\u00e9 pour l&#8217;utilisation de Google Analytics<\/h3>\n<p>Ce site web utilise les fonctions du service d&#8217;analyse web Google Analytics. Le fournisseur est Google Inc. 1600 Amphith\u00e9\u00e2tre Parkway Parkway Mountain View, CA 94043, USA. Google Analytics utilise des &#8220;cookies&#8221;. Il s&#8217;agit de fichiers texte qui sont stock\u00e9s sur votre ordinateur et qui permettent une analyse de votre utilisation du site Web. Les informations g\u00e9n\u00e9r\u00e9es par les cookies concernant votre utilisation de ce site Web sont g\u00e9n\u00e9ralement transf\u00e9r\u00e9es \u00e0 un serveur de Google aux \u00c9tats-Unis et y sont stock\u00e9es.<\/p>\n<p>Toutefois, si l&#8217;anonymisation de la propri\u00e9t\u00e9 intellectuelle est activ\u00e9e sur ce site Web, Google r\u00e9duira au pr\u00e9alable votre adresse IP dans les \u00c9tats membres de l&#8217;Union europ\u00e9enne ou dans d&#8217;autres pays parties \u00e0 l&#8217;accord sur l&#8217;Espace \u00e9conomique europ\u00e9en. Ce n&#8217;est que dans des cas exceptionnels que l&#8217;adresse IP compl\u00e8te sera transmise \u00e0 un serveur Google aux Etats-Unis et y sera raccourcie. Au nom de l&#8217;exploitant de ce site Web, Google utilisera ces informations pour \u00e9valuer votre utilisation du site Web, pour compiler des rapports sur l&#8217;activit\u00e9 du site Web et pour fournir \u00e0 l&#8217;exploitant du site Web d&#8217;autres services li\u00e9s \u00e0 l&#8217;utilisation du site Web et \u00e0 l&#8217;utilisation d&#8217;Internet. L&#8217;adresse IP transmise par votre navigateur dans le cadre de Google Analytics n&#8217;est pas fusionn\u00e9e avec d&#8217;autres donn\u00e9es de Google.<\/p>\n<p>Vous pouvez refuser l&#8217;utilisation de cookies en s\u00e9lectionnant les param\u00e8tres appropri\u00e9s sur votre navigateur, mais veuillez noter que si vous le faites, il se peut que vous ne puissiez pas utiliser toutes les fonctionnalit\u00e9s de ce site Web. Vous pouvez \u00e9galement emp\u00eacher Google de collecter les donn\u00e9es g\u00e9n\u00e9r\u00e9es par le cookie et relatives \u00e0 votre utilisation du site Internet (y compris votre adresse IP) et de traiter ces donn\u00e9es par Google en t\u00e9l\u00e9chargeant et en installant le plug-in de navigateur disponible sous le lien suivant :<a href=\"http:\/\/tools.google.com\/dlpage\/gaoptout\">tools.google.com\/dlpage\/gaoptout<\/a><\/p>\n<h3>\nFichiers journaux du serveur<\/h3>\n<p>Le fournisseur des pages collecte et stocke automatiquement des informations dans des fichiers journaux de serveur, que votre navigateur nous transmet automatiquement. Celles-ci le sont :<\/p>\n<ul>\n<li>Type de navigateur\/ version du navigateur<\/li>\n<li>Syst\u00e8me d&#8217;exploitation utilis\u00e9<\/li>\n<li>URL de r\u00e9f\u00e9rence<\/li>\n<li>Nom d&#8217;h\u00f4te de l&#8217;ordinateur acc\u00e9dant<\/li>\n<li>Heure de la requ\u00eate du serveur<\/li>\n<\/ul>\n<p>Ces donn\u00e9es ne peuvent pas \u00eatre affect\u00e9es \u00e0 des personnes sp\u00e9cifiques. Ces donn\u00e9es ne sont pas combin\u00e9es avec d&#8217;autres sources de donn\u00e9es. Nous nous r\u00e9servons le droit de v\u00e9rifier ces donn\u00e9es ult\u00e9rieurement si nous avons connaissance d&#8217;indices concrets d&#8217;une utilisation ill\u00e9gale.<\/p>\n<h3>Cookies<\/h3>\n<p>Certaines pages Internet utilisent des cookies. Les cookies ne causent aucun dommage \u00e0 votre ordinateur et ne contiennent aucun virus. Les cookies servent \u00e0 rendre notre site Web plus convivial, plus efficace et plus s\u00fbr. Les cookies sont de petits fichiers texte qui sont stock\u00e9s sur votre ordinateur et enregistr\u00e9s par votre navigateur.<\/p>\n<p>La plupart des cookies que nous utilisons sont des &#8220;cookies de session&#8221;. Ils sont automatiquement supprim\u00e9s \u00e0 la fin de votre visite. D&#8217;autres cookies restent stock\u00e9s sur votre appareil jusqu&#8217;\u00e0 ce que vous les supprimiez. Ces cookies nous permettent de reconna\u00eetre votre navigateur lors de votre prochaine visite sur notre site Web.<\/p>\n<p>Vous pouvez param\u00e9trer votre navigateur pour \u00eatre inform\u00e9 de la configuration des cookies et n&#8217;autoriser les cookies que dans des cas individuels, exclure l&#8217;acceptation des cookies dans certains cas ou de mani\u00e8re g\u00e9n\u00e9rale et activer la suppression automatique des cookies lors de la fermeture du navigateur. Lorsque les cookies sont d\u00e9sactiv\u00e9s, la fonctionnalit\u00e9 de ce site Web peut \u00eatre limit\u00e9e.<\/p>\n<h3>\nFormulaire de contact<\/h3>\n<p>Si vous nous envoyez des demandes de renseignements \u00e0 l&#8217;aide du formulaire de contact, vos coordonn\u00e9es, y compris les donn\u00e9es de contact que vous avez fournies, seront conserv\u00e9es pour le traitement de la demande et en cas de questions compl\u00e9mentaires. Nous ne transmettrons pas ces donn\u00e9es sans votre consentement.<\/p>\n<h3>\nCourriers publicitaires contradictoires<\/h3>\n<p>Nous nous opposons par la pr\u00e9sente \u00e0 l&#8217;utilisation des donn\u00e9es de contact publi\u00e9es dans le cadre de l&#8217;obligation d&#8217;imprimerie d&#8217;envoyer du mat\u00e9riel publicitaire et d&#8217;information non sollicit\u00e9. Les op\u00e9rateurs du site<\/p>\n","protected":false},"excerpt":{"rendered":"<p>Les op\u00e9rateurs de ces pages prennent tr\u00e8s au s\u00e9rieux la protection de vos donn\u00e9es personnelles. Nous traitons vos donn\u00e9es personnelles de mani\u00e8re [&hellip;]<\/p>\n","protected":false},"author":1,"featured_media":0,"parent":0,"menu_order":0,"comment_status":"closed","ping_status":"closed","template":"page-templates\/page_fullwidth.php","meta":{"_exactmetrics_skip_tracking":false,"_exactmetrics_sitenote_active":false,"_exactmetrics_sitenote_note":"","_exactmetrics_sitenote_category":0,"footnotes":""},"class_list":["post-83","page","type-page","status-publish","hentry"],"translation":{"provider":"WPGlobus","version":"3.0.0","language":"fr","enabled_languages":["de","gb","fr","nl"],"languages":{"de":{"title":true,"content":true,"excerpt":false},"gb":{"title":false,"content":true,"excerpt":false},"fr":{"title":false,"content":true,"excerpt":false},"nl":{"title":false,"content":true,"excerpt":false}}},"yoast_head":"<!-- This site is optimized with the Yoast SEO plugin v24.3 - https:\/\/yoast.com\/wordpress\/plugins\/seo\/ -->\n<title>Datenschutz - Novacom<\/title>\n<meta name=\"robots\" content=\"index, follow, max-snippet:-1, max-image-preview:large, max-video-preview:-1\" \/>\n<link rel=\"canonical\" href=\"https:\/\/novacom-ac.de\/datenschutz\" \/>\n<meta property=\"og:locale\" content=\"fr_FR\" \/>\n<meta property=\"og:type\" content=\"article\" \/>\n<meta property=\"og:title\" content=\"Datenschutz - Novacom\" \/>\n<meta property=\"og:url\" content=\"https:\/\/novacom-ac.de\/datenschutz\" \/>\n<meta property=\"og:site_name\" content=\"Novacom\" \/>\n<meta property=\"article:modified_time\" content=\"2018-04-20T09:13:03+00:00\" \/>\n<meta name=\"twitter:card\" content=\"summary_large_image\" \/>\n<meta name=\"twitter:label1\" content=\"Est. reading time\" \/>\n\t<meta name=\"twitter:data1\" content=\"15 minutes\" \/>\n<script type=\"application\/ld+json\" class=\"yoast-schema-graph\">{\"@context\":\"https:\/\/schema.org\",\"@graph\":[{\"@type\":\"WebPage\",\"@id\":\"https:\/\/novacom-ac.de\/datenschutz\",\"url\":\"https:\/\/novacom-ac.de\/datenschutz\",\"name\":\"Datenschutz - Novacom\",\"isPartOf\":{\"@id\":\"https:\/\/novacom-ac.de\/#website\"},\"datePublished\":\"2018-03-08T20:04:29+00:00\",\"dateModified\":\"2018-04-20T09:13:03+00:00\",\"breadcrumb\":{\"@id\":\"https:\/\/novacom-ac.de\/datenschutz#breadcrumb\"},\"inLanguage\":\"fr-FR\",\"potentialAction\":[{\"@type\":\"ReadAction\",\"target\":[\"https:\/\/novacom-ac.de\/datenschutz\"]}]},{\"@type\":\"BreadcrumbList\",\"@id\":\"https:\/\/novacom-ac.de\/datenschutz#breadcrumb\",\"itemListElement\":[{\"@type\":\"ListItem\",\"position\":1,\"name\":\"Startseite\",\"item\":\"https:\/\/novacom-ac.de\/\"},{\"@type\":\"ListItem\",\"position\":2,\"name\":\"Datenschutz\"}]},{\"@type\":\"WebSite\",\"@id\":\"https:\/\/novacom-ac.de\/#website\",\"url\":\"https:\/\/novacom-ac.de\/\",\"name\":\"Novacom\",\"description\":\"Faserverst\u00e4rkte Kunststoffe\",\"potentialAction\":[{\"@type\":\"SearchAction\",\"target\":{\"@type\":\"EntryPoint\",\"urlTemplate\":\"https:\/\/novacom-ac.de\/?s={search_term_string}\"},\"query-input\":{\"@type\":\"PropertyValueSpecification\",\"valueRequired\":true,\"valueName\":\"search_term_string\"}}],\"inLanguage\":\"fr-FR\"}]}<\/script>\n<!-- \/ Yoast SEO plugin. -->","yoast_head_json":{"title":"Datenschutz - Novacom","robots":{"index":"index","follow":"follow","max-snippet":"max-snippet:-1","max-image-preview":"max-image-preview:large","max-video-preview":"max-video-preview:-1"},"canonical":"https:\/\/novacom-ac.de\/datenschutz","og_locale":"fr_FR","og_type":"article","og_title":"Datenschutz - Novacom","og_url":"https:\/\/novacom-ac.de\/datenschutz","og_site_name":"Novacom","article_modified_time":"2018-04-20T09:13:03+00:00","twitter_card":"summary_large_image","twitter_misc":{"Est. reading time":"15 minutes"},"schema":{"@context":"https:\/\/schema.org","@graph":[{"@type":"WebPage","@id":"https:\/\/novacom-ac.de\/datenschutz","url":"https:\/\/novacom-ac.de\/datenschutz","name":"Datenschutz - Novacom","isPartOf":{"@id":"https:\/\/novacom-ac.de\/#website"},"datePublished":"2018-03-08T20:04:29+00:00","dateModified":"2018-04-20T09:13:03+00:00","breadcrumb":{"@id":"https:\/\/novacom-ac.de\/datenschutz#breadcrumb"},"inLanguage":"fr-FR","potentialAction":[{"@type":"ReadAction","target":["https:\/\/novacom-ac.de\/datenschutz"]}]},{"@type":"BreadcrumbList","@id":"https:\/\/novacom-ac.de\/datenschutz#breadcrumb","itemListElement":[{"@type":"ListItem","position":1,"name":"Startseite","item":"https:\/\/novacom-ac.de\/"},{"@type":"ListItem","position":2,"name":"Datenschutz"}]},{"@type":"WebSite","@id":"https:\/\/novacom-ac.de\/#website","url":"https:\/\/novacom-ac.de\/","name":"Novacom","description":"Faserverst\u00e4rkte Kunststoffe","potentialAction":[{"@type":"SearchAction","target":{"@type":"EntryPoint","urlTemplate":"https:\/\/novacom-ac.de\/?s={search_term_string}"},"query-input":{"@type":"PropertyValueSpecification","valueRequired":true,"valueName":"search_term_string"}}],"inLanguage":"fr-FR"}]}},"_links":{"self":[{"href":"https:\/\/novacom-ac.de\/fr\/wp-json\/wp\/v2\/pages\/83","targetHints":{"allow":["GET"]}}],"collection":[{"href":"https:\/\/novacom-ac.de\/fr\/wp-json\/wp\/v2\/pages"}],"about":[{"href":"https:\/\/novacom-ac.de\/fr\/wp-json\/wp\/v2\/types\/page"}],"author":[{"embeddable":true,"href":"https:\/\/novacom-ac.de\/fr\/wp-json\/wp\/v2\/users\/1"}],"replies":[{"embeddable":true,"href":"https:\/\/novacom-ac.de\/fr\/wp-json\/wp\/v2\/comments?post=83"}],"version-history":[{"count":7,"href":"https:\/\/novacom-ac.de\/fr\/wp-json\/wp\/v2\/pages\/83\/revisions"}],"predecessor-version":[{"id":394,"href":"https:\/\/novacom-ac.de\/fr\/wp-json\/wp\/v2\/pages\/83\/revisions\/394"}],"wp:attachment":[{"href":"https:\/\/novacom-ac.de\/fr\/wp-json\/wp\/v2\/media?parent=83"}],"curies":[{"name":"wp","href":"https:\/\/api.w.org\/{rel}","templated":true}]}}