{"id":79,"date":"2018-03-08T20:59:21","date_gmt":"2018-03-08T19:59:21","guid":{"rendered":"http:\/\/531-style.com\/?page_id=79"},"modified":"2018-04-20T10:32:11","modified_gmt":"2018-04-20T09:32:11","slug":"impressum","status":"publish","type":"page","link":"https:\/\/novacom-ac.de\/fr\/impressum","title":{"rendered":"Mentions l\u00e9gales"},"content":{"rendered":"<h3>Tribunal de greffe<\/h3>\n<p>Tribunal local d&#8217;Aix-la-Chapelle<br \/>\nRegistre du commerce Aachen HRB 4733 HRB 4733<\/p>\n<p>Num\u00e9ro d&#8217;identification de la taxe sur le chiffre d&#8217;affaires<br \/>\nDE 121 678 323<\/p>\n<h3>Si\u00e8ge de l&#8217;entreprise<\/h3>\n<p>Aix-la-Chapelle<\/p>\n<h3>Responsable du contenu des pages<\/h3>\n<p>NOVACOM Verst\u00e4rkte Kunststoffe GmbH<br \/>\nDirecteur g\u00e9n\u00e9ral : Albert Bruns, ing\u00e9nieur dipl\u00f4m\u00e9.<br \/>\nWerkstra\u00dfe 26 &#8211; 52076 Aix-la-Chapelle<br \/>\nT\u00e9l\u00e9phone 0 24 08 \/ 93 89 89 93 &#8211; 0<br \/>\nFax 0 24 08 \/ 93 89 89 93 93 &#8211; 9<br \/>\ninfo@novacom-ac.de<\/p>\n","protected":false},"excerpt":{"rendered":"<p>Tribunal de greffe Tribunal local d&#8217;Aix-la-Chapelle Registre du commerce Aachen HRB 4733 HRB 4733 Num\u00e9ro d&#8217;identification de la taxe sur le chiffre [&hellip;]<\/p>\n","protected":false},"author":1,"featured_media":0,"parent":0,"menu_order":0,"comment_status":"closed","ping_status":"closed","template":"","meta":{"_exactmetrics_skip_tracking":false,"_exactmetrics_sitenote_active":false,"_exactmetrics_sitenote_note":"","_exactmetrics_sitenote_category":0,"footnotes":""},"class_list":["post-79","page","type-page","status-publish","hentry"],"translation":{"provider":"WPGlobus","version":"3.0.0","language":"fr","enabled_languages":["de","gb","fr","nl"],"languages":{"de":{"title":true,"content":true,"excerpt":false},"gb":{"title":true,"content":true,"excerpt":false},"fr":{"title":true,"content":true,"excerpt":false},"nl":{"title":true,"content":true,"excerpt":false}}},"yoast_head":"<!-- This site is optimized with the Yoast SEO plugin v24.3 - https:\/\/yoast.com\/wordpress\/plugins\/seo\/ -->\n<title>Mentions l\u00e9gales - Novacom<\/title>\n<meta name=\"robots\" content=\"index, follow, max-snippet:-1, max-image-preview:large, max-video-preview:-1\" \/>\n<link rel=\"canonical\" href=\"https:\/\/novacom-ac.de\/impressum\" \/>\n<meta property=\"og:locale\" content=\"fr_FR\" \/>\n<meta property=\"og:type\" content=\"article\" \/>\n<meta property=\"og:title\" content=\"Mentions l\u00e9gales - Novacom\" \/>\n<meta property=\"og:url\" content=\"https:\/\/novacom-ac.de\/impressum\" \/>\n<meta property=\"og:site_name\" content=\"Novacom\" \/>\n<meta property=\"article:modified_time\" content=\"2018-04-20T09:32:11+00:00\" \/>\n<meta name=\"twitter:card\" content=\"summary_large_image\" \/>\n<meta name=\"twitter:label1\" content=\"Est. reading time\" \/>\n\t<meta name=\"twitter:data1\" content=\"1 minute\" \/>\n<script type=\"application\/ld+json\" class=\"yoast-schema-graph\">{\"@context\":\"https:\/\/schema.org\",\"@graph\":[{\"@type\":\"WebPage\",\"@id\":\"https:\/\/novacom-ac.de\/impressum\",\"url\":\"https:\/\/novacom-ac.de\/impressum\",\"name\":\"Mentions l\u00e9gales - Novacom\",\"isPartOf\":{\"@id\":\"https:\/\/novacom-ac.de\/#website\"},\"datePublished\":\"2018-03-08T19:59:21+00:00\",\"dateModified\":\"2018-04-20T09:32:11+00:00\",\"breadcrumb\":{\"@id\":\"https:\/\/novacom-ac.de\/impressum#breadcrumb\"},\"inLanguage\":\"fr-FR\",\"potentialAction\":[{\"@type\":\"ReadAction\",\"target\":[\"https:\/\/novacom-ac.de\/impressum\"]}]},{\"@type\":\"BreadcrumbList\",\"@id\":\"https:\/\/novacom-ac.de\/impressum#breadcrumb\",\"itemListElement\":[{\"@type\":\"ListItem\",\"position\":1,\"name\":\"Startseite\",\"item\":\"https:\/\/novacom-ac.de\/\"},{\"@type\":\"ListItem\",\"position\":2,\"name\":\"Impressum\"}]},{\"@type\":\"WebSite\",\"@id\":\"https:\/\/novacom-ac.de\/#website\",\"url\":\"https:\/\/novacom-ac.de\/\",\"name\":\"Novacom\",\"description\":\"Faserverst\u00e4rkte Kunststoffe\",\"potentialAction\":[{\"@type\":\"SearchAction\",\"target\":{\"@type\":\"EntryPoint\",\"urlTemplate\":\"https:\/\/novacom-ac.de\/?s={search_term_string}\"},\"query-input\":{\"@type\":\"PropertyValueSpecification\",\"valueRequired\":true,\"valueName\":\"search_term_string\"}}],\"inLanguage\":\"fr-FR\"}]}<\/script>\n<!-- \/ Yoast SEO plugin. -->","yoast_head_json":{"title":"Mentions l\u00e9gales - Novacom","robots":{"index":"index","follow":"follow","max-snippet":"max-snippet:-1","max-image-preview":"max-image-preview:large","max-video-preview":"max-video-preview:-1"},"canonical":"https:\/\/novacom-ac.de\/impressum","og_locale":"fr_FR","og_type":"article","og_title":"Mentions l\u00e9gales - Novacom","og_url":"https:\/\/novacom-ac.de\/impressum","og_site_name":"Novacom","article_modified_time":"2018-04-20T09:32:11+00:00","twitter_card":"summary_large_image","twitter_misc":{"Est. reading time":"1 minute"},"schema":{"@context":"https:\/\/schema.org","@graph":[{"@type":"WebPage","@id":"https:\/\/novacom-ac.de\/impressum","url":"https:\/\/novacom-ac.de\/impressum","name":"Mentions l\u00e9gales - Novacom","isPartOf":{"@id":"https:\/\/novacom-ac.de\/#website"},"datePublished":"2018-03-08T19:59:21+00:00","dateModified":"2018-04-20T09:32:11+00:00","breadcrumb":{"@id":"https:\/\/novacom-ac.de\/impressum#breadcrumb"},"inLanguage":"fr-FR","potentialAction":[{"@type":"ReadAction","target":["https:\/\/novacom-ac.de\/impressum"]}]},{"@type":"BreadcrumbList","@id":"https:\/\/novacom-ac.de\/impressum#breadcrumb","itemListElement":[{"@type":"ListItem","position":1,"name":"Startseite","item":"https:\/\/novacom-ac.de\/"},{"@type":"ListItem","position":2,"name":"Impressum"}]},{"@type":"WebSite","@id":"https:\/\/novacom-ac.de\/#website","url":"https:\/\/novacom-ac.de\/","name":"Novacom","description":"Faserverst\u00e4rkte Kunststoffe","potentialAction":[{"@type":"SearchAction","target":{"@type":"EntryPoint","urlTemplate":"https:\/\/novacom-ac.de\/?s={search_term_string}"},"query-input":{"@type":"PropertyValueSpecification","valueRequired":true,"valueName":"search_term_string"}}],"inLanguage":"fr-FR"}]}},"_links":{"self":[{"href":"https:\/\/novacom-ac.de\/fr\/wp-json\/wp\/v2\/pages\/79","targetHints":{"allow":["GET"]}}],"collection":[{"href":"https:\/\/novacom-ac.de\/fr\/wp-json\/wp\/v2\/pages"}],"about":[{"href":"https:\/\/novacom-ac.de\/fr\/wp-json\/wp\/v2\/types\/page"}],"author":[{"embeddable":true,"href":"https:\/\/novacom-ac.de\/fr\/wp-json\/wp\/v2\/users\/1"}],"replies":[{"embeddable":true,"href":"https:\/\/novacom-ac.de\/fr\/wp-json\/wp\/v2\/comments?post=79"}],"version-history":[{"count":8,"href":"https:\/\/novacom-ac.de\/fr\/wp-json\/wp\/v2\/pages\/79\/revisions"}],"predecessor-version":[{"id":434,"href":"https:\/\/novacom-ac.de\/fr\/wp-json\/wp\/v2\/pages\/79\/revisions\/434"}],"wp:attachment":[{"href":"https:\/\/novacom-ac.de\/fr\/wp-json\/wp\/v2\/media?parent=79"}],"curies":[{"name":"wp","href":"https:\/\/api.w.org\/{rel}","templated":true}]}}