{"id":46,"date":"2018-03-08T14:45:32","date_gmt":"2018-03-08T14:45:32","guid":{"rendered":"http:\/\/531-style.com\/?page_id=46"},"modified":"2018-04-20T10:00:37","modified_gmt":"2018-04-20T09:00:37","slug":"hochleistungsfasern","status":"publish","type":"page","link":"https:\/\/novacom-ac.de\/fr\/hochleistungsfasern","title":{"rendered":"Fibres haute performance"},"content":{"rendered":"<blockquote><p><img loading=\"lazy\" decoding=\"async\" class=\"size-medium wp-image-42 alignleft\" src=\"http:\/\/novacom-ac.de\/wp-content\/uploads\/2018\/03\/GF3-02938q-300x300.jpg\" alt=\"\" width=\"250\" height=\"250\" \/><br \/>\nLes fibres de verre sont largement utilis\u00e9es comme mat\u00e9riau \u00e9conomique et de haute qualit\u00e9 pour les pi\u00e8ces de rev\u00eatement ainsi que pour les composants structurels. Ils sont trait\u00e9s comme mat\u00e9riau de renforcement avec des r\u00e9sines thermodurcissables telles que les r\u00e9sines polyester insatur\u00e9es (UP) ou les r\u00e9sines \u00e9poxy (EP). Nous traitons les fibres de verre sous forme de tissus, tissus, non tiss\u00e9s, mats ou rovings, unidirectionnels et biaxial et multiaxial. Gr\u00e2ce \u00e0 la large gamme de mat\u00e9riaux disponibles, les fibres peuvent \u00eatre combin\u00e9es de mani\u00e8re optimale pour l&#8217;application respective.<br \/>\n&nbsp;<\/p>\n<p>&nbsp;<\/p>\n<p>&nbsp;\n<\/p><\/blockquote>\n<blockquote><p><img loading=\"lazy\" decoding=\"async\" class=\"wp-image-42 alignleft\" src=\"http:\/\/novacom-ac.de\/wp-content\/uploads\/2018\/03\/SF-02925q-300x300.jpg\" alt=\"\" width=\"250\" height=\"250\" \/><br \/>\nLes fibres de carbone se caract\u00e9risent par une grande r\u00e9sistance et un module d&#8217;\u00e9lasticit\u00e9 \u00e9lev\u00e9 \u00e0 faible densit\u00e9. Cela en fait la fibre de renfort id\u00e9ale pour de nombreuses applications de construction l\u00e9g\u00e8re. En tant que mat\u00e9riau de renforcement \u00e0 base de r\u00e9sine \u00e9poxy, nous traitons \u00e9galement des fibres de carbone comme les tissus, les tissus, les non-tiss\u00e9s ou les rovings. Gr\u00e2ce \u00e0 notre large gamme d&#8217;options de traitement, les composants en fibres de carbone peuvent \u00eatre fabriqu\u00e9s pour r\u00e9pondre aux exigences optiques les plus \u00e9lev\u00e9es.<br \/>\n&nbsp;<\/p>\n<p>&nbsp;<\/p>\n<p>&nbsp;\n<\/p><\/blockquote>\n<blockquote><p><img loading=\"lazy\" decoding=\"async\" class=\"size-medium wp-image-42 alignleft\" src=\"http:\/\/novacom-ac.de\/wp-content\/uploads\/2018\/03\/SF-02931q-300x300.jpg\" alt=\"\" width=\"250\" height=\"250\" \/><br \/>\nEn plus des fibres de verre et de carbone, une grande vari\u00e9t\u00e9 de fibres peuvent \u00eatre utilis\u00e9es comme fibres de renforcement pour les composants composites. Par le biais de divers projets, nous avons de l&#8217;exp\u00e9rience avec les fibres d&#8217;aramide, les fibres de poly\u00e9thyl\u00e8ne \u00e0 haute r\u00e9sistance (par ex. Dyneema\u00ae) et diverses fibres naturelles. Notre coop\u00e9ration dans le cadre de projets de recherche en cours nous offre la possibilit\u00e9 de profiter des nouvelles d\u00e9couvertes dans le domaine des plastiques renforc\u00e9s de fibres et d&#8217;\u00e9largir continuellement notre gamme de services.<br \/>\n&nbsp;<\/p>\n<p>&nbsp;<\/p>\n<p>&nbsp;<\/p>\n<p>&nbsp;<\/p>\n<\/blockquote>\n","protected":false},"excerpt":{"rendered":"<p>Les fibres de verre sont largement utilis\u00e9es comme mat\u00e9riau \u00e9conomique et de haute qualit\u00e9 pour les pi\u00e8ces de rev\u00eatement ainsi que pour [&hellip;]<\/p>\n","protected":false},"author":1,"featured_media":0,"parent":0,"menu_order":0,"comment_status":"closed","ping_status":"closed","template":"page-templates\/page_fullwidth.php","meta":{"_exactmetrics_skip_tracking":false,"_exactmetrics_sitenote_active":false,"_exactmetrics_sitenote_note":"","_exactmetrics_sitenote_category":0,"footnotes":""},"class_list":["post-46","page","type-page","status-publish","hentry"],"translation":{"provider":"WPGlobus","version":"3.0.0","language":"fr","enabled_languages":["de","gb","fr","nl"],"languages":{"de":{"title":true,"content":true,"excerpt":false},"gb":{"title":true,"content":true,"excerpt":false},"fr":{"title":true,"content":true,"excerpt":false},"nl":{"title":true,"content":true,"excerpt":false}}},"yoast_head":"<!-- This site is optimized with the Yoast SEO plugin v24.3 - https:\/\/yoast.com\/wordpress\/plugins\/seo\/ -->\n<title>Fibres haute performance - Novacom<\/title>\n<meta name=\"description\" content=\"Choisir la bonne fibre n&#039;est pas toujours facile. On utilise souvent des fibres qui ne correspondent pas aux propri\u00e9t\u00e9s du composant. Nous vous conseillons volontiers sur l&#039;utilisation des bonnes fibres. Notre spectre s&#039;\u00e9tend de la fibre de carbone \u00e0 la fibre de verre et aux fibres synth\u00e9tiques.\" \/>\n<meta name=\"robots\" content=\"index, follow, max-snippet:-1, max-image-preview:large, max-video-preview:-1\" \/>\n<link rel=\"canonical\" href=\"https:\/\/novacom-ac.de\/hochleistungsfasern\" \/>\n<meta property=\"og:locale\" content=\"fr_FR\" \/>\n<meta property=\"og:type\" content=\"article\" \/>\n<meta property=\"og:title\" content=\"Fibres haute performance - Novacom\" \/>\n<meta property=\"og:description\" content=\"Choisir la bonne fibre n&#039;est pas toujours facile. On utilise souvent des fibres qui ne correspondent pas aux propri\u00e9t\u00e9s du composant. Nous vous conseillons volontiers sur l&#039;utilisation des bonnes fibres. Notre spectre s&#039;\u00e9tend de la fibre de carbone \u00e0 la fibre de verre et aux fibres synth\u00e9tiques.\" \/>\n<meta property=\"og:url\" content=\"https:\/\/novacom-ac.de\/hochleistungsfasern\" \/>\n<meta property=\"og:site_name\" content=\"Novacom\" \/>\n<meta property=\"article:modified_time\" content=\"2018-04-20T09:00:37+00:00\" \/>\n<meta property=\"og:image\" content=\"http:\/\/novacom-ac.de\/wp-content\/uploads\/2018\/03\/GF3-02938q-300x300.jpg\" \/>\n<meta name=\"twitter:card\" content=\"summary_large_image\" \/>\n<meta name=\"twitter:label1\" content=\"Est. reading time\" \/>\n\t<meta name=\"twitter:data1\" content=\"5 minutes\" \/>\n<script type=\"application\/ld+json\" class=\"yoast-schema-graph\">{\"@context\":\"https:\/\/schema.org\",\"@graph\":[{\"@type\":\"WebPage\",\"@id\":\"https:\/\/novacom-ac.de\/hochleistungsfasern\",\"url\":\"https:\/\/novacom-ac.de\/hochleistungsfasern\",\"name\":\"Fibres haute performance - Novacom\",\"isPartOf\":{\"@id\":\"https:\/\/novacom-ac.de\/#website\"},\"primaryImageOfPage\":{\"@id\":\"https:\/\/novacom-ac.de\/hochleistungsfasern#primaryimage\"},\"image\":{\"@id\":\"https:\/\/novacom-ac.de\/hochleistungsfasern#primaryimage\"},\"thumbnailUrl\":\"http:\/\/novacom-ac.de\/wp-content\/uploads\/2018\/03\/GF3-02938q-300x300.jpg\",\"datePublished\":\"2018-03-08T14:45:32+00:00\",\"dateModified\":\"2018-04-20T09:00:37+00:00\",\"description\":\"Choisir la bonne fibre n'est pas toujours facile. On utilise souvent des fibres qui ne correspondent pas aux propri\u00e9t\u00e9s du composant. Nous vous conseillons volontiers sur l'utilisation des bonnes fibres. Notre spectre s'\u00e9tend de la fibre de carbone \u00e0 la fibre de verre et aux fibres synth\u00e9tiques.\",\"breadcrumb\":{\"@id\":\"https:\/\/novacom-ac.de\/hochleistungsfasern#breadcrumb\"},\"inLanguage\":\"fr-FR\",\"potentialAction\":[{\"@type\":\"ReadAction\",\"target\":[\"https:\/\/novacom-ac.de\/hochleistungsfasern\"]}]},{\"@type\":\"ImageObject\",\"inLanguage\":\"fr-FR\",\"@id\":\"https:\/\/novacom-ac.de\/hochleistungsfasern#primaryimage\",\"url\":\"http:\/\/novacom-ac.de\/wp-content\/uploads\/2018\/03\/GF3-02938q-300x300.jpg\",\"contentUrl\":\"http:\/\/novacom-ac.de\/wp-content\/uploads\/2018\/03\/GF3-02938q-300x300.jpg\"},{\"@type\":\"BreadcrumbList\",\"@id\":\"https:\/\/novacom-ac.de\/hochleistungsfasern#breadcrumb\",\"itemListElement\":[{\"@type\":\"ListItem\",\"position\":1,\"name\":\"Startseite\",\"item\":\"https:\/\/novacom-ac.de\/\"},{\"@type\":\"ListItem\",\"position\":2,\"name\":\"Hochleistungsfasern\"}]},{\"@type\":\"WebSite\",\"@id\":\"https:\/\/novacom-ac.de\/#website\",\"url\":\"https:\/\/novacom-ac.de\/\",\"name\":\"Novacom\",\"description\":\"Faserverst\u00e4rkte Kunststoffe\",\"potentialAction\":[{\"@type\":\"SearchAction\",\"target\":{\"@type\":\"EntryPoint\",\"urlTemplate\":\"https:\/\/novacom-ac.de\/?s={search_term_string}\"},\"query-input\":{\"@type\":\"PropertyValueSpecification\",\"valueRequired\":true,\"valueName\":\"search_term_string\"}}],\"inLanguage\":\"fr-FR\"}]}<\/script>\n<!-- \/ Yoast SEO plugin. -->","yoast_head_json":{"title":"Fibres haute performance - Novacom","description":"Choisir la bonne fibre n'est pas toujours facile. On utilise souvent des fibres qui ne correspondent pas aux propri\u00e9t\u00e9s du composant. Nous vous conseillons volontiers sur l'utilisation des bonnes fibres. Notre spectre s'\u00e9tend de la fibre de carbone \u00e0 la fibre de verre et aux fibres synth\u00e9tiques.","robots":{"index":"index","follow":"follow","max-snippet":"max-snippet:-1","max-image-preview":"max-image-preview:large","max-video-preview":"max-video-preview:-1"},"canonical":"https:\/\/novacom-ac.de\/hochleistungsfasern","og_locale":"fr_FR","og_type":"article","og_title":"Fibres haute performance - Novacom","og_description":"Choisir la bonne fibre n'est pas toujours facile. On utilise souvent des fibres qui ne correspondent pas aux propri\u00e9t\u00e9s du composant. Nous vous conseillons volontiers sur l'utilisation des bonnes fibres. Notre spectre s'\u00e9tend de la fibre de carbone \u00e0 la fibre de verre et aux fibres synth\u00e9tiques.","og_url":"https:\/\/novacom-ac.de\/hochleistungsfasern","og_site_name":"Novacom","article_modified_time":"2018-04-20T09:00:37+00:00","og_image":[{"url":"http:\/\/novacom-ac.de\/wp-content\/uploads\/2018\/03\/GF3-02938q-300x300.jpg","type":"","width":"","height":""}],"twitter_card":"summary_large_image","twitter_misc":{"Est. reading time":"5 minutes"},"schema":{"@context":"https:\/\/schema.org","@graph":[{"@type":"WebPage","@id":"https:\/\/novacom-ac.de\/hochleistungsfasern","url":"https:\/\/novacom-ac.de\/hochleistungsfasern","name":"Fibres haute performance - Novacom","isPartOf":{"@id":"https:\/\/novacom-ac.de\/#website"},"primaryImageOfPage":{"@id":"https:\/\/novacom-ac.de\/hochleistungsfasern#primaryimage"},"image":{"@id":"https:\/\/novacom-ac.de\/hochleistungsfasern#primaryimage"},"thumbnailUrl":"http:\/\/novacom-ac.de\/wp-content\/uploads\/2018\/03\/GF3-02938q-300x300.jpg","datePublished":"2018-03-08T14:45:32+00:00","dateModified":"2018-04-20T09:00:37+00:00","description":"Choisir la bonne fibre n'est pas toujours facile. On utilise souvent des fibres qui ne correspondent pas aux propri\u00e9t\u00e9s du composant. Nous vous conseillons volontiers sur l'utilisation des bonnes fibres. Notre spectre s'\u00e9tend de la fibre de carbone \u00e0 la fibre de verre et aux fibres synth\u00e9tiques.","breadcrumb":{"@id":"https:\/\/novacom-ac.de\/hochleistungsfasern#breadcrumb"},"inLanguage":"fr-FR","potentialAction":[{"@type":"ReadAction","target":["https:\/\/novacom-ac.de\/hochleistungsfasern"]}]},{"@type":"ImageObject","inLanguage":"fr-FR","@id":"https:\/\/novacom-ac.de\/hochleistungsfasern#primaryimage","url":"http:\/\/novacom-ac.de\/wp-content\/uploads\/2018\/03\/GF3-02938q-300x300.jpg","contentUrl":"http:\/\/novacom-ac.de\/wp-content\/uploads\/2018\/03\/GF3-02938q-300x300.jpg"},{"@type":"BreadcrumbList","@id":"https:\/\/novacom-ac.de\/hochleistungsfasern#breadcrumb","itemListElement":[{"@type":"ListItem","position":1,"name":"Startseite","item":"https:\/\/novacom-ac.de\/"},{"@type":"ListItem","position":2,"name":"Hochleistungsfasern"}]},{"@type":"WebSite","@id":"https:\/\/novacom-ac.de\/#website","url":"https:\/\/novacom-ac.de\/","name":"Novacom","description":"Faserverst\u00e4rkte Kunststoffe","potentialAction":[{"@type":"SearchAction","target":{"@type":"EntryPoint","urlTemplate":"https:\/\/novacom-ac.de\/?s={search_term_string}"},"query-input":{"@type":"PropertyValueSpecification","valueRequired":true,"valueName":"search_term_string"}}],"inLanguage":"fr-FR"}]}},"_links":{"self":[{"href":"https:\/\/novacom-ac.de\/fr\/wp-json\/wp\/v2\/pages\/46","targetHints":{"allow":["GET"]}}],"collection":[{"href":"https:\/\/novacom-ac.de\/fr\/wp-json\/wp\/v2\/pages"}],"about":[{"href":"https:\/\/novacom-ac.de\/fr\/wp-json\/wp\/v2\/types\/page"}],"author":[{"embeddable":true,"href":"https:\/\/novacom-ac.de\/fr\/wp-json\/wp\/v2\/users\/1"}],"replies":[{"embeddable":true,"href":"https:\/\/novacom-ac.de\/fr\/wp-json\/wp\/v2\/comments?post=46"}],"version-history":[{"count":36,"href":"https:\/\/novacom-ac.de\/fr\/wp-json\/wp\/v2\/pages\/46\/revisions"}],"predecessor-version":[{"id":375,"href":"https:\/\/novacom-ac.de\/fr\/wp-json\/wp\/v2\/pages\/46\/revisions\/375"}],"wp:attachment":[{"href":"https:\/\/novacom-ac.de\/fr\/wp-json\/wp\/v2\/media?parent=46"}],"curies":[{"name":"wp","href":"https:\/\/api.w.org\/{rel}","templated":true}]}}