{"id":41,"date":"2018-03-08T14:38:50","date_gmt":"2018-03-08T14:38:50","guid":{"rendered":"http:\/\/531-style.com\/?page_id=41"},"modified":"2018-04-20T10:49:34","modified_gmt":"2018-04-20T09:49:34","slug":"kernwerkstoffe","status":"publish","type":"page","link":"https:\/\/novacom-ac.de\/fr\/kernwerkstoffe","title":{"rendered":"St\u00fctzstoffe"},"content":{"rendered":"<blockquote><p><img loading=\"lazy\" decoding=\"async\" class=\"size-medium wp-image-42 alignleft\" src=\"http:\/\/novacom-ac.de\/wp-content\/uploads\/2018\/03\/wabe2-02939q-300x300.jpg\" alt=\"\" width=\"250\" height=\"250\" srcset=\"https:\/\/novacom-ac.de\/wp-content\/uploads\/2018\/03\/wabe2-02939q-300x300.jpg 300w, https:\/\/novacom-ac.de\/wp-content\/uploads\/2018\/03\/wabe2-02939q-150x150.jpg 150w, https:\/\/novacom-ac.de\/wp-content\/uploads\/2018\/03\/wabe2-02939q-768x768.jpg 768w, https:\/\/novacom-ac.de\/wp-content\/uploads\/2018\/03\/wabe2-02939q-1024x1024.jpg 1024w, https:\/\/novacom-ac.de\/wp-content\/uploads\/2018\/03\/wabe2-02939q-830x830.jpg 830w, https:\/\/novacom-ac.de\/wp-content\/uploads\/2018\/03\/wabe2-02939q-230x230.jpg 230w, https:\/\/novacom-ac.de\/wp-content\/uploads\/2018\/03\/wabe2-02939q-350x350.jpg 350w, https:\/\/novacom-ac.de\/wp-content\/uploads\/2018\/03\/wabe2-02939q-480x480.jpg 480w, https:\/\/novacom-ac.de\/wp-content\/uploads\/2018\/03\/wabe2-02939q.jpg 2000w\" sizes=\"auto, (max-width: 250px) 100vw, 250px\" \/><br \/>\nDiff\u00e9rents mat\u00e9riaux de support sont utilis\u00e9s dans la fabrication de composants sandwich, en fonction des exigences. Afin d&#8217;obtenir la plus grande efficacit\u00e9 possible, ceux-ci devraient pouvoir \u00eatre trait\u00e9s en une seule \u00e9tape.<\/p>\n<p>Les mousses \u00e0 cellules ferm\u00e9es en PET, PMI ou PVC sont le plus souvent utilis\u00e9es. Ils peuvent \u00eatre particuli\u00e8rement bien utilis\u00e9s dans les proc\u00e9d\u00e9s de RTM ferm\u00e9s et d&#8217;infusion sous vide et permettent d&#8217;obtenir des composants structurels avec un poids mort extr\u00eamement faible. Les mousses peuvent \u00eatre utilis\u00e9es comme \u00e9bauches de plaques ou de films ou comme noyaux frais\u00e9s. Gr\u00e2ce \u00e0 l&#8217;utilisation de mousses, il est possible de produire des structures particuli\u00e8rement r\u00e9sistantes aux dommages qui, si n\u00e9cessaire, r\u00e9pondent \u00e9galement \u00e0 des exigences \u00e9lev\u00e9es en mati\u00e8re de protection contre l&#8217;incendie. De plus, les mousses peuvent \u00eatre munies de fibres de renforcement introduites perpendiculairement \u00e0 la surface de sorte qu&#8217;une structure composite tridimensionnelle est cr\u00e9\u00e9e par impr\u00e9gnation des fibres.<\/p>\n<p>Pour am\u00e9liorer les surfaces ou les constructions sandwich relativement minces, nous utilisons des non-tiss\u00e9s volumineux, qui se caract\u00e9risent avant tout par une faible r\u00e9sistance \u00e0 l&#8217;\u00e9coulement dans les processus ci-dessus. La couche interm\u00e9diaire absorbe la r\u00e9sine et peut donc \u00eatre utilis\u00e9e comme milieu d&#8217;\u00e9coulement. Les prix plus bas des mat\u00e9riaux et la facilit\u00e9 de mise en \u0153uvre conduisent \u00e0 une rentabilit\u00e9 \u00e9lev\u00e9e, en particulier pour les grandes quantit\u00e9s.<\/p>\n<p>Les mat\u00e9riaux naturels tels que le li\u00e8ge et le balsa peuvent \u00e9galement \u00eatre utilis\u00e9s comme mat\u00e9riaux de support dans les constructions sandwich. Les valeurs d&#8217;amortissement \u00e9lev\u00e9es, qui permettent d&#8217;influencer et d&#8217;am\u00e9liorer sp\u00e9cifiquement le comportement vibratoire des composants, sont particuli\u00e8rement int\u00e9ressantes. Les noyaux en balsa peuvent \u00eatre utilis\u00e9s, par exemple, pour produire des structures particuli\u00e8rement rigides.<\/p>\n<p>Les noyaux en nid d&#8217;abeilles en composite ou en aluminium sont utilis\u00e9s pour des structures extr\u00eamement l\u00e9g\u00e8res. Dans un processus en plusieurs \u00e9tapes, les couches sup\u00e9rieures du sandwich doivent d&#8217;abord \u00eatre produites s\u00e9par\u00e9ment, puis coll\u00e9es sur le mat\u00e9riau de base lors d&#8217;une autre \u00e9tape de travail.<\/p><\/blockquote>\n","protected":false},"excerpt":{"rendered":"<p>Diff\u00e9rents mat\u00e9riaux de support sont utilis\u00e9s dans la fabrication de composants sandwich, en fonction des exigences. Afin d&#8217;obtenir la plus grande efficacit\u00e9 [&hellip;]<\/p>\n","protected":false},"author":1,"featured_media":0,"parent":0,"menu_order":0,"comment_status":"closed","ping_status":"closed","template":"page-templates\/page_fullwidth.php","meta":{"_exactmetrics_skip_tracking":false,"_exactmetrics_sitenote_active":false,"_exactmetrics_sitenote_note":"","_exactmetrics_sitenote_category":0,"footnotes":""},"class_list":["post-41","page","type-page","status-publish","hentry"],"translation":{"provider":"WPGlobus","version":"3.0.0","language":"fr","enabled_languages":["de","gb","fr","nl"],"languages":{"de":{"title":true,"content":true,"excerpt":false},"gb":{"title":true,"content":true,"excerpt":false},"fr":{"title":false,"content":true,"excerpt":false},"nl":{"title":true,"content":true,"excerpt":false}}},"yoast_head":"<!-- This site is optimized with the Yoast SEO plugin v24.3 - https:\/\/yoast.com\/wordpress\/plugins\/seo\/ -->\n<title>- Novacom<\/title>\n<meta name=\"robots\" content=\"index, follow, max-snippet:-1, max-image-preview:large, max-video-preview:-1\" \/>\n<link rel=\"canonical\" href=\"https:\/\/novacom-ac.de\/kernwerkstoffe\" \/>\n<meta property=\"og:locale\" content=\"fr_FR\" \/>\n<meta property=\"og:type\" content=\"article\" \/>\n<meta property=\"og:title\" content=\"- Novacom\" \/>\n<meta property=\"og:url\" content=\"https:\/\/novacom-ac.de\/kernwerkstoffe\" \/>\n<meta property=\"og:site_name\" content=\"Novacom\" \/>\n<meta property=\"article:modified_time\" content=\"2018-04-20T09:49:34+00:00\" \/>\n<meta property=\"og:image\" content=\"http:\/\/novacom-ac.de\/wp-content\/uploads\/2018\/03\/wabe2-02939q-300x300.jpg\" \/>\n<meta name=\"twitter:card\" content=\"summary_large_image\" \/>\n<meta name=\"twitter:label1\" content=\"Est. reading time\" \/>\n\t<meta name=\"twitter:data1\" content=\"6 minutes\" \/>\n<script type=\"application\/ld+json\" class=\"yoast-schema-graph\">{\"@context\":\"https:\/\/schema.org\",\"@graph\":[{\"@type\":\"WebPage\",\"@id\":\"https:\/\/novacom-ac.de\/kernwerkstoffe\",\"url\":\"https:\/\/novacom-ac.de\/kernwerkstoffe\",\"name\":\"- Novacom\",\"isPartOf\":{\"@id\":\"https:\/\/novacom-ac.de\/#website\"},\"primaryImageOfPage\":{\"@id\":\"https:\/\/novacom-ac.de\/kernwerkstoffe#primaryimage\"},\"image\":{\"@id\":\"https:\/\/novacom-ac.de\/kernwerkstoffe#primaryimage\"},\"thumbnailUrl\":\"http:\/\/novacom-ac.de\/wp-content\/uploads\/2018\/03\/wabe2-02939q-300x300.jpg\",\"datePublished\":\"2018-03-08T14:38:50+00:00\",\"dateModified\":\"2018-04-20T09:49:34+00:00\",\"breadcrumb\":{\"@id\":\"https:\/\/novacom-ac.de\/kernwerkstoffe#breadcrumb\"},\"inLanguage\":\"fr-FR\",\"potentialAction\":[{\"@type\":\"ReadAction\",\"target\":[\"https:\/\/novacom-ac.de\/kernwerkstoffe\"]}]},{\"@type\":\"ImageObject\",\"inLanguage\":\"fr-FR\",\"@id\":\"https:\/\/novacom-ac.de\/kernwerkstoffe#primaryimage\",\"url\":\"http:\/\/novacom-ac.de\/wp-content\/uploads\/2018\/03\/wabe2-02939q-300x300.jpg\",\"contentUrl\":\"http:\/\/novacom-ac.de\/wp-content\/uploads\/2018\/03\/wabe2-02939q-300x300.jpg\"},{\"@type\":\"BreadcrumbList\",\"@id\":\"https:\/\/novacom-ac.de\/kernwerkstoffe#breadcrumb\",\"itemListElement\":[{\"@type\":\"ListItem\",\"position\":1,\"name\":\"Startseite\",\"item\":\"https:\/\/novacom-ac.de\/\"},{\"@type\":\"ListItem\",\"position\":2,\"name\":\"St\u00fctzstoffe\"}]},{\"@type\":\"WebSite\",\"@id\":\"https:\/\/novacom-ac.de\/#website\",\"url\":\"https:\/\/novacom-ac.de\/\",\"name\":\"Novacom\",\"description\":\"Faserverst\u00e4rkte Kunststoffe\",\"potentialAction\":[{\"@type\":\"SearchAction\",\"target\":{\"@type\":\"EntryPoint\",\"urlTemplate\":\"https:\/\/novacom-ac.de\/?s={search_term_string}\"},\"query-input\":{\"@type\":\"PropertyValueSpecification\",\"valueRequired\":true,\"valueName\":\"search_term_string\"}}],\"inLanguage\":\"fr-FR\"}]}<\/script>\n<!-- \/ Yoast SEO plugin. -->","yoast_head_json":{"title":"- Novacom","robots":{"index":"index","follow":"follow","max-snippet":"max-snippet:-1","max-image-preview":"max-image-preview:large","max-video-preview":"max-video-preview:-1"},"canonical":"https:\/\/novacom-ac.de\/kernwerkstoffe","og_locale":"fr_FR","og_type":"article","og_title":"- Novacom","og_url":"https:\/\/novacom-ac.de\/kernwerkstoffe","og_site_name":"Novacom","article_modified_time":"2018-04-20T09:49:34+00:00","og_image":[{"url":"http:\/\/novacom-ac.de\/wp-content\/uploads\/2018\/03\/wabe2-02939q-300x300.jpg","type":"","width":"","height":""}],"twitter_card":"summary_large_image","twitter_misc":{"Est. reading time":"6 minutes"},"schema":{"@context":"https:\/\/schema.org","@graph":[{"@type":"WebPage","@id":"https:\/\/novacom-ac.de\/kernwerkstoffe","url":"https:\/\/novacom-ac.de\/kernwerkstoffe","name":"- Novacom","isPartOf":{"@id":"https:\/\/novacom-ac.de\/#website"},"primaryImageOfPage":{"@id":"https:\/\/novacom-ac.de\/kernwerkstoffe#primaryimage"},"image":{"@id":"https:\/\/novacom-ac.de\/kernwerkstoffe#primaryimage"},"thumbnailUrl":"http:\/\/novacom-ac.de\/wp-content\/uploads\/2018\/03\/wabe2-02939q-300x300.jpg","datePublished":"2018-03-08T14:38:50+00:00","dateModified":"2018-04-20T09:49:34+00:00","breadcrumb":{"@id":"https:\/\/novacom-ac.de\/kernwerkstoffe#breadcrumb"},"inLanguage":"fr-FR","potentialAction":[{"@type":"ReadAction","target":["https:\/\/novacom-ac.de\/kernwerkstoffe"]}]},{"@type":"ImageObject","inLanguage":"fr-FR","@id":"https:\/\/novacom-ac.de\/kernwerkstoffe#primaryimage","url":"http:\/\/novacom-ac.de\/wp-content\/uploads\/2018\/03\/wabe2-02939q-300x300.jpg","contentUrl":"http:\/\/novacom-ac.de\/wp-content\/uploads\/2018\/03\/wabe2-02939q-300x300.jpg"},{"@type":"BreadcrumbList","@id":"https:\/\/novacom-ac.de\/kernwerkstoffe#breadcrumb","itemListElement":[{"@type":"ListItem","position":1,"name":"Startseite","item":"https:\/\/novacom-ac.de\/"},{"@type":"ListItem","position":2,"name":"St\u00fctzstoffe"}]},{"@type":"WebSite","@id":"https:\/\/novacom-ac.de\/#website","url":"https:\/\/novacom-ac.de\/","name":"Novacom","description":"Faserverst\u00e4rkte Kunststoffe","potentialAction":[{"@type":"SearchAction","target":{"@type":"EntryPoint","urlTemplate":"https:\/\/novacom-ac.de\/?s={search_term_string}"},"query-input":{"@type":"PropertyValueSpecification","valueRequired":true,"valueName":"search_term_string"}}],"inLanguage":"fr-FR"}]}},"_links":{"self":[{"href":"https:\/\/novacom-ac.de\/fr\/wp-json\/wp\/v2\/pages\/41","targetHints":{"allow":["GET"]}}],"collection":[{"href":"https:\/\/novacom-ac.de\/fr\/wp-json\/wp\/v2\/pages"}],"about":[{"href":"https:\/\/novacom-ac.de\/fr\/wp-json\/wp\/v2\/types\/page"}],"author":[{"embeddable":true,"href":"https:\/\/novacom-ac.de\/fr\/wp-json\/wp\/v2\/users\/1"}],"replies":[{"embeddable":true,"href":"https:\/\/novacom-ac.de\/fr\/wp-json\/wp\/v2\/comments?post=41"}],"version-history":[{"count":17,"href":"https:\/\/novacom-ac.de\/fr\/wp-json\/wp\/v2\/pages\/41\/revisions"}],"predecessor-version":[{"id":413,"href":"https:\/\/novacom-ac.de\/fr\/wp-json\/wp\/v2\/pages\/41\/revisions\/413"}],"wp:attachment":[{"href":"https:\/\/novacom-ac.de\/fr\/wp-json\/wp\/v2\/media?parent=41"}],"curies":[{"name":"wp","href":"https:\/\/api.w.org\/{rel}","templated":true}]}}