{"id":31,"date":"2018-03-08T14:03:32","date_gmt":"2018-03-08T14:03:32","guid":{"rendered":"http:\/\/531-style.com\/?page_id=31"},"modified":"2018-04-20T08:06:06","modified_gmt":"2018-04-20T07:06:06","slug":"home","status":"publish","type":"page","link":"https:\/\/novacom-ac.de\/fr\/","title":{"rendered":"Home"},"content":{"rendered":"<h2 style=\"text-align: center;\">Des id\u00e9es composites innovantes en s\u00e9rie !<\/h2>\n<h6 style=\"text-align: center;\">Plus de 30 ans d&#8217;exp\u00e9rience dans le domaine des composites nous ont mis en contact avec une grande vari\u00e9t\u00e9 d&#8217;applications :<\/h6>\n<p style=\"text-align: center;\"><strong>Porte-batterie pour E-bus\u00a0\u00a0\u00a0\u00a0 <\/strong>Protecteurs contre les chutes de pierres<strong>\u00a0\u00a0\u00a0\u00a0 <\/strong>Couvercle de soupape pour motos<\/p>\n<p style=\"text-align: center;\">GRP Ressorts \u00e0 lames<strong>\u00a0\u00a0\u00a0\u00a0 <\/strong>Guide-fil pour machines textiles<strong>\u00a0\u00a0\u00a0\u00a0 Coques dures pour casques de v\u00e9lo<\/strong><\/p>\n<p style=\"text-align: center;\">Arbres de transmission de voitures<strong>\u00a0\u00a0\u00a0\u00a0 <\/strong>Rev\u00eatement int\u00e9rieur et ext\u00e9rieur pour tramways et trains<strong>\u00a0\u00a0\u00a0\u00a0 <\/strong>Plektren<\/p>\n<p style=\"text-align: center;\">Poteaux en PRFC<strong>\u00a0\u00a0\u00a0\u00a0 <\/strong>Pi\u00e8ces de recouvrement pour tables d&#8217;op\u00e9ration<strong>\u00a0\u00a0\u00a0\u00a0 <\/strong>Plaques pour matrices de gaufrage<strong>\u00a0\u00a0\u00a0\u00a0 <\/strong>Abreuvoirs<\/p>\n<p style=\"text-align: center;\">B\u00e2tons de hockey<strong>\u00a0\u00a0\u00a0\u00a0 Pi\u00e8ces de recouvrement pour tables d&#8217;op\u00e9ration\u00a0\u00a0\u00a0\u00a0 <\/strong>Plaques pour matrices de gaufrage<strong>\u00a0\u00a0\u00a0\u00a0 <\/strong>Abreuvoirs pour chevaux<\/p>\n<p style=\"text-align: center;\">Planches d&#8217;\u00e9chafaudage<strong>\u00a0\u00a0\u00a0\u00a0 <\/strong>Coques de si\u00e8ge<strong>\u00a0\u00a0\u00a0\u00a0 Pi\u00e8ces en PRFC pour une exp\u00e9rience physique majeure<\/strong><\/p>\n<p style=\"text-align: center;\">T\u00eate transversale pour machine \u00e0 papier<strong>\u00a0\u00a0\u00a0\u00a0 <\/strong>Cadre de motocyclette<strong>\u00a0\u00a0\u00a0\u00a0 <\/strong>CFK Plateaux moul\u00e9s pour mandrins en papier<\/p>\n<p style=\"text-align: center;\"><strong>Remorques de voiture \u00e0 des fins publicitaires\u00a0\u00a0\u00a0\u00a0 <\/strong>Casques de parachute<strong>\u00a0\u00a0\u00a0\u00a0 <\/strong>Casques de moto Side-cars de moto<\/p>\n<p style=\"text-align: center;\">R\u00e9servoirs, bancs et car\u00e9nages de motocyclettes<strong>\u00a0\u00a0\u00a0\u00a0 Conteneurs et palettes de fret a\u00e9rien<\/strong><\/p>\n<p style=\"text-align: center;\">Composants CFRP pour machines-outils<strong>\u00a0\u00a0\u00a0\u00a0 <\/strong>&#8220;Bonnets&#8221; pour karts \u00e0 go-karts<strong>\u00a0\u00a0\u00a0\u00a0 <\/strong>Moules n\u00e9gatifs<\/p>\n<p style=\"text-align: center;\">Porte-bobines pour la teinture de fils<strong>\u00a0\u00a0\u00a0\u00a0 <\/strong>Pi\u00e8ces de carrosserie pour voitures de course<strong>\u00a0\u00a0\u00a0\u00a0 <\/strong>Bancs pour piscines int\u00e9rieures<\/p>\n<p style=\"text-align: center;\"><strong>Cadres en PRV pour bogies de chemin de fer\u00a0\u00a0\u00a0\u00a0 <\/strong>Composants en PRFC pour l&#8217;\u00e9quipement m\u00e9dical<\/p>\n<p style=\"text-align: center;\">Bras de robot<strong>\u00a0\u00a0\u00a0\u00a0 <\/strong>CFK corps de base pour meules<strong>\u00a0\u00a0\u00a0\u00a0 <\/strong>Planche de r\u00e9sonance pour piano<\/p>\n<p style=\"text-align: center;\">Composants CFRP pour instruments de mesure<strong>\u00a0\u00a0\u00a0\u00a0<\/strong> <strong>Composants pour accumulateurs d&#8217;\u00e9nergie de volants d&#8217;inertie<\/strong><\/p>\n<h6 style=\"text-align: center;\">Quelle est votre application innovante ? Vous avez besoin d&#8217;un concept composite r\u00e9alisable ? Quels sont vos objectifs ?<\/h6>\n<h6 style=\"text-align: center;\">Conserver les ressources, am\u00e9liorer le bilan CO2, r\u00e9duire les co\u00fbts du cycle de vie, am\u00e9liorer la durabilit\u00e9, int\u00e9grer les fonctions, prolonger la dur\u00e9e de vie, r\u00e9duire les \u00e9missions sonores, am\u00e9liorer le comportement au feu, r\u00e9duire le nombre de pi\u00e8ces, augmenter l&#8217;efficacit\u00e9 ou simplement r\u00e9duire la masse ?<\/h6>\n<h6 style=\"text-align: center;\">Nous sommes heureux de mettre nos connaissances et nos comp\u00e9tences \u00e0 votre disposition,<br \/>\npour d\u00e9velopper et fabriquer un produit de s\u00e9rie \u00e0 partir de votre id\u00e9e composite,<br \/>\nmat\u00e9riel-\u00e9quitable, orient\u00e9 qualit\u00e9 et processus, \u00e9conomique.<\/h6>\n","protected":false},"excerpt":{"rendered":"<p>Des id\u00e9es composites innovantes en s\u00e9rie ! Plus de 30 ans d&#8217;exp\u00e9rience dans le domaine des composites nous ont mis en contact [&hellip;]<\/p>\n","protected":false},"author":1,"featured_media":0,"parent":0,"menu_order":0,"comment_status":"closed","ping_status":"closed","template":"page-templates\/page_fullwidth.php","meta":{"_exactmetrics_skip_tracking":false,"_exactmetrics_sitenote_active":false,"_exactmetrics_sitenote_note":"","_exactmetrics_sitenote_category":0,"footnotes":""},"class_list":["post-31","page","type-page","status-publish","hentry"],"translation":{"provider":"WPGlobus","version":"3.0.0","language":"fr","enabled_languages":["de","gb","fr","nl"],"languages":{"de":{"title":true,"content":true,"excerpt":false},"gb":{"title":true,"content":true,"excerpt":false},"fr":{"title":true,"content":true,"excerpt":false},"nl":{"title":true,"content":true,"excerpt":false}}},"yoast_head":"<!-- This site is optimized with the Yoast SEO plugin v24.3 - https:\/\/yoast.com\/wordpress\/plugins\/seo\/ -->\n<title>Home - Novacom<\/title>\n<meta name=\"robots\" content=\"index, follow, max-snippet:-1, max-image-preview:large, max-video-preview:-1\" \/>\n<link rel=\"canonical\" href=\"https:\/\/novacom-ac.de\/\" \/>\n<meta property=\"og:locale\" content=\"fr_FR\" \/>\n<meta property=\"og:type\" content=\"article\" \/>\n<meta property=\"og:title\" content=\"Home - Novacom\" \/>\n<meta property=\"og:url\" content=\"https:\/\/novacom-ac.de\/\" \/>\n<meta property=\"og:site_name\" content=\"Novacom\" \/>\n<meta property=\"article:modified_time\" content=\"2018-04-20T07:06:06+00:00\" \/>\n<meta name=\"twitter:card\" content=\"summary_large_image\" \/>\n<meta name=\"twitter:label1\" content=\"Est. reading time\" \/>\n\t<meta name=\"twitter:data1\" content=\"5 minutes\" \/>\n<script type=\"application\/ld+json\" class=\"yoast-schema-graph\">{\"@context\":\"https:\/\/schema.org\",\"@graph\":[{\"@type\":\"WebPage\",\"@id\":\"https:\/\/novacom-ac.de\/\",\"url\":\"https:\/\/novacom-ac.de\/\",\"name\":\"Home - Novacom\",\"isPartOf\":{\"@id\":\"https:\/\/novacom-ac.de\/#website\"},\"datePublished\":\"2018-03-08T14:03:32+00:00\",\"dateModified\":\"2018-04-20T07:06:06+00:00\",\"description\":\"Faserverbund Werkstoffe Von der Idee bis zur Serie. Egal ob aus CFK oder GFK. Werkstofforientiert und wirtschaftlich.\",\"breadcrumb\":{\"@id\":\"https:\/\/novacom-ac.de\/#breadcrumb\"},\"inLanguage\":\"fr-FR\",\"potentialAction\":[{\"@type\":\"ReadAction\",\"target\":[\"https:\/\/novacom-ac.de\/\"]}]},{\"@type\":\"BreadcrumbList\",\"@id\":\"https:\/\/novacom-ac.de\/#breadcrumb\",\"itemListElement\":[{\"@type\":\"ListItem\",\"position\":1,\"name\":\"Startseite\",\"item\":\"https:\/\/novacom-ac.de\/\"},{\"@type\":\"ListItem\",\"position\":2,\"name\":\"Home\"}]},{\"@type\":\"WebSite\",\"@id\":\"https:\/\/novacom-ac.de\/#website\",\"url\":\"https:\/\/novacom-ac.de\/\",\"name\":\"Novacom\",\"description\":\"Faserverst\u00e4rkte Kunststoffe\",\"potentialAction\":[{\"@type\":\"SearchAction\",\"target\":{\"@type\":\"EntryPoint\",\"urlTemplate\":\"https:\/\/novacom-ac.de\/?s={search_term_string}\"},\"query-input\":{\"@type\":\"PropertyValueSpecification\",\"valueRequired\":true,\"valueName\":\"search_term_string\"}}],\"inLanguage\":\"fr-FR\"}]}<\/script>\n<!-- \/ Yoast SEO plugin. -->","yoast_head_json":{"title":"Home - Novacom","robots":{"index":"index","follow":"follow","max-snippet":"max-snippet:-1","max-image-preview":"max-image-preview:large","max-video-preview":"max-video-preview:-1"},"canonical":"https:\/\/novacom-ac.de\/","og_locale":"fr_FR","og_type":"article","og_title":"Home - Novacom","og_url":"https:\/\/novacom-ac.de\/","og_site_name":"Novacom","article_modified_time":"2018-04-20T07:06:06+00:00","twitter_card":"summary_large_image","twitter_misc":{"Est. reading time":"5 minutes"},"schema":{"@context":"https:\/\/schema.org","@graph":[{"@type":"WebPage","@id":"https:\/\/novacom-ac.de\/","url":"https:\/\/novacom-ac.de\/","name":"Home - Novacom","isPartOf":{"@id":"https:\/\/novacom-ac.de\/#website"},"datePublished":"2018-03-08T14:03:32+00:00","dateModified":"2018-04-20T07:06:06+00:00","description":"Faserverbund Werkstoffe Von der Idee bis zur Serie. Egal ob aus CFK oder GFK. Werkstofforientiert und wirtschaftlich.","breadcrumb":{"@id":"https:\/\/novacom-ac.de\/#breadcrumb"},"inLanguage":"fr-FR","potentialAction":[{"@type":"ReadAction","target":["https:\/\/novacom-ac.de\/"]}]},{"@type":"BreadcrumbList","@id":"https:\/\/novacom-ac.de\/#breadcrumb","itemListElement":[{"@type":"ListItem","position":1,"name":"Startseite","item":"https:\/\/novacom-ac.de\/"},{"@type":"ListItem","position":2,"name":"Home"}]},{"@type":"WebSite","@id":"https:\/\/novacom-ac.de\/#website","url":"https:\/\/novacom-ac.de\/","name":"Novacom","description":"Faserverst\u00e4rkte Kunststoffe","potentialAction":[{"@type":"SearchAction","target":{"@type":"EntryPoint","urlTemplate":"https:\/\/novacom-ac.de\/?s={search_term_string}"},"query-input":{"@type":"PropertyValueSpecification","valueRequired":true,"valueName":"search_term_string"}}],"inLanguage":"fr-FR"}]}},"_links":{"self":[{"href":"https:\/\/novacom-ac.de\/fr\/wp-json\/wp\/v2\/pages\/31","targetHints":{"allow":["GET"]}}],"collection":[{"href":"https:\/\/novacom-ac.de\/fr\/wp-json\/wp\/v2\/pages"}],"about":[{"href":"https:\/\/novacom-ac.de\/fr\/wp-json\/wp\/v2\/types\/page"}],"author":[{"embeddable":true,"href":"https:\/\/novacom-ac.de\/fr\/wp-json\/wp\/v2\/users\/1"}],"replies":[{"embeddable":true,"href":"https:\/\/novacom-ac.de\/fr\/wp-json\/wp\/v2\/comments?post=31"}],"version-history":[{"count":30,"href":"https:\/\/novacom-ac.de\/fr\/wp-json\/wp\/v2\/pages\/31\/revisions"}],"predecessor-version":[{"id":362,"href":"https:\/\/novacom-ac.de\/fr\/wp-json\/wp\/v2\/pages\/31\/revisions\/362"}],"wp:attachment":[{"href":"https:\/\/novacom-ac.de\/fr\/wp-json\/wp\/v2\/media?parent=31"}],"curies":[{"name":"wp","href":"https:\/\/api.w.org\/{rel}","templated":true}]}}