{"id":155,"date":"2018-03-09T16:38:55","date_gmt":"2018-03-09T15:38:55","guid":{"rendered":"http:\/\/531-style.com\/?page_id=155"},"modified":"2018-04-20T10:38:25","modified_gmt":"2018-04-20T09:38:25","slug":"maschinenbau","status":"publish","type":"page","link":"https:\/\/novacom-ac.de\/fr\/maschinenbau","title":{"rendered":"G\u00e9nie m\u00e9canique"},"content":{"rendered":"<blockquote><p><img loading=\"lazy\" decoding=\"async\" class=\"size-full wp-image-193 aligncenter\" src=\"http:\/\/novacom-ac.de\/wp-content\/uploads\/2018\/03\/modell-02963-e1520631463664.jpg\" alt=\"\" width=\"750\" height=\"400\" \/><br \/>\nLes composites prennent de plus en plus d&#8217;importance dans l&#8217;ing\u00e9nierie m\u00e9canique. Ici, nous fabriquons des produits sp\u00e9ciaux pour des applications exp\u00e9rimentales et sp\u00e9ciales.<\/p>\n<p>Dans le processus d&#8217;infusion sous vide, nous produisons des produits semi-finis en plaques CFRP jusqu&#8217;\u00e0 environ 36 mm d&#8217;\u00e9paisseur, \u00e0 partir desquels sont fabriqu\u00e9s des corps de base pour meules. Ce mat\u00e9riau convient particuli\u00e8rement bien lorsqu&#8217;une faible dilatation thermique du mat\u00e9riau de base est n\u00e9cessaire.<\/p>\n<p>De nombreuses applications, non seulement des CFRP, des bras changeurs d&#8217;outils, des diff\u00e9rents supports de syst\u00e8mes de mesure, des supports de bobines de fil de grande taille et des traverses longues et minces pour les machines \u00e0 papier, ont \u00e9t\u00e9 r\u00e9alis\u00e9es dans notre entreprise au fil des ann\u00e9es.<\/p>\n","protected":false},"excerpt":{"rendered":"<p>Les composites prennent de plus en plus d&#8217;importance dans l&#8217;ing\u00e9nierie m\u00e9canique. Ici, nous fabriquons des produits sp\u00e9ciaux pour des applications exp\u00e9rimentales et [&hellip;]<\/p>\n","protected":false},"author":1,"featured_media":0,"parent":0,"menu_order":0,"comment_status":"closed","ping_status":"closed","template":"page-templates\/page_fullwidth.php","meta":{"_exactmetrics_skip_tracking":false,"_exactmetrics_sitenote_active":false,"_exactmetrics_sitenote_note":"","_exactmetrics_sitenote_category":0,"footnotes":""},"class_list":["post-155","page","type-page","status-publish","hentry"],"translation":{"provider":"WPGlobus","version":"3.0.0","language":"fr","enabled_languages":["de","gb","fr","nl"],"languages":{"de":{"title":true,"content":true,"excerpt":false},"gb":{"title":true,"content":true,"excerpt":false},"fr":{"title":true,"content":true,"excerpt":false},"nl":{"title":true,"content":true,"excerpt":false}}},"yoast_head":"<!-- This site is optimized with the Yoast SEO plugin v24.3 - https:\/\/yoast.com\/wordpress\/plugins\/seo\/ -->\n<title>G\u00e9nie m\u00e9canique - Novacom<\/title>\n<meta name=\"robots\" content=\"index, follow, max-snippet:-1, max-image-preview:large, max-video-preview:-1\" \/>\n<link rel=\"canonical\" href=\"https:\/\/novacom-ac.de\/maschinenbau\" \/>\n<meta property=\"og:locale\" content=\"fr_FR\" \/>\n<meta property=\"og:type\" content=\"article\" \/>\n<meta property=\"og:title\" content=\"G\u00e9nie m\u00e9canique - Novacom\" \/>\n<meta property=\"og:url\" content=\"https:\/\/novacom-ac.de\/maschinenbau\" \/>\n<meta property=\"og:site_name\" content=\"Novacom\" \/>\n<meta property=\"article:modified_time\" content=\"2018-04-20T09:38:25+00:00\" \/>\n<meta property=\"og:image\" content=\"http:\/\/novacom-ac.de\/wp-content\/uploads\/2018\/03\/modell-02963-e1520631463664.jpg\" \/>\n<meta name=\"twitter:card\" content=\"summary_large_image\" \/>\n<meta name=\"twitter:label1\" content=\"Est. reading time\" \/>\n\t<meta name=\"twitter:data1\" content=\"2 minutes\" \/>\n<script type=\"application\/ld+json\" class=\"yoast-schema-graph\">{\"@context\":\"https:\/\/schema.org\",\"@graph\":[{\"@type\":\"WebPage\",\"@id\":\"https:\/\/novacom-ac.de\/maschinenbau\",\"url\":\"https:\/\/novacom-ac.de\/maschinenbau\",\"name\":\"G\u00e9nie m\u00e9canique - Novacom\",\"isPartOf\":{\"@id\":\"https:\/\/novacom-ac.de\/#website\"},\"primaryImageOfPage\":{\"@id\":\"https:\/\/novacom-ac.de\/maschinenbau#primaryimage\"},\"image\":{\"@id\":\"https:\/\/novacom-ac.de\/maschinenbau#primaryimage\"},\"thumbnailUrl\":\"http:\/\/novacom-ac.de\/wp-content\/uploads\/2018\/03\/modell-02963-e1520631463664.jpg\",\"datePublished\":\"2018-03-09T15:38:55+00:00\",\"dateModified\":\"2018-04-20T09:38:25+00:00\",\"breadcrumb\":{\"@id\":\"https:\/\/novacom-ac.de\/maschinenbau#breadcrumb\"},\"inLanguage\":\"fr-FR\",\"potentialAction\":[{\"@type\":\"ReadAction\",\"target\":[\"https:\/\/novacom-ac.de\/maschinenbau\"]}]},{\"@type\":\"ImageObject\",\"inLanguage\":\"fr-FR\",\"@id\":\"https:\/\/novacom-ac.de\/maschinenbau#primaryimage\",\"url\":\"http:\/\/novacom-ac.de\/wp-content\/uploads\/2018\/03\/modell-02963-e1520631463664.jpg\",\"contentUrl\":\"http:\/\/novacom-ac.de\/wp-content\/uploads\/2018\/03\/modell-02963-e1520631463664.jpg\"},{\"@type\":\"BreadcrumbList\",\"@id\":\"https:\/\/novacom-ac.de\/maschinenbau#breadcrumb\",\"itemListElement\":[{\"@type\":\"ListItem\",\"position\":1,\"name\":\"Startseite\",\"item\":\"https:\/\/novacom-ac.de\/\"},{\"@type\":\"ListItem\",\"position\":2,\"name\":\"Maschinenbau\"}]},{\"@type\":\"WebSite\",\"@id\":\"https:\/\/novacom-ac.de\/#website\",\"url\":\"https:\/\/novacom-ac.de\/\",\"name\":\"Novacom\",\"description\":\"Faserverst\u00e4rkte Kunststoffe\",\"potentialAction\":[{\"@type\":\"SearchAction\",\"target\":{\"@type\":\"EntryPoint\",\"urlTemplate\":\"https:\/\/novacom-ac.de\/?s={search_term_string}\"},\"query-input\":{\"@type\":\"PropertyValueSpecification\",\"valueRequired\":true,\"valueName\":\"search_term_string\"}}],\"inLanguage\":\"fr-FR\"}]}<\/script>\n<!-- \/ Yoast SEO plugin. -->","yoast_head_json":{"title":"G\u00e9nie m\u00e9canique - Novacom","robots":{"index":"index","follow":"follow","max-snippet":"max-snippet:-1","max-image-preview":"max-image-preview:large","max-video-preview":"max-video-preview:-1"},"canonical":"https:\/\/novacom-ac.de\/maschinenbau","og_locale":"fr_FR","og_type":"article","og_title":"G\u00e9nie m\u00e9canique - Novacom","og_url":"https:\/\/novacom-ac.de\/maschinenbau","og_site_name":"Novacom","article_modified_time":"2018-04-20T09:38:25+00:00","og_image":[{"url":"http:\/\/novacom-ac.de\/wp-content\/uploads\/2018\/03\/modell-02963-e1520631463664.jpg","type":"","width":"","height":""}],"twitter_card":"summary_large_image","twitter_misc":{"Est. reading time":"2 minutes"},"schema":{"@context":"https:\/\/schema.org","@graph":[{"@type":"WebPage","@id":"https:\/\/novacom-ac.de\/maschinenbau","url":"https:\/\/novacom-ac.de\/maschinenbau","name":"G\u00e9nie m\u00e9canique - Novacom","isPartOf":{"@id":"https:\/\/novacom-ac.de\/#website"},"primaryImageOfPage":{"@id":"https:\/\/novacom-ac.de\/maschinenbau#primaryimage"},"image":{"@id":"https:\/\/novacom-ac.de\/maschinenbau#primaryimage"},"thumbnailUrl":"http:\/\/novacom-ac.de\/wp-content\/uploads\/2018\/03\/modell-02963-e1520631463664.jpg","datePublished":"2018-03-09T15:38:55+00:00","dateModified":"2018-04-20T09:38:25+00:00","breadcrumb":{"@id":"https:\/\/novacom-ac.de\/maschinenbau#breadcrumb"},"inLanguage":"fr-FR","potentialAction":[{"@type":"ReadAction","target":["https:\/\/novacom-ac.de\/maschinenbau"]}]},{"@type":"ImageObject","inLanguage":"fr-FR","@id":"https:\/\/novacom-ac.de\/maschinenbau#primaryimage","url":"http:\/\/novacom-ac.de\/wp-content\/uploads\/2018\/03\/modell-02963-e1520631463664.jpg","contentUrl":"http:\/\/novacom-ac.de\/wp-content\/uploads\/2018\/03\/modell-02963-e1520631463664.jpg"},{"@type":"BreadcrumbList","@id":"https:\/\/novacom-ac.de\/maschinenbau#breadcrumb","itemListElement":[{"@type":"ListItem","position":1,"name":"Startseite","item":"https:\/\/novacom-ac.de\/"},{"@type":"ListItem","position":2,"name":"Maschinenbau"}]},{"@type":"WebSite","@id":"https:\/\/novacom-ac.de\/#website","url":"https:\/\/novacom-ac.de\/","name":"Novacom","description":"Faserverst\u00e4rkte Kunststoffe","potentialAction":[{"@type":"SearchAction","target":{"@type":"EntryPoint","urlTemplate":"https:\/\/novacom-ac.de\/?s={search_term_string}"},"query-input":{"@type":"PropertyValueSpecification","valueRequired":true,"valueName":"search_term_string"}}],"inLanguage":"fr-FR"}]}},"_links":{"self":[{"href":"https:\/\/novacom-ac.de\/fr\/wp-json\/wp\/v2\/pages\/155","targetHints":{"allow":["GET"]}}],"collection":[{"href":"https:\/\/novacom-ac.de\/fr\/wp-json\/wp\/v2\/pages"}],"about":[{"href":"https:\/\/novacom-ac.de\/fr\/wp-json\/wp\/v2\/types\/page"}],"author":[{"embeddable":true,"href":"https:\/\/novacom-ac.de\/fr\/wp-json\/wp\/v2\/users\/1"}],"replies":[{"embeddable":true,"href":"https:\/\/novacom-ac.de\/fr\/wp-json\/wp\/v2\/comments?post=155"}],"version-history":[{"count":12,"href":"https:\/\/novacom-ac.de\/fr\/wp-json\/wp\/v2\/pages\/155\/revisions"}],"predecessor-version":[{"id":470,"href":"https:\/\/novacom-ac.de\/fr\/wp-json\/wp\/v2\/pages\/155\/revisions\/470"}],"wp:attachment":[{"href":"https:\/\/novacom-ac.de\/fr\/wp-json\/wp\/v2\/media?parent=155"}],"curies":[{"name":"wp","href":"https:\/\/api.w.org\/{rel}","templated":true}]}}