{"id":149,"date":"2018-03-09T16:37:34","date_gmt":"2018-03-09T15:37:34","guid":{"rendered":"http:\/\/531-style.com\/?page_id=149"},"modified":"2018-04-20T09:23:50","modified_gmt":"2018-04-20T08:23:50","slug":"enertgietechnik","status":"publish","type":"page","link":"https:\/\/novacom-ac.de\/fr\/enertgietechnik","title":{"rendered":"Energietechnik"},"content":{"rendered":"<blockquote><p><img loading=\"lazy\" decoding=\"async\" class=\"size-full wp-image-187 aligncenter\" src=\"http:\/\/novacom-ac.de\/wp-content\/uploads\/2018\/03\/modell-02961-e1520631047665.jpg\" alt=\"\" width=\"750\" height=\"400\" srcset=\"https:\/\/novacom-ac.de\/wp-content\/uploads\/2018\/03\/modell-02961-e1520631047665.jpg 3000w, https:\/\/novacom-ac.de\/wp-content\/uploads\/2018\/03\/modell-02961-e1520631047665-300x160.jpg 300w, https:\/\/novacom-ac.de\/wp-content\/uploads\/2018\/03\/modell-02961-e1520631047665-768x409.jpg 768w, https:\/\/novacom-ac.de\/wp-content\/uploads\/2018\/03\/modell-02961-e1520631047665-1024x545.jpg 1024w, https:\/\/novacom-ac.de\/wp-content\/uploads\/2018\/03\/modell-02961-e1520631047665-830x442.jpg 830w, https:\/\/novacom-ac.de\/wp-content\/uploads\/2018\/03\/modell-02961-e1520631047665-230x122.jpg 230w, https:\/\/novacom-ac.de\/wp-content\/uploads\/2018\/03\/modell-02961-e1520631047665-350x186.jpg 350w, https:\/\/novacom-ac.de\/wp-content\/uploads\/2018\/03\/modell-02961-e1520631047665-480x256.jpg 480w\" sizes=\"auto, (max-width: 750px) 100vw, 750px\" \/><br \/>\nNous d\u00e9veloppons et fabriquons pour le compte de nos clients des composants ayant des exigences diff\u00e9rentes pour un accumulateur d&#8217;\u00e9nergie de volant d&#8217;inertie.<\/p>\n<p>Les pi\u00e8ces mobiles dont la fonction ressemble \u00e0 celle d&#8217;un ressort \u00e0 disque doivent r\u00e9pondre \u00e0 des exigences de pr\u00e9cision particuli\u00e8rement \u00e9lev\u00e9es en termes de concentricit\u00e9 et de dimensions de montage. Par cons\u00e9quent, ces composants sont fabriqu\u00e9s dans un outil en acier calibr\u00e9 et tremp\u00e9 aux dimensions finales et ne n\u00e9cessitent aucun autre traitement apr\u00e8s durcissement.<\/p>\n<p>Nous fabriquons des pi\u00e8ces du carter de s\u00e9curit\u00e9 entourant le rotor avec une matrice de r\u00e9sine ph\u00e9nolique dans le proc\u00e9d\u00e9 RTM afin de r\u00e9pondre aux exigences \u00e9lev\u00e9es en mati\u00e8re de r\u00e9sistance \u00e0 la temp\u00e9rature et de comportement au feu. Les outils en b\u00e9ton polym\u00e8re avec matrice et surface en r\u00e9sine \u00e9poxy se sont av\u00e9r\u00e9s appropri\u00e9s \u00e0 cet effet. Ces composants sont \u00e9galement fabriqu\u00e9s aux dimensions finales et ne n\u00e9cessitent pas de traitement ult\u00e9rieur.<\/p>\n<p>Ceci s&#8217;applique \u00e9galement aux composants du bo\u00eetier de vide, o\u00f9 l&#8217;accent est mis sur la teneur en air la plus faible possible dans le stratifi\u00e9 afin de minimiser les pertes de vide possibles \u00e0 l&#8217;avance. Une teneur en air inf\u00e9rieure \u00e0 0,1 % peut \u00eatre assur\u00e9e par un contr\u00f4le sp\u00e9cial du processus et une fermeture particuli\u00e8rement \u00e9tanche des moules en b\u00e9ton polym\u00e8re.<\/p>\n","protected":false},"excerpt":{"rendered":"<p>Nous d\u00e9veloppons et fabriquons pour le compte de nos clients des composants ayant des exigences diff\u00e9rentes pour un accumulateur d&#8217;\u00e9nergie de volant [&hellip;]<\/p>\n","protected":false},"author":1,"featured_media":0,"parent":0,"menu_order":0,"comment_status":"closed","ping_status":"closed","template":"page-templates\/page_fullwidth.php","meta":{"_exactmetrics_skip_tracking":false,"_exactmetrics_sitenote_active":false,"_exactmetrics_sitenote_note":"","_exactmetrics_sitenote_category":0,"footnotes":""},"class_list":["post-149","page","type-page","status-publish","hentry"],"translation":{"provider":"WPGlobus","version":"3.0.0","language":"fr","enabled_languages":["de","gb","fr","nl"],"languages":{"de":{"title":true,"content":true,"excerpt":false},"gb":{"title":false,"content":true,"excerpt":false},"fr":{"title":false,"content":true,"excerpt":false},"nl":{"title":false,"content":true,"excerpt":false}}},"yoast_head":"<!-- This site is optimized with the Yoast SEO plugin v24.3 - https:\/\/yoast.com\/wordpress\/plugins\/seo\/ -->\n<title>Energietechnik - Novacom<\/title>\n<meta name=\"robots\" content=\"index, follow, max-snippet:-1, max-image-preview:large, max-video-preview:-1\" \/>\n<link rel=\"canonical\" href=\"https:\/\/novacom-ac.de\/enertgietechnik\" \/>\n<meta property=\"og:locale\" content=\"fr_FR\" \/>\n<meta property=\"og:type\" content=\"article\" \/>\n<meta property=\"og:title\" content=\"Energietechnik - Novacom\" \/>\n<meta property=\"og:url\" content=\"https:\/\/novacom-ac.de\/enertgietechnik\" \/>\n<meta property=\"og:site_name\" content=\"Novacom\" \/>\n<meta property=\"article:modified_time\" content=\"2018-04-20T08:23:50+00:00\" \/>\n<meta property=\"og:image\" content=\"http:\/\/novacom-ac.de\/wp-content\/uploads\/2018\/03\/modell-02961-e1520631047665.jpg\" \/>\n<meta name=\"twitter:card\" content=\"summary_large_image\" \/>\n<meta name=\"twitter:label1\" content=\"Est. reading time\" \/>\n\t<meta name=\"twitter:data1\" content=\"4 minutes\" \/>\n<script type=\"application\/ld+json\" class=\"yoast-schema-graph\">{\"@context\":\"https:\/\/schema.org\",\"@graph\":[{\"@type\":\"WebPage\",\"@id\":\"https:\/\/novacom-ac.de\/enertgietechnik\",\"url\":\"https:\/\/novacom-ac.de\/enertgietechnik\",\"name\":\"Energietechnik - Novacom\",\"isPartOf\":{\"@id\":\"https:\/\/novacom-ac.de\/#website\"},\"primaryImageOfPage\":{\"@id\":\"https:\/\/novacom-ac.de\/enertgietechnik#primaryimage\"},\"image\":{\"@id\":\"https:\/\/novacom-ac.de\/enertgietechnik#primaryimage\"},\"thumbnailUrl\":\"http:\/\/novacom-ac.de\/wp-content\/uploads\/2018\/03\/modell-02961-e1520631047665.jpg\",\"datePublished\":\"2018-03-09T15:37:34+00:00\",\"dateModified\":\"2018-04-20T08:23:50+00:00\",\"breadcrumb\":{\"@id\":\"https:\/\/novacom-ac.de\/enertgietechnik#breadcrumb\"},\"inLanguage\":\"fr-FR\",\"potentialAction\":[{\"@type\":\"ReadAction\",\"target\":[\"https:\/\/novacom-ac.de\/enertgietechnik\"]}]},{\"@type\":\"ImageObject\",\"inLanguage\":\"fr-FR\",\"@id\":\"https:\/\/novacom-ac.de\/enertgietechnik#primaryimage\",\"url\":\"http:\/\/novacom-ac.de\/wp-content\/uploads\/2018\/03\/modell-02961-e1520631047665.jpg\",\"contentUrl\":\"http:\/\/novacom-ac.de\/wp-content\/uploads\/2018\/03\/modell-02961-e1520631047665.jpg\"},{\"@type\":\"BreadcrumbList\",\"@id\":\"https:\/\/novacom-ac.de\/enertgietechnik#breadcrumb\",\"itemListElement\":[{\"@type\":\"ListItem\",\"position\":1,\"name\":\"Startseite\",\"item\":\"https:\/\/novacom-ac.de\/\"},{\"@type\":\"ListItem\",\"position\":2,\"name\":\"Energietechnik\"}]},{\"@type\":\"WebSite\",\"@id\":\"https:\/\/novacom-ac.de\/#website\",\"url\":\"https:\/\/novacom-ac.de\/\",\"name\":\"Novacom\",\"description\":\"Faserverst\u00e4rkte Kunststoffe\",\"potentialAction\":[{\"@type\":\"SearchAction\",\"target\":{\"@type\":\"EntryPoint\",\"urlTemplate\":\"https:\/\/novacom-ac.de\/?s={search_term_string}\"},\"query-input\":{\"@type\":\"PropertyValueSpecification\",\"valueRequired\":true,\"valueName\":\"search_term_string\"}}],\"inLanguage\":\"fr-FR\"}]}<\/script>\n<!-- \/ Yoast SEO plugin. -->","yoast_head_json":{"title":"Energietechnik - Novacom","robots":{"index":"index","follow":"follow","max-snippet":"max-snippet:-1","max-image-preview":"max-image-preview:large","max-video-preview":"max-video-preview:-1"},"canonical":"https:\/\/novacom-ac.de\/enertgietechnik","og_locale":"fr_FR","og_type":"article","og_title":"Energietechnik - Novacom","og_url":"https:\/\/novacom-ac.de\/enertgietechnik","og_site_name":"Novacom","article_modified_time":"2018-04-20T08:23:50+00:00","og_image":[{"url":"http:\/\/novacom-ac.de\/wp-content\/uploads\/2018\/03\/modell-02961-e1520631047665.jpg","type":"","width":"","height":""}],"twitter_card":"summary_large_image","twitter_misc":{"Est. reading time":"4 minutes"},"schema":{"@context":"https:\/\/schema.org","@graph":[{"@type":"WebPage","@id":"https:\/\/novacom-ac.de\/enertgietechnik","url":"https:\/\/novacom-ac.de\/enertgietechnik","name":"Energietechnik - Novacom","isPartOf":{"@id":"https:\/\/novacom-ac.de\/#website"},"primaryImageOfPage":{"@id":"https:\/\/novacom-ac.de\/enertgietechnik#primaryimage"},"image":{"@id":"https:\/\/novacom-ac.de\/enertgietechnik#primaryimage"},"thumbnailUrl":"http:\/\/novacom-ac.de\/wp-content\/uploads\/2018\/03\/modell-02961-e1520631047665.jpg","datePublished":"2018-03-09T15:37:34+00:00","dateModified":"2018-04-20T08:23:50+00:00","breadcrumb":{"@id":"https:\/\/novacom-ac.de\/enertgietechnik#breadcrumb"},"inLanguage":"fr-FR","potentialAction":[{"@type":"ReadAction","target":["https:\/\/novacom-ac.de\/enertgietechnik"]}]},{"@type":"ImageObject","inLanguage":"fr-FR","@id":"https:\/\/novacom-ac.de\/enertgietechnik#primaryimage","url":"http:\/\/novacom-ac.de\/wp-content\/uploads\/2018\/03\/modell-02961-e1520631047665.jpg","contentUrl":"http:\/\/novacom-ac.de\/wp-content\/uploads\/2018\/03\/modell-02961-e1520631047665.jpg"},{"@type":"BreadcrumbList","@id":"https:\/\/novacom-ac.de\/enertgietechnik#breadcrumb","itemListElement":[{"@type":"ListItem","position":1,"name":"Startseite","item":"https:\/\/novacom-ac.de\/"},{"@type":"ListItem","position":2,"name":"Energietechnik"}]},{"@type":"WebSite","@id":"https:\/\/novacom-ac.de\/#website","url":"https:\/\/novacom-ac.de\/","name":"Novacom","description":"Faserverst\u00e4rkte Kunststoffe","potentialAction":[{"@type":"SearchAction","target":{"@type":"EntryPoint","urlTemplate":"https:\/\/novacom-ac.de\/?s={search_term_string}"},"query-input":{"@type":"PropertyValueSpecification","valueRequired":true,"valueName":"search_term_string"}}],"inLanguage":"fr-FR"}]}},"_links":{"self":[{"href":"https:\/\/novacom-ac.de\/fr\/wp-json\/wp\/v2\/pages\/149","targetHints":{"allow":["GET"]}}],"collection":[{"href":"https:\/\/novacom-ac.de\/fr\/wp-json\/wp\/v2\/pages"}],"about":[{"href":"https:\/\/novacom-ac.de\/fr\/wp-json\/wp\/v2\/types\/page"}],"author":[{"embeddable":true,"href":"https:\/\/novacom-ac.de\/fr\/wp-json\/wp\/v2\/users\/1"}],"replies":[{"embeddable":true,"href":"https:\/\/novacom-ac.de\/fr\/wp-json\/wp\/v2\/comments?post=149"}],"version-history":[{"count":10,"href":"https:\/\/novacom-ac.de\/fr\/wp-json\/wp\/v2\/pages\/149\/revisions"}],"predecessor-version":[{"id":371,"href":"https:\/\/novacom-ac.de\/fr\/wp-json\/wp\/v2\/pages\/149\/revisions\/371"}],"wp:attachment":[{"href":"https:\/\/novacom-ac.de\/fr\/wp-json\/wp\/v2\/media?parent=149"}],"curies":[{"name":"wp","href":"https:\/\/api.w.org\/{rel}","templated":true}]}}