{"id":147,"date":"2018-03-09T16:37:20","date_gmt":"2018-03-09T15:37:20","guid":{"rendered":"http:\/\/531-style.com\/?page_id=147"},"modified":"2018-04-20T10:42:39","modified_gmt":"2018-04-20T09:42:39","slug":"medizintechnik","status":"publish","type":"page","link":"https:\/\/novacom-ac.de\/fr\/medizintechnik","title":{"rendered":"M\u00e9dical"},"content":{"rendered":"<blockquote><p><img loading=\"lazy\" decoding=\"async\" class=\"size-full wp-image-194 aligncenter\" src=\"http:\/\/novacom-ac.de\/wp-content\/uploads\/2018\/03\/modell-02967-e1520631584234.jpg\" alt=\"\" width=\"750\" height=\"400\" \/><br \/>\nDans la technique m\u00e9dicale, les mat\u00e9riaux composites sont utilis\u00e9s, par exemple, dans les composants de rev\u00eatement qui doivent r\u00e9pondre aux exigences les plus \u00e9lev\u00e9es en mati\u00e8re de protection contre l&#8217;incendie. Pour r\u00e9pondre \u00e0 la norme de protection contre l&#8217;incendie UL 94 V0, des r\u00e9sines sp\u00e9ciales sont utilis\u00e9es en combinaison avec un renforcement tout verre. Comme les fibres sont dispos\u00e9es en trois dimensions dans le mat\u00e9riau d&#8217;armature choisi, il en r\u00e9sulte un tr\u00e8s bon comportement aux chocs et une tol\u00e9rance \u00e9lev\u00e9e aux dommages, ce qui est particuli\u00e8rement n\u00e9cessaire pour les tables d&#8217;op\u00e9ration automotrices et mobiles.<\/p>\n<p>Une autre application dans la technologie m\u00e9dicale sont les plaques radiotransparentes et les supports en CFRP. La grande capacit\u00e9 de charge \u00e0 faible poids permet de fabriquer des canap\u00e9s patients avec des structures autoportantes de plus de 1 500 mm de longueur.<\/p><\/blockquote>\n","protected":false},"excerpt":{"rendered":"<p>Dans la technique m\u00e9dicale, les mat\u00e9riaux composites sont utilis\u00e9s, par exemple, dans les composants de rev\u00eatement qui doivent r\u00e9pondre aux exigences les [&hellip;]<\/p>\n","protected":false},"author":1,"featured_media":0,"parent":0,"menu_order":0,"comment_status":"closed","ping_status":"closed","template":"page-templates\/page_fullwidth.php","meta":{"_exactmetrics_skip_tracking":false,"_exactmetrics_sitenote_active":false,"_exactmetrics_sitenote_note":"","_exactmetrics_sitenote_category":0,"footnotes":""},"class_list":["post-147","page","type-page","status-publish","hentry"],"translation":{"provider":"WPGlobus","version":"3.0.0","language":"fr","enabled_languages":["de","gb","fr","nl"],"languages":{"de":{"title":true,"content":true,"excerpt":false},"gb":{"title":true,"content":true,"excerpt":false},"fr":{"title":true,"content":true,"excerpt":false},"nl":{"title":true,"content":true,"excerpt":false}}},"yoast_head":"<!-- This site is optimized with the Yoast SEO plugin v24.3 - https:\/\/yoast.com\/wordpress\/plugins\/seo\/ -->\n<title>M\u00e9dical - Novacom<\/title>\n<meta name=\"robots\" content=\"index, follow, max-snippet:-1, max-image-preview:large, max-video-preview:-1\" \/>\n<link rel=\"canonical\" href=\"https:\/\/novacom-ac.de\/medizintechnik\" \/>\n<meta property=\"og:locale\" content=\"fr_FR\" \/>\n<meta property=\"og:type\" content=\"article\" \/>\n<meta property=\"og:title\" content=\"M\u00e9dical - Novacom\" \/>\n<meta property=\"og:url\" content=\"https:\/\/novacom-ac.de\/medizintechnik\" \/>\n<meta property=\"og:site_name\" content=\"Novacom\" \/>\n<meta property=\"article:modified_time\" content=\"2018-04-20T09:42:39+00:00\" \/>\n<meta property=\"og:image\" content=\"http:\/\/novacom-ac.de\/wp-content\/uploads\/2018\/03\/modell-02967-e1520631584234.jpg\" \/>\n<meta name=\"twitter:card\" content=\"summary_large_image\" \/>\n<meta name=\"twitter:label1\" content=\"Est. reading time\" \/>\n\t<meta name=\"twitter:data1\" content=\"2 minutes\" \/>\n<script type=\"application\/ld+json\" class=\"yoast-schema-graph\">{\"@context\":\"https:\/\/schema.org\",\"@graph\":[{\"@type\":\"WebPage\",\"@id\":\"https:\/\/novacom-ac.de\/medizintechnik\",\"url\":\"https:\/\/novacom-ac.de\/medizintechnik\",\"name\":\"M\u00e9dical - Novacom\",\"isPartOf\":{\"@id\":\"https:\/\/novacom-ac.de\/#website\"},\"primaryImageOfPage\":{\"@id\":\"https:\/\/novacom-ac.de\/medizintechnik#primaryimage\"},\"image\":{\"@id\":\"https:\/\/novacom-ac.de\/medizintechnik#primaryimage\"},\"thumbnailUrl\":\"http:\/\/novacom-ac.de\/wp-content\/uploads\/2018\/03\/modell-02967-e1520631584234.jpg\",\"datePublished\":\"2018-03-09T15:37:20+00:00\",\"dateModified\":\"2018-04-20T09:42:39+00:00\",\"breadcrumb\":{\"@id\":\"https:\/\/novacom-ac.de\/medizintechnik#breadcrumb\"},\"inLanguage\":\"fr-FR\",\"potentialAction\":[{\"@type\":\"ReadAction\",\"target\":[\"https:\/\/novacom-ac.de\/medizintechnik\"]}]},{\"@type\":\"ImageObject\",\"inLanguage\":\"fr-FR\",\"@id\":\"https:\/\/novacom-ac.de\/medizintechnik#primaryimage\",\"url\":\"http:\/\/novacom-ac.de\/wp-content\/uploads\/2018\/03\/modell-02967-e1520631584234.jpg\",\"contentUrl\":\"http:\/\/novacom-ac.de\/wp-content\/uploads\/2018\/03\/modell-02967-e1520631584234.jpg\"},{\"@type\":\"BreadcrumbList\",\"@id\":\"https:\/\/novacom-ac.de\/medizintechnik#breadcrumb\",\"itemListElement\":[{\"@type\":\"ListItem\",\"position\":1,\"name\":\"Startseite\",\"item\":\"https:\/\/novacom-ac.de\/\"},{\"@type\":\"ListItem\",\"position\":2,\"name\":\"Medizintechnik\"}]},{\"@type\":\"WebSite\",\"@id\":\"https:\/\/novacom-ac.de\/#website\",\"url\":\"https:\/\/novacom-ac.de\/\",\"name\":\"Novacom\",\"description\":\"Faserverst\u00e4rkte Kunststoffe\",\"potentialAction\":[{\"@type\":\"SearchAction\",\"target\":{\"@type\":\"EntryPoint\",\"urlTemplate\":\"https:\/\/novacom-ac.de\/?s={search_term_string}\"},\"query-input\":{\"@type\":\"PropertyValueSpecification\",\"valueRequired\":true,\"valueName\":\"search_term_string\"}}],\"inLanguage\":\"fr-FR\"}]}<\/script>\n<!-- \/ Yoast SEO plugin. -->","yoast_head_json":{"title":"M\u00e9dical - Novacom","robots":{"index":"index","follow":"follow","max-snippet":"max-snippet:-1","max-image-preview":"max-image-preview:large","max-video-preview":"max-video-preview:-1"},"canonical":"https:\/\/novacom-ac.de\/medizintechnik","og_locale":"fr_FR","og_type":"article","og_title":"M\u00e9dical - Novacom","og_url":"https:\/\/novacom-ac.de\/medizintechnik","og_site_name":"Novacom","article_modified_time":"2018-04-20T09:42:39+00:00","og_image":[{"url":"http:\/\/novacom-ac.de\/wp-content\/uploads\/2018\/03\/modell-02967-e1520631584234.jpg","type":"","width":"","height":""}],"twitter_card":"summary_large_image","twitter_misc":{"Est. reading time":"2 minutes"},"schema":{"@context":"https:\/\/schema.org","@graph":[{"@type":"WebPage","@id":"https:\/\/novacom-ac.de\/medizintechnik","url":"https:\/\/novacom-ac.de\/medizintechnik","name":"M\u00e9dical - Novacom","isPartOf":{"@id":"https:\/\/novacom-ac.de\/#website"},"primaryImageOfPage":{"@id":"https:\/\/novacom-ac.de\/medizintechnik#primaryimage"},"image":{"@id":"https:\/\/novacom-ac.de\/medizintechnik#primaryimage"},"thumbnailUrl":"http:\/\/novacom-ac.de\/wp-content\/uploads\/2018\/03\/modell-02967-e1520631584234.jpg","datePublished":"2018-03-09T15:37:20+00:00","dateModified":"2018-04-20T09:42:39+00:00","breadcrumb":{"@id":"https:\/\/novacom-ac.de\/medizintechnik#breadcrumb"},"inLanguage":"fr-FR","potentialAction":[{"@type":"ReadAction","target":["https:\/\/novacom-ac.de\/medizintechnik"]}]},{"@type":"ImageObject","inLanguage":"fr-FR","@id":"https:\/\/novacom-ac.de\/medizintechnik#primaryimage","url":"http:\/\/novacom-ac.de\/wp-content\/uploads\/2018\/03\/modell-02967-e1520631584234.jpg","contentUrl":"http:\/\/novacom-ac.de\/wp-content\/uploads\/2018\/03\/modell-02967-e1520631584234.jpg"},{"@type":"BreadcrumbList","@id":"https:\/\/novacom-ac.de\/medizintechnik#breadcrumb","itemListElement":[{"@type":"ListItem","position":1,"name":"Startseite","item":"https:\/\/novacom-ac.de\/"},{"@type":"ListItem","position":2,"name":"Medizintechnik"}]},{"@type":"WebSite","@id":"https:\/\/novacom-ac.de\/#website","url":"https:\/\/novacom-ac.de\/","name":"Novacom","description":"Faserverst\u00e4rkte Kunststoffe","potentialAction":[{"@type":"SearchAction","target":{"@type":"EntryPoint","urlTemplate":"https:\/\/novacom-ac.de\/?s={search_term_string}"},"query-input":{"@type":"PropertyValueSpecification","valueRequired":true,"valueName":"search_term_string"}}],"inLanguage":"fr-FR"}]}},"_links":{"self":[{"href":"https:\/\/novacom-ac.de\/fr\/wp-json\/wp\/v2\/pages\/147","targetHints":{"allow":["GET"]}}],"collection":[{"href":"https:\/\/novacom-ac.de\/fr\/wp-json\/wp\/v2\/pages"}],"about":[{"href":"https:\/\/novacom-ac.de\/fr\/wp-json\/wp\/v2\/types\/page"}],"author":[{"embeddable":true,"href":"https:\/\/novacom-ac.de\/fr\/wp-json\/wp\/v2\/users\/1"}],"replies":[{"embeddable":true,"href":"https:\/\/novacom-ac.de\/fr\/wp-json\/wp\/v2\/comments?post=147"}],"version-history":[{"count":11,"href":"https:\/\/novacom-ac.de\/fr\/wp-json\/wp\/v2\/pages\/147\/revisions"}],"predecessor-version":[{"id":408,"href":"https:\/\/novacom-ac.de\/fr\/wp-json\/wp\/v2\/pages\/147\/revisions\/408"}],"wp:attachment":[{"href":"https:\/\/novacom-ac.de\/fr\/wp-json\/wp\/v2\/media?parent=147"}],"curies":[{"name":"wp","href":"https:\/\/api.w.org\/{rel}","templated":true}]}}