{"id":145,"date":"2018-03-09T16:37:06","date_gmt":"2018-03-09T15:37:06","guid":{"rendered":"http:\/\/531-style.com\/?page_id=145"},"modified":"2018-05-03T12:12:02","modified_gmt":"2018-05-03T11:12:02","slug":"fahrzeugtechnik","status":"publish","type":"page","link":"https:\/\/novacom-ac.de\/fr\/fahrzeugtechnik","title":{"rendered":"Ing\u00e9nierie automobile"},"content":{"rendered":"<blockquote><div id=\"metaslider-id-173\" style=\"max-width: 750px; margin: 0 auto;\" class=\"ml-slider-3-94-0 metaslider metaslider-flex metaslider-173 ml-slider ms-theme-default\" role=\"region\" aria-roledescription=\"Slideshow\" aria-label=\"Fahrzeug\">\n    <div id=\"metaslider_container_173\">\n        <div id=\"metaslider_173\">\n            <ul class='slides'>\n                <li style=\"display: block; width: 100%;\" class=\"slide-184 ms-image \" aria-roledescription=\"slide\" aria-label=\"slide-184\"><img loading=\"lazy\" decoding=\"async\" src=\"https:\/\/novacom-ac.de\/wp-content\/uploads\/2018\/03\/Fahrzeugl-02965-750x400.jpg\" height=\"400\" width=\"750\" alt=\"\" class=\"slider-173 slide-184\" title=\"Fahrzeugl-02965\" \/><\/li>\n                <li style=\"display: none; width: 100%;\" class=\"slide-192 ms-image \" aria-roledescription=\"slide\" aria-label=\"slide-192\"><img loading=\"lazy\" decoding=\"async\" src=\"https:\/\/novacom-ac.de\/wp-content\/uploads\/2018\/03\/IMGl_7994-750x400.jpg\" height=\"400\" width=\"750\" alt=\"\" class=\"slider-173 slide-192\" title=\"IMGl_7994\" \/><\/li>\n            <\/ul>\n        <\/div>\n        \n    <\/div>\n<\/div>\n<p>Nous d\u00e9veloppons et fabriquons des composants composites pour diff\u00e9rents domaines de la technologie automobile pour le compte de nos clients et en coop\u00e9ration avec des partenaires de d\u00e9veloppement europ\u00e9ens. Nos propres produits compl\u00e8tent notre engagement dans cette industrie.<\/p>\n<p>Dans le cadre d&#8217;un projet de financement europ\u00e9en, nous d\u00e9veloppons les \u00e9l\u00e9ments de cadre d&#8217;un bogie innovant et flexible pour wagons ferroviaires, dont le principal objectif de d\u00e9veloppement est la r\u00e9duction permanente du bruit en exploitation. Nous avons d\u00e9j\u00e0 appliqu\u00e9 avec succ\u00e8s l&#8217;exp\u00e9rience que nous avons acquise jusqu&#8217;\u00e0 pr\u00e9sent dans le cadre du projet \u00e0 d&#8217;autres applications \u00e0 plusieurs reprises.<\/p>\n<p>La plus grande structure que nous avons produite jusqu&#8217;\u00e0 pr\u00e9sent provient \u00e9galement du secteur automobile. Il s&#8217;agit d&#8217;une remorque autoportante \u00e0 deux essieux en PRV \u00e0 des fins publicitaires. Le v\u00e9hicule a \u00e9t\u00e9 con\u00e7u par nos soins selon un concept et fabriqu\u00e9 en petites quantit\u00e9s. Avec le poids \u00e0 vide de la cellule \u00e0 un peu moins de 1,5 t, la charge utile \u00e9tait de 1 t.<\/p>\n<p>Un nouveau d\u00e9veloppement de notre soci\u00e9t\u00e9 montre un meilleur rapport entre le poids \u00e0 vide et la charge utile. Le &#8220;Overhead Battery Compartiment&#8221; pour E-bus est con\u00e7u pour une charge utile de 500 kg avec un poids \u00e0 vide de 95 kg. Deux de ces unit\u00e9s peuvent \u00eatre mont\u00e9es dos \u00e0 dos sur le toit du bus au-dessus de l&#8217;essieu avant. Le composant de base de support est fabriqu\u00e9 dans un m\u00e9lange de stratifi\u00e9 compact et de construction sandwich en une seule production par infusion sous vide.<\/p>\n<p>En outre, nous fabriquons des pi\u00e8ces individuelles et de petites s\u00e9ries de diff\u00e9rentes pi\u00e8ces de car\u00e9nage de moto jusqu&#8217;aux r\u00e9servoirs de carburant dans nos propres moules en stratifi\u00e9 \u00e0 la main. Un mat\u00e9riau matriciel sp\u00e9cial est utilis\u00e9 pour ces derniers, qui se caract\u00e9rise par une r\u00e9sistance chimique extr\u00eamement \u00e9lev\u00e9e et large afin de garantir la r\u00e9sistance des r\u00e9servoirs \u00e0 tous les types de carburant disponibles dans le commerce.<\/p><\/blockquote>\n","protected":false},"excerpt":{"rendered":"<p>Nous d\u00e9veloppons et fabriquons des composants composites pour diff\u00e9rents domaines de la technologie automobile pour le compte de nos clients et en [&hellip;]<\/p>\n","protected":false},"author":1,"featured_media":0,"parent":0,"menu_order":0,"comment_status":"closed","ping_status":"closed","template":"page-templates\/page_fullwidth.php","meta":{"_exactmetrics_skip_tracking":false,"_exactmetrics_sitenote_active":false,"_exactmetrics_sitenote_note":"","_exactmetrics_sitenote_category":0,"footnotes":""},"class_list":["post-145","page","type-page","status-publish","hentry"],"translation":{"provider":"WPGlobus","version":"3.0.0","language":"fr","enabled_languages":["de","gb","fr","nl"],"languages":{"de":{"title":true,"content":true,"excerpt":false},"gb":{"title":true,"content":true,"excerpt":false},"fr":{"title":true,"content":true,"excerpt":false},"nl":{"title":true,"content":true,"excerpt":false}}},"yoast_head":"<!-- This site is optimized with the Yoast SEO plugin v24.3 - https:\/\/yoast.com\/wordpress\/plugins\/seo\/ -->\n<title>Ing\u00e9nierie automobile - Novacom<\/title>\n<meta name=\"robots\" content=\"index, follow, max-snippet:-1, max-image-preview:large, max-video-preview:-1\" \/>\n<link rel=\"canonical\" href=\"https:\/\/novacom-ac.de\/fahrzeugtechnik\" \/>\n<meta property=\"og:locale\" content=\"fr_FR\" \/>\n<meta property=\"og:type\" content=\"article\" \/>\n<meta property=\"og:title\" content=\"Ing\u00e9nierie automobile - Novacom\" \/>\n<meta property=\"og:url\" content=\"https:\/\/novacom-ac.de\/fahrzeugtechnik\" \/>\n<meta property=\"og:site_name\" content=\"Novacom\" \/>\n<meta property=\"article:modified_time\" content=\"2018-05-03T11:12:02+00:00\" \/>\n<meta name=\"twitter:card\" content=\"summary_large_image\" \/>\n<meta name=\"twitter:label1\" content=\"Est. reading time\" \/>\n\t<meta name=\"twitter:data1\" content=\"6 minutes\" \/>\n<script type=\"application\/ld+json\" class=\"yoast-schema-graph\">{\"@context\":\"https:\/\/schema.org\",\"@graph\":[{\"@type\":\"WebPage\",\"@id\":\"https:\/\/novacom-ac.de\/fahrzeugtechnik\",\"url\":\"https:\/\/novacom-ac.de\/fahrzeugtechnik\",\"name\":\"Ing\u00e9nierie automobile - Novacom\",\"isPartOf\":{\"@id\":\"https:\/\/novacom-ac.de\/#website\"},\"datePublished\":\"2018-03-09T15:37:06+00:00\",\"dateModified\":\"2018-05-03T11:12:02+00:00\",\"breadcrumb\":{\"@id\":\"https:\/\/novacom-ac.de\/fahrzeugtechnik#breadcrumb\"},\"inLanguage\":\"fr-FR\",\"potentialAction\":[{\"@type\":\"ReadAction\",\"target\":[\"https:\/\/novacom-ac.de\/fahrzeugtechnik\"]}]},{\"@type\":\"BreadcrumbList\",\"@id\":\"https:\/\/novacom-ac.de\/fahrzeugtechnik#breadcrumb\",\"itemListElement\":[{\"@type\":\"ListItem\",\"position\":1,\"name\":\"Startseite\",\"item\":\"https:\/\/novacom-ac.de\/\"},{\"@type\":\"ListItem\",\"position\":2,\"name\":\"Fahrzeugtechnik\"}]},{\"@type\":\"WebSite\",\"@id\":\"https:\/\/novacom-ac.de\/#website\",\"url\":\"https:\/\/novacom-ac.de\/\",\"name\":\"Novacom\",\"description\":\"Faserverst\u00e4rkte Kunststoffe\",\"potentialAction\":[{\"@type\":\"SearchAction\",\"target\":{\"@type\":\"EntryPoint\",\"urlTemplate\":\"https:\/\/novacom-ac.de\/?s={search_term_string}\"},\"query-input\":{\"@type\":\"PropertyValueSpecification\",\"valueRequired\":true,\"valueName\":\"search_term_string\"}}],\"inLanguage\":\"fr-FR\"}]}<\/script>\n<!-- \/ Yoast SEO plugin. -->","yoast_head_json":{"title":"Ing\u00e9nierie automobile - Novacom","robots":{"index":"index","follow":"follow","max-snippet":"max-snippet:-1","max-image-preview":"max-image-preview:large","max-video-preview":"max-video-preview:-1"},"canonical":"https:\/\/novacom-ac.de\/fahrzeugtechnik","og_locale":"fr_FR","og_type":"article","og_title":"Ing\u00e9nierie automobile - Novacom","og_url":"https:\/\/novacom-ac.de\/fahrzeugtechnik","og_site_name":"Novacom","article_modified_time":"2018-05-03T11:12:02+00:00","twitter_card":"summary_large_image","twitter_misc":{"Est. reading time":"6 minutes"},"schema":{"@context":"https:\/\/schema.org","@graph":[{"@type":"WebPage","@id":"https:\/\/novacom-ac.de\/fahrzeugtechnik","url":"https:\/\/novacom-ac.de\/fahrzeugtechnik","name":"Ing\u00e9nierie automobile - Novacom","isPartOf":{"@id":"https:\/\/novacom-ac.de\/#website"},"datePublished":"2018-03-09T15:37:06+00:00","dateModified":"2018-05-03T11:12:02+00:00","breadcrumb":{"@id":"https:\/\/novacom-ac.de\/fahrzeugtechnik#breadcrumb"},"inLanguage":"fr-FR","potentialAction":[{"@type":"ReadAction","target":["https:\/\/novacom-ac.de\/fahrzeugtechnik"]}]},{"@type":"BreadcrumbList","@id":"https:\/\/novacom-ac.de\/fahrzeugtechnik#breadcrumb","itemListElement":[{"@type":"ListItem","position":1,"name":"Startseite","item":"https:\/\/novacom-ac.de\/"},{"@type":"ListItem","position":2,"name":"Fahrzeugtechnik"}]},{"@type":"WebSite","@id":"https:\/\/novacom-ac.de\/#website","url":"https:\/\/novacom-ac.de\/","name":"Novacom","description":"Faserverst\u00e4rkte Kunststoffe","potentialAction":[{"@type":"SearchAction","target":{"@type":"EntryPoint","urlTemplate":"https:\/\/novacom-ac.de\/?s={search_term_string}"},"query-input":{"@type":"PropertyValueSpecification","valueRequired":true,"valueName":"search_term_string"}}],"inLanguage":"fr-FR"}]}},"_links":{"self":[{"href":"https:\/\/novacom-ac.de\/fr\/wp-json\/wp\/v2\/pages\/145","targetHints":{"allow":["GET"]}}],"collection":[{"href":"https:\/\/novacom-ac.de\/fr\/wp-json\/wp\/v2\/pages"}],"about":[{"href":"https:\/\/novacom-ac.de\/fr\/wp-json\/wp\/v2\/types\/page"}],"author":[{"embeddable":true,"href":"https:\/\/novacom-ac.de\/fr\/wp-json\/wp\/v2\/users\/1"}],"replies":[{"embeddable":true,"href":"https:\/\/novacom-ac.de\/fr\/wp-json\/wp\/v2\/comments?post=145"}],"version-history":[{"count":14,"href":"https:\/\/novacom-ac.de\/fr\/wp-json\/wp\/v2\/pages\/145\/revisions"}],"predecessor-version":[{"id":423,"href":"https:\/\/novacom-ac.de\/fr\/wp-json\/wp\/v2\/pages\/145\/revisions\/423"}],"wp:attachment":[{"href":"https:\/\/novacom-ac.de\/fr\/wp-json\/wp\/v2\/media?parent=145"}],"curies":[{"name":"wp","href":"https:\/\/api.w.org\/{rel}","templated":true}]}}