{"id":109,"date":"2018-03-09T09:44:28","date_gmt":"2018-03-09T08:44:28","guid":{"rendered":"http:\/\/531-style.com\/?page_id=109"},"modified":"2018-04-20T07:19:37","modified_gmt":"2018-04-20T06:19:37","slug":"bauteilfertigung","status":"publish","type":"page","link":"https:\/\/novacom-ac.de\/fr\/bauteilfertigung","title":{"rendered":"Bauteilfertigung"},"content":{"rendered":"<blockquote><p><img loading=\"lazy\" decoding=\"async\" class=\"size-full wp-image-200 aligncenter\" src=\"http:\/\/novacom-ac.de\/wp-content\/uploads\/2018\/03\/IMG_6019-e1520632200179.jpg\" alt=\"\" width=\"750\" height=\"400\" \/><\/p>\n<p>Nous fabriquons des prototypes, des \u00e9chantillons d&#8217;essai, des pi\u00e8ces individuelles et des composants de s\u00e9rie \u00e0 partir d&#8217;une grande vari\u00e9t\u00e9 de mat\u00e9riaux composites.<\/p>\n<p>La gamme d&#8217;applications pour les composants fabriqu\u00e9s s&#8217;\u00e9tend des simples couvertures aux pi\u00e8ces de rev\u00eatement avec des exigences sp\u00e9ciales de protection contre l&#8217;incendie et des dalles semi-finies pr\u00e9cises jusqu&#8217;aux composants structurels porteurs. Les dimensions des composants peuvent \u00eatre de quelques centim\u00e8tres carr\u00e9s seulement, mais aussi de quelques m\u00e8tres carr\u00e9s. La plus petite structure que nous avons produite jusqu&#8217;\u00e0 pr\u00e9sent ne pesait que quelques grammes, la plus robuste 45 kg avec un volume d&#8217;environ 5 m\u00b3 et la plus grande environ 1.500 kg avec un espace converti de pr\u00e8s de 50 m\u00b3, qui pourrait \u00eatre augment\u00e9e d&#8217;environ 16 m\u00b3 si n\u00e9cessaire.<\/p>\n<p>Selon les besoins, diff\u00e9rents proc\u00e9d\u00e9s de fabrication sont utilis\u00e9s dans la production de pi\u00e8ces moul\u00e9es :<\/p>\n<ul>\n<li>RTM (moulage par transfert de r\u00e9sine)<\/li>\n<li>Lumi\u00e8re RTM<\/li>\n<li>Infusion sous vide<\/li>\n<li>Pressage humide<\/li>\n<li>Couchette \u00e0 main<\/li>\n<li>Arrosage<\/li>\n<li>\u00c8pissure<\/li>\n<\/ul>\n<p>Les moules n\u00e9gatifs n\u00e9cessaires \u00e0 la production de composants peuvent \u00eatre fabriqu\u00e9s par nos soins selon diff\u00e9rentes m\u00e9thodes de construction. Cependant, nous fabriquons \u00e9galement dans des moules et des outils fournis par le client.<\/p>\n","protected":false},"excerpt":{"rendered":"<p>Nous fabriquons des prototypes, des \u00e9chantillons d&#8217;essai, des pi\u00e8ces individuelles et des composants de s\u00e9rie \u00e0 partir d&#8217;une grande vari\u00e9t\u00e9 de mat\u00e9riaux [&hellip;]<\/p>\n","protected":false},"author":1,"featured_media":0,"parent":0,"menu_order":0,"comment_status":"closed","ping_status":"closed","template":"page-templates\/page_fullwidth.php","meta":{"_exactmetrics_skip_tracking":false,"_exactmetrics_sitenote_active":false,"_exactmetrics_sitenote_note":"","_exactmetrics_sitenote_category":0,"footnotes":""},"class_list":["post-109","page","type-page","status-publish","hentry"],"translation":{"provider":"WPGlobus","version":"3.0.0","language":"fr","enabled_languages":["de","gb","fr","nl"],"languages":{"de":{"title":true,"content":true,"excerpt":false},"gb":{"title":true,"content":true,"excerpt":false},"fr":{"title":false,"content":true,"excerpt":false},"nl":{"title":false,"content":true,"excerpt":false}}},"yoast_head":"<!-- This site is optimized with the Yoast SEO plugin v24.3 - https:\/\/yoast.com\/wordpress\/plugins\/seo\/ -->\n<title>- Novacom<\/title>\n<meta name=\"robots\" content=\"index, follow, max-snippet:-1, max-image-preview:large, max-video-preview:-1\" \/>\n<link rel=\"canonical\" href=\"https:\/\/novacom-ac.de\/nl\/bauteilfertigung\" \/>\n<meta property=\"og:locale\" content=\"fr_FR\" \/>\n<meta property=\"og:type\" content=\"article\" \/>\n<meta property=\"og:title\" content=\"- Novacom\" \/>\n<meta property=\"og:url\" content=\"https:\/\/novacom-ac.de\/nl\/bauteilfertigung\" \/>\n<meta property=\"og:site_name\" content=\"Novacom\" \/>\n<meta property=\"article:modified_time\" content=\"2018-04-20T06:19:37+00:00\" \/>\n<meta property=\"og:image\" content=\"http:\/\/novacom-ac.de\/wp-content\/uploads\/2018\/03\/IMG_6019-e1520632200179.jpg\" \/>\n<meta name=\"twitter:card\" content=\"summary_large_image\" \/>\n<meta name=\"twitter:label1\" content=\"Est. reading time\" \/>\n\t<meta name=\"twitter:data1\" content=\"3 minutes\" \/>\n<script type=\"application\/ld+json\" class=\"yoast-schema-graph\">{\"@context\":\"https:\/\/schema.org\",\"@graph\":[{\"@type\":\"WebPage\",\"@id\":\"https:\/\/novacom-ac.de\/nl\/bauteilfertigung\",\"url\":\"https:\/\/novacom-ac.de\/nl\/bauteilfertigung\",\"name\":\"- Novacom\",\"isPartOf\":{\"@id\":\"https:\/\/novacom-ac.de\/#website\"},\"primaryImageOfPage\":{\"@id\":\"https:\/\/novacom-ac.de\/nl\/bauteilfertigung#primaryimage\"},\"image\":{\"@id\":\"https:\/\/novacom-ac.de\/nl\/bauteilfertigung#primaryimage\"},\"thumbnailUrl\":\"http:\/\/novacom-ac.de\/wp-content\/uploads\/2018\/03\/IMG_6019-e1520632200179.jpg\",\"datePublished\":\"2018-03-09T08:44:28+00:00\",\"dateModified\":\"2018-04-20T06:19:37+00:00\",\"description\":\"Egal ob RTM, Vakuuminfusion oder Handlaminate. Wir finden f\u00fcr Sie das Passende Fertigungsverfahren. Dabei kann Kohlefaser (CFK) oder Glasfaser (GFK) zum Einsatz kommen. Wir fertigen ihre Faservert\u00e4rkten Kunstoffteile passgenau auf Sie zugeschnitten.\",\"breadcrumb\":{\"@id\":\"https:\/\/novacom-ac.de\/nl\/bauteilfertigung#breadcrumb\"},\"inLanguage\":\"fr-FR\",\"potentialAction\":[{\"@type\":\"ReadAction\",\"target\":[\"https:\/\/novacom-ac.de\/nl\/bauteilfertigung\"]}]},{\"@type\":\"ImageObject\",\"inLanguage\":\"fr-FR\",\"@id\":\"https:\/\/novacom-ac.de\/nl\/bauteilfertigung#primaryimage\",\"url\":\"http:\/\/novacom-ac.de\/wp-content\/uploads\/2018\/03\/IMG_6019-e1520632200179.jpg\",\"contentUrl\":\"http:\/\/novacom-ac.de\/wp-content\/uploads\/2018\/03\/IMG_6019-e1520632200179.jpg\"},{\"@type\":\"BreadcrumbList\",\"@id\":\"https:\/\/novacom-ac.de\/nl\/bauteilfertigung#breadcrumb\",\"itemListElement\":[{\"@type\":\"ListItem\",\"position\":1,\"name\":\"Startseite\",\"item\":\"https:\/\/novacom-ac.de\/\"},{\"@type\":\"ListItem\",\"position\":2,\"name\":\"Bauteilfertigung\"}]},{\"@type\":\"WebSite\",\"@id\":\"https:\/\/novacom-ac.de\/#website\",\"url\":\"https:\/\/novacom-ac.de\/\",\"name\":\"Novacom\",\"description\":\"Faserverst\u00e4rkte Kunststoffe\",\"potentialAction\":[{\"@type\":\"SearchAction\",\"target\":{\"@type\":\"EntryPoint\",\"urlTemplate\":\"https:\/\/novacom-ac.de\/?s={search_term_string}\"},\"query-input\":{\"@type\":\"PropertyValueSpecification\",\"valueRequired\":true,\"valueName\":\"search_term_string\"}}],\"inLanguage\":\"fr-FR\"}]}<\/script>\n<!-- \/ Yoast SEO plugin. -->","yoast_head_json":{"title":"- Novacom","robots":{"index":"index","follow":"follow","max-snippet":"max-snippet:-1","max-image-preview":"max-image-preview:large","max-video-preview":"max-video-preview:-1"},"canonical":"https:\/\/novacom-ac.de\/nl\/bauteilfertigung","og_locale":"fr_FR","og_type":"article","og_title":"- Novacom","og_url":"https:\/\/novacom-ac.de\/nl\/bauteilfertigung","og_site_name":"Novacom","article_modified_time":"2018-04-20T06:19:37+00:00","og_image":[{"url":"http:\/\/novacom-ac.de\/wp-content\/uploads\/2018\/03\/IMG_6019-e1520632200179.jpg","type":"","width":"","height":""}],"twitter_card":"summary_large_image","twitter_misc":{"Est. reading time":"3 minutes"},"schema":{"@context":"https:\/\/schema.org","@graph":[{"@type":"WebPage","@id":"https:\/\/novacom-ac.de\/nl\/bauteilfertigung","url":"https:\/\/novacom-ac.de\/nl\/bauteilfertigung","name":"- Novacom","isPartOf":{"@id":"https:\/\/novacom-ac.de\/#website"},"primaryImageOfPage":{"@id":"https:\/\/novacom-ac.de\/nl\/bauteilfertigung#primaryimage"},"image":{"@id":"https:\/\/novacom-ac.de\/nl\/bauteilfertigung#primaryimage"},"thumbnailUrl":"http:\/\/novacom-ac.de\/wp-content\/uploads\/2018\/03\/IMG_6019-e1520632200179.jpg","datePublished":"2018-03-09T08:44:28+00:00","dateModified":"2018-04-20T06:19:37+00:00","description":"Egal ob RTM, Vakuuminfusion oder Handlaminate. Wir finden f\u00fcr Sie das Passende Fertigungsverfahren. Dabei kann Kohlefaser (CFK) oder Glasfaser (GFK) zum Einsatz kommen. Wir fertigen ihre Faservert\u00e4rkten Kunstoffteile passgenau auf Sie zugeschnitten.","breadcrumb":{"@id":"https:\/\/novacom-ac.de\/nl\/bauteilfertigung#breadcrumb"},"inLanguage":"fr-FR","potentialAction":[{"@type":"ReadAction","target":["https:\/\/novacom-ac.de\/nl\/bauteilfertigung"]}]},{"@type":"ImageObject","inLanguage":"fr-FR","@id":"https:\/\/novacom-ac.de\/nl\/bauteilfertigung#primaryimage","url":"http:\/\/novacom-ac.de\/wp-content\/uploads\/2018\/03\/IMG_6019-e1520632200179.jpg","contentUrl":"http:\/\/novacom-ac.de\/wp-content\/uploads\/2018\/03\/IMG_6019-e1520632200179.jpg"},{"@type":"BreadcrumbList","@id":"https:\/\/novacom-ac.de\/nl\/bauteilfertigung#breadcrumb","itemListElement":[{"@type":"ListItem","position":1,"name":"Startseite","item":"https:\/\/novacom-ac.de\/"},{"@type":"ListItem","position":2,"name":"Bauteilfertigung"}]},{"@type":"WebSite","@id":"https:\/\/novacom-ac.de\/#website","url":"https:\/\/novacom-ac.de\/","name":"Novacom","description":"Faserverst\u00e4rkte Kunststoffe","potentialAction":[{"@type":"SearchAction","target":{"@type":"EntryPoint","urlTemplate":"https:\/\/novacom-ac.de\/?s={search_term_string}"},"query-input":{"@type":"PropertyValueSpecification","valueRequired":true,"valueName":"search_term_string"}}],"inLanguage":"fr-FR"}]}},"_links":{"self":[{"href":"https:\/\/novacom-ac.de\/fr\/wp-json\/wp\/v2\/pages\/109","targetHints":{"allow":["GET"]}}],"collection":[{"href":"https:\/\/novacom-ac.de\/fr\/wp-json\/wp\/v2\/pages"}],"about":[{"href":"https:\/\/novacom-ac.de\/fr\/wp-json\/wp\/v2\/types\/page"}],"author":[{"embeddable":true,"href":"https:\/\/novacom-ac.de\/fr\/wp-json\/wp\/v2\/users\/1"}],"replies":[{"embeddable":true,"href":"https:\/\/novacom-ac.de\/fr\/wp-json\/wp\/v2\/comments?post=109"}],"version-history":[{"count":17,"href":"https:\/\/novacom-ac.de\/fr\/wp-json\/wp\/v2\/pages\/109\/revisions"}],"predecessor-version":[{"id":421,"href":"https:\/\/novacom-ac.de\/fr\/wp-json\/wp\/v2\/pages\/109\/revisions\/421"}],"wp:attachment":[{"href":"https:\/\/novacom-ac.de\/fr\/wp-json\/wp\/v2\/media?parent=109"}],"curies":[{"name":"wp","href":"https:\/\/api.w.org\/{rel}","templated":true}]}}