{"id":106,"date":"2018-03-09T09:43:39","date_gmt":"2018-03-09T08:43:39","guid":{"rendered":"http:\/\/531-style.com\/?page_id=106"},"modified":"2018-04-20T08:10:58","modified_gmt":"2018-04-20T07:10:58","slug":"cad-konstruktion","status":"publish","type":"page","link":"https:\/\/novacom-ac.de\/fr\/cad-konstruktion","title":{"rendered":"CAD-Konstruktion"},"content":{"rendered":"<blockquote><p><img loading=\"lazy\" decoding=\"async\" class=\"size-full wp-image-223 aligncenter\" src=\"http:\/\/novacom-ac.de\/wp-content\/uploads\/2018\/03\/CAD3.jpg\" alt=\"\" width=\"743\" height=\"422\" srcset=\"https:\/\/novacom-ac.de\/wp-content\/uploads\/2018\/03\/CAD3.jpg 743w, https:\/\/novacom-ac.de\/wp-content\/uploads\/2018\/03\/CAD3-300x170.jpg 300w, https:\/\/novacom-ac.de\/wp-content\/uploads\/2018\/03\/CAD3-230x131.jpg 230w, https:\/\/novacom-ac.de\/wp-content\/uploads\/2018\/03\/CAD3-350x199.jpg 350w, https:\/\/novacom-ac.de\/wp-content\/uploads\/2018\/03\/CAD3-480x273.jpg 480w\" sizes=\"auto, (max-width: 743px) 100vw, 743px\" \/><\/p>\n<p>Les mat\u00e9riaux composites posent des exigences particuli\u00e8res en mati\u00e8re de conception CAO et de conception des composants. Gr\u00e2ce \u00e0 notre longue exp\u00e9rience dans ce groupe de mat\u00e9riaux, nous pouvons concevoir les composants en accordant une attention particuli\u00e8re \u00e0 la conception sp\u00e9cifique aux mat\u00e9riaux et \u00e0 la production.<\/p>\n<p>En concertation avec nos clients, nous r\u00e9alisons des constructions compl\u00e8tes ou adaptons les constructions existantes aux exigences du mat\u00e9riau. Dans ce cadre, la construction des moules s&#8217;effectue \u00e9galement directement avec nous. Gr\u00e2ce \u00e0 la vaste gamme de fabrication verticale, nous pouvons adapter de mani\u00e8re optimale les composants aux souhaits du client.<\/p><\/blockquote>\n","protected":false},"excerpt":{"rendered":"<p>Les mat\u00e9riaux composites posent des exigences particuli\u00e8res en mati\u00e8re de conception CAO et de conception des composants. Gr\u00e2ce \u00e0 notre longue exp\u00e9rience [&hellip;]<\/p>\n","protected":false},"author":1,"featured_media":0,"parent":0,"menu_order":0,"comment_status":"closed","ping_status":"closed","template":"page-templates\/page_fullwidth.php","meta":{"_exactmetrics_skip_tracking":false,"_exactmetrics_sitenote_active":false,"_exactmetrics_sitenote_note":"","_exactmetrics_sitenote_category":0,"footnotes":""},"class_list":["post-106","page","type-page","status-publish","hentry"],"translation":{"provider":"WPGlobus","version":"3.0.0","language":"fr","enabled_languages":["de","gb","fr","nl"],"languages":{"de":{"title":true,"content":true,"excerpt":false},"gb":{"title":true,"content":true,"excerpt":false},"fr":{"title":false,"content":true,"excerpt":false},"nl":{"title":false,"content":true,"excerpt":false}}},"yoast_head":"<!-- This site is optimized with the Yoast SEO plugin v24.3 - https:\/\/yoast.com\/wordpress\/plugins\/seo\/ -->\n<title>- Novacom<\/title>\n<meta name=\"robots\" content=\"index, follow, max-snippet:-1, max-image-preview:large, max-video-preview:-1\" \/>\n<link rel=\"canonical\" href=\"https:\/\/novacom-ac.de\/cad-konstruktion\" \/>\n<meta property=\"og:locale\" content=\"fr_FR\" \/>\n<meta property=\"og:type\" content=\"article\" \/>\n<meta property=\"og:title\" content=\"- Novacom\" \/>\n<meta property=\"og:url\" content=\"https:\/\/novacom-ac.de\/cad-konstruktion\" \/>\n<meta property=\"og:site_name\" content=\"Novacom\" \/>\n<meta property=\"article:modified_time\" content=\"2018-04-20T07:10:58+00:00\" \/>\n<meta property=\"og:image\" content=\"http:\/\/novacom-ac.de\/wp-content\/uploads\/2018\/03\/CAD3.jpg\" \/>\n<meta name=\"twitter:card\" content=\"summary_large_image\" \/>\n<meta name=\"twitter:label1\" content=\"Est. reading time\" \/>\n\t<meta name=\"twitter:data1\" content=\"2 minutes\" \/>\n<script type=\"application\/ld+json\" class=\"yoast-schema-graph\">{\"@context\":\"https:\/\/schema.org\",\"@graph\":[{\"@type\":\"WebPage\",\"@id\":\"https:\/\/novacom-ac.de\/cad-konstruktion\",\"url\":\"https:\/\/novacom-ac.de\/cad-konstruktion\",\"name\":\"- Novacom\",\"isPartOf\":{\"@id\":\"https:\/\/novacom-ac.de\/#website\"},\"primaryImageOfPage\":{\"@id\":\"https:\/\/novacom-ac.de\/cad-konstruktion#primaryimage\"},\"image\":{\"@id\":\"https:\/\/novacom-ac.de\/cad-konstruktion#primaryimage\"},\"thumbnailUrl\":\"http:\/\/novacom-ac.de\/wp-content\/uploads\/2018\/03\/CAD3.jpg\",\"datePublished\":\"2018-03-09T08:43:39+00:00\",\"dateModified\":\"2018-04-20T07:10:58+00:00\",\"description\":\"Wir k\u00f6nnen nach Ihren Vorgaben die CAD-Konstruktion von Bauteilen f\u00fcr Sie \u00fcbernehmen. Durch unsere jahrelange Erfahrung in Faserverst\u00e4rkten Kunststoffen, sind wir in der Lage Ihre Bauteile Fasergerecht in CFK oder GFK auszuf\u00fchren\",\"breadcrumb\":{\"@id\":\"https:\/\/novacom-ac.de\/cad-konstruktion#breadcrumb\"},\"inLanguage\":\"fr-FR\",\"potentialAction\":[{\"@type\":\"ReadAction\",\"target\":[\"https:\/\/novacom-ac.de\/cad-konstruktion\"]}]},{\"@type\":\"ImageObject\",\"inLanguage\":\"fr-FR\",\"@id\":\"https:\/\/novacom-ac.de\/cad-konstruktion#primaryimage\",\"url\":\"http:\/\/novacom-ac.de\/wp-content\/uploads\/2018\/03\/CAD3.jpg\",\"contentUrl\":\"http:\/\/novacom-ac.de\/wp-content\/uploads\/2018\/03\/CAD3.jpg\"},{\"@type\":\"BreadcrumbList\",\"@id\":\"https:\/\/novacom-ac.de\/cad-konstruktion#breadcrumb\",\"itemListElement\":[{\"@type\":\"ListItem\",\"position\":1,\"name\":\"Startseite\",\"item\":\"https:\/\/novacom-ac.de\/\"},{\"@type\":\"ListItem\",\"position\":2,\"name\":\"CAD-Konstruktion\"}]},{\"@type\":\"WebSite\",\"@id\":\"https:\/\/novacom-ac.de\/#website\",\"url\":\"https:\/\/novacom-ac.de\/\",\"name\":\"Novacom\",\"description\":\"Faserverst\u00e4rkte Kunststoffe\",\"potentialAction\":[{\"@type\":\"SearchAction\",\"target\":{\"@type\":\"EntryPoint\",\"urlTemplate\":\"https:\/\/novacom-ac.de\/?s={search_term_string}\"},\"query-input\":{\"@type\":\"PropertyValueSpecification\",\"valueRequired\":true,\"valueName\":\"search_term_string\"}}],\"inLanguage\":\"fr-FR\"}]}<\/script>\n<!-- \/ Yoast SEO plugin. -->","yoast_head_json":{"title":"- Novacom","robots":{"index":"index","follow":"follow","max-snippet":"max-snippet:-1","max-image-preview":"max-image-preview:large","max-video-preview":"max-video-preview:-1"},"canonical":"https:\/\/novacom-ac.de\/cad-konstruktion","og_locale":"fr_FR","og_type":"article","og_title":"- Novacom","og_url":"https:\/\/novacom-ac.de\/cad-konstruktion","og_site_name":"Novacom","article_modified_time":"2018-04-20T07:10:58+00:00","og_image":[{"url":"http:\/\/novacom-ac.de\/wp-content\/uploads\/2018\/03\/CAD3.jpg","type":"","width":"","height":""}],"twitter_card":"summary_large_image","twitter_misc":{"Est. reading time":"2 minutes"},"schema":{"@context":"https:\/\/schema.org","@graph":[{"@type":"WebPage","@id":"https:\/\/novacom-ac.de\/cad-konstruktion","url":"https:\/\/novacom-ac.de\/cad-konstruktion","name":"- Novacom","isPartOf":{"@id":"https:\/\/novacom-ac.de\/#website"},"primaryImageOfPage":{"@id":"https:\/\/novacom-ac.de\/cad-konstruktion#primaryimage"},"image":{"@id":"https:\/\/novacom-ac.de\/cad-konstruktion#primaryimage"},"thumbnailUrl":"http:\/\/novacom-ac.de\/wp-content\/uploads\/2018\/03\/CAD3.jpg","datePublished":"2018-03-09T08:43:39+00:00","dateModified":"2018-04-20T07:10:58+00:00","description":"Wir k\u00f6nnen nach Ihren Vorgaben die CAD-Konstruktion von Bauteilen f\u00fcr Sie \u00fcbernehmen. Durch unsere jahrelange Erfahrung in Faserverst\u00e4rkten Kunststoffen, sind wir in der Lage Ihre Bauteile Fasergerecht in CFK oder GFK auszuf\u00fchren","breadcrumb":{"@id":"https:\/\/novacom-ac.de\/cad-konstruktion#breadcrumb"},"inLanguage":"fr-FR","potentialAction":[{"@type":"ReadAction","target":["https:\/\/novacom-ac.de\/cad-konstruktion"]}]},{"@type":"ImageObject","inLanguage":"fr-FR","@id":"https:\/\/novacom-ac.de\/cad-konstruktion#primaryimage","url":"http:\/\/novacom-ac.de\/wp-content\/uploads\/2018\/03\/CAD3.jpg","contentUrl":"http:\/\/novacom-ac.de\/wp-content\/uploads\/2018\/03\/CAD3.jpg"},{"@type":"BreadcrumbList","@id":"https:\/\/novacom-ac.de\/cad-konstruktion#breadcrumb","itemListElement":[{"@type":"ListItem","position":1,"name":"Startseite","item":"https:\/\/novacom-ac.de\/"},{"@type":"ListItem","position":2,"name":"CAD-Konstruktion"}]},{"@type":"WebSite","@id":"https:\/\/novacom-ac.de\/#website","url":"https:\/\/novacom-ac.de\/","name":"Novacom","description":"Faserverst\u00e4rkte Kunststoffe","potentialAction":[{"@type":"SearchAction","target":{"@type":"EntryPoint","urlTemplate":"https:\/\/novacom-ac.de\/?s={search_term_string}"},"query-input":{"@type":"PropertyValueSpecification","valueRequired":true,"valueName":"search_term_string"}}],"inLanguage":"fr-FR"}]}},"_links":{"self":[{"href":"https:\/\/novacom-ac.de\/fr\/wp-json\/wp\/v2\/pages\/106","targetHints":{"allow":["GET"]}}],"collection":[{"href":"https:\/\/novacom-ac.de\/fr\/wp-json\/wp\/v2\/pages"}],"about":[{"href":"https:\/\/novacom-ac.de\/fr\/wp-json\/wp\/v2\/types\/page"}],"author":[{"embeddable":true,"href":"https:\/\/novacom-ac.de\/fr\/wp-json\/wp\/v2\/users\/1"}],"replies":[{"embeddable":true,"href":"https:\/\/novacom-ac.de\/fr\/wp-json\/wp\/v2\/comments?post=106"}],"version-history":[{"count":16,"href":"https:\/\/novacom-ac.de\/fr\/wp-json\/wp\/v2\/pages\/106\/revisions"}],"predecessor-version":[{"id":364,"href":"https:\/\/novacom-ac.de\/fr\/wp-json\/wp\/v2\/pages\/106\/revisions\/364"}],"wp:attachment":[{"href":"https:\/\/novacom-ac.de\/fr\/wp-json\/wp\/v2\/media?parent=106"}],"curies":[{"name":"wp","href":"https:\/\/api.w.org\/{rel}","templated":true}]}}